{"id":103810,"date":"2023-11-03T13:47:39","date_gmt":"2023-11-03T12:47:39","guid":{"rendered":"https:\/\/pipat-antiquites.fr\/?post_type=product&#038;p=103810"},"modified":"2024-03-12T18:42:43","modified_gmt":"2024-03-12T17:42:43","slug":"important-bronze-animalier-bronze-de-vienne-estampille-geschutzt-xix-19-siecle","status":"publish","type":"product","link":"https:\/\/pipat-antiquites.fr\/fr\/objets\/important-bronze-animalier-bronze-de-vienne-estampille-geschutzt-xix-19-siecle\/","title":{"rendered":"Important bronze de Vienne, estampill\u00e9 Geschutzt, XIXe si\u00e8cle"},"content":{"rendered":"<div class=\"wpb-content-wrapper\"><p>[vc_row][vc_column column_width_percent=\u00a0\u00bb100&Prime; gutter_size=\u00a0\u00bb3&Prime; override_padding=\u00a0\u00bbyes\u00a0\u00bb column_padding=\u00a0\u00bb3&Prime; overlay_alpha=\u00a0\u00bb50&Prime; shift_x=\u00a0\u00bb0&Prime; shift_y=\u00a0\u00bb0&Prime; shift_y_down=\u00a0\u00bb0&Prime; z_index=\u00a0\u00bb0&Prime; medium_width=\u00a0\u00bb0&Prime; mobile_width=\u00a0\u00bb0&Prime; width=\u00a0\u00bb1\/1&Prime; uncode_shortcode_id=\u00a0\u00bb288504&Prime;][vc_custom_heading text_weight=\u00a0\u00bb300&Prime; uncode_shortcode_id=\u00a0\u00bb387419&Prime;]Important bronze de Vienne, estampill\u00e9 Geschutzt, XIXe si\u00e8cle[\/vc_custom_heading][vc_column_text uncode_shortcode_id=\u00a0\u00bb471734&Prime;]Rares sont les bronzes de Vienne d\u2019une taille si cons\u00e9quente mais tout est ici r\u00e9unit pour faire de cette pi\u00e8ce un tr\u00e8s bel objet d\u2019art. Ce faisan de bronze \u00e0 la ciselure parfaite est comme il se doit rehauss\u00e9 de quelques touches de couleurs renfor\u00e7ant son naturalisme et, surtout, attestant de son origine autrichienne. La sculpture en bronze, d\u2019une grande finesse, est tout \u00e0 fait caract\u00e9ristique de la plus belle production du XIXe si\u00e8cle. Attestant de sa qualit\u00e9, l\u2019estampille Geschutzt sous la queue de l\u2019oiseau garantit de sa provenance.[\/vc_column_text][\/vc_column][\/vc_row]<\/p>\n<\/div>","protected":false},"excerpt":{"rendered":"<p style=\"text-align: center;\">Bronze animalier ancien en parfait \u00e9tat.<\/p>\n<p style=\"text-align: center;\">Dimensions :<\/p>\n<ul>\n<li style=\"text-align: center;\">Hauteur : 26 cm<br \/>\nLongueur : 45 cm<br \/>\nLargeur : 10 cm<\/li>\n<\/ul>\n","protected":false},"featured_media":103796,"template":"","meta":{"_seopress_robots_primary_cat":"none","_seopress_titles_title":"Important bronze de Vienne, estampill\u00e9 Geschutzt, XIXe si\u00e8cle","_seopress_titles_desc":"Bronze animalier ancien en parfait \u00e9tat.","_seopress_robots_index":"","content-type":""},"product_brand":[],"product_cat":[77,122,188],"product_tag":[150,252],"class_list":{"0":"post-103810","1":"product","2":"type-product","3":"status-publish","4":"has-post-thumbnail","6":"product_cat-beaux-arts","7":"product_cat-sculptures","8":"product_cat-bronze","9":"product_tag-bronze","10":"product_tag-xixe-siecle","11":"product_shipping_class-niveau-2","13":"first","14":"outofstock","15":"shipping-taxable","16":"purchasable","17":"product-type-simple","18":"add-to-wishlist-after_add_to_cart"},"_links":{"self":[{"href":"https:\/\/pipat-antiquites.fr\/fr\/wp-json\/wp\/v2\/product\/103810","targetHints":{"allow":["GET"]}}],"collection":[{"href":"https:\/\/pipat-antiquites.fr\/fr\/wp-json\/wp\/v2\/product"}],"about":[{"href":"https:\/\/pipat-antiquites.fr\/fr\/wp-json\/wp\/v2\/types\/product"}],"wp:featuredmedia":[{"embeddable":true,"href":"https:\/\/pipat-antiquites.fr\/fr\/wp-json\/wp\/v2\/media\/103796"}],"wp:attachment":[{"href":"https:\/\/pipat-antiquites.fr\/fr\/wp-json\/wp\/v2\/media?parent=103810"}],"wp:term":[{"taxonomy":"product_brand","embeddable":true,"href":"https:\/\/pipat-antiquites.fr\/fr\/wp-json\/wp\/v2\/product_brand?post=103810"},{"taxonomy":"product_cat","embeddable":true,"href":"https:\/\/pipat-antiquites.fr\/fr\/wp-json\/wp\/v2\/product_cat?post=103810"},{"taxonomy":"product_tag","embeddable":true,"href":"https:\/\/pipat-antiquites.fr\/fr\/wp-json\/wp\/v2\/product_tag?post=103810"}],"curies":[{"name":"wp","href":"https:\/\/api.w.org\/{rel}","templated":true}]}}