{"id":103710,"date":"2020-10-25T12:17:18","date_gmt":"2020-10-25T11:17:18","guid":{"rendered":"https:\/\/pipat-antiquites.fr\/?post_type=product&#038;p=103710"},"modified":"2024-01-10T17:20:58","modified_gmt":"2024-01-10T16:20:58","slug":"petit-bronze-animalier-figurant-un-insecte-lucane-entomologie-xix-19-siecle","status":"publish","type":"product","link":"https:\/\/pipat-antiquites.fr\/fr\/objets\/petit-bronze-animalier-figurant-un-insecte-lucane-entomologie-xix-19-siecle\/","title":{"rendered":"Petit bronze figurant un lucane, XIXe si\u00e8cle"},"content":{"rendered":"<div class=\"wpb-content-wrapper\"><p>[vc_row][vc_column column_width_percent=\u00a0\u00bb100&Prime; gutter_size=\u00a0\u00bb3&Prime; override_padding=\u00a0\u00bbyes\u00a0\u00bb column_padding=\u00a0\u00bb3&Prime; overlay_alpha=\u00a0\u00bb50&Prime; shift_x=\u00a0\u00bb0&Prime; shift_y=\u00a0\u00bb0&Prime; shift_y_down=\u00a0\u00bb0&Prime; z_index=\u00a0\u00bb0&Prime; medium_width=\u00a0\u00bb0&Prime; mobile_width=\u00a0\u00bb0&Prime; width=\u00a0\u00bb1\/1&Prime; uncode_shortcode_id=\u00a0\u00bb204002&Prime;][vc_custom_heading text_weight=\u00a0\u00bb300&Prime; uncode_shortcode_id=\u00a0\u00bb444348&Prime;]Petit bronze figurant un lucane, XIXe si\u00e8cle[\/vc_custom_heading][vc_column_text uncode_shortcode_id=\u00a0\u00bb150713&Prime;]Amis entomologistes, amateurs d\u2019insectes aux noms po\u00e9tiques, ce petit bronze d\u00e9coratif est pour vous ! Ce joli col\u00e9opt\u00e8re aussi connu sous le nom de lucane cerf-volant lorsque c\u2019est un m\u00e2le &#8211; \u00e0 cause de ses imposantes mandibules faisant penser au cervid\u00e9 &#8211; est admirablement cisel\u00e9 et d\u00e9pos\u00e9 de mani\u00e8re naturaliste sur une feuille de ch\u00eane peint en vert. Notez que les femelles qui ne sont pas pourvues de mandibules sont appel\u00e9es Grandes Biches ! \u2028L\u2019ensemble en parfait \u00e9tat forme une sc\u00e8ne ravissante et po\u00e9tique.[\/vc_column_text][\/vc_column][\/vc_row]<\/p>\n<\/div>","protected":false},"excerpt":{"rendered":"<p style=\"text-align: center;\">Bronze animalier d&rsquo;insecte dans le go\u00fbt naturaliste.<\/p>\n<p style=\"text-align: center;\">Dimensions :<\/p>\n<ul>\n<li style=\"text-align: center;\">Hauteur : 2 cm<br \/>\nLargeur : 8 cm<br \/>\nLongueur : 14 cm<\/li>\n<\/ul>\n","protected":false},"featured_media":103700,"template":"","meta":{"_seopress_robots_primary_cat":"none","_seopress_titles_title":"Petit bronze figurant un lucane, XIXe si\u00e8cle ","_seopress_titles_desc":"Bronze animalier d&#039;insecte dans le go\u00fbt naturaliste. ","_seopress_robots_index":"","content-type":""},"product_brand":[],"product_cat":[188,231,76,77,118,122],"product_tag":[],"class_list":{"0":"post-103710","1":"product","2":"type-product","3":"status-publish","4":"has-post-thumbnail","6":"product_cat-bronze","7":"product_cat-objets-de-curiosite","8":"product_cat-objets","9":"product_cat-beaux-arts","10":"product_cat-objets-de-collection","11":"product_cat-sculptures","12":"product_shipping_class-niveau-1","14":"first","15":"outofstock","16":"shipping-taxable","17":"purchasable","18":"product-type-simple","19":"add-to-wishlist-after_add_to_cart"},"_links":{"self":[{"href":"https:\/\/pipat-antiquites.fr\/fr\/wp-json\/wp\/v2\/product\/103710","targetHints":{"allow":["GET"]}}],"collection":[{"href":"https:\/\/pipat-antiquites.fr\/fr\/wp-json\/wp\/v2\/product"}],"about":[{"href":"https:\/\/pipat-antiquites.fr\/fr\/wp-json\/wp\/v2\/types\/product"}],"wp:featuredmedia":[{"embeddable":true,"href":"https:\/\/pipat-antiquites.fr\/fr\/wp-json\/wp\/v2\/media\/103700"}],"wp:attachment":[{"href":"https:\/\/pipat-antiquites.fr\/fr\/wp-json\/wp\/v2\/media?parent=103710"}],"wp:term":[{"taxonomy":"product_brand","embeddable":true,"href":"https:\/\/pipat-antiquites.fr\/fr\/wp-json\/wp\/v2\/product_brand?post=103710"},{"taxonomy":"product_cat","embeddable":true,"href":"https:\/\/pipat-antiquites.fr\/fr\/wp-json\/wp\/v2\/product_cat?post=103710"},{"taxonomy":"product_tag","embeddable":true,"href":"https:\/\/pipat-antiquites.fr\/fr\/wp-json\/wp\/v2\/product_tag?post=103710"}],"curies":[{"name":"wp","href":"https:\/\/api.w.org\/{rel}","templated":true}]}}