{"id":103554,"date":"2023-10-03T12:54:43","date_gmt":"2023-10-03T10:54:43","guid":{"rendered":"https:\/\/pipat-antiquites.fr\/?post_type=product&#038;p=103554"},"modified":"2024-12-03T18:13:02","modified_gmt":"2024-12-03T17:13:02","slug":"paire-de-cabinets-fin-renaissance-xvii-17-siecle","status":"publish","type":"product","link":"https:\/\/pipat-antiquites.fr\/fr\/objets\/paire-de-cabinets-fin-renaissance-xvii-17-siecle\/","title":{"rendered":"Un Cabinet Hispano-Hollandais, fin Renaissance, XVIIe si\u00e8cle"},"content":{"rendered":"<div class=\"wpb-content-wrapper\"><p>[vc_row][vc_column column_width_percent=\u00a0\u00bb100&Prime; gutter_size=\u00a0\u00bb3&Prime; override_padding=\u00a0\u00bbyes\u00a0\u00bb column_padding=\u00a0\u00bb3&Prime; overlay_alpha=\u00a0\u00bb50&Prime; shift_x=\u00a0\u00bb0&Prime; shift_y=\u00a0\u00bb0&Prime; shift_y_down=\u00a0\u00bb0&Prime; z_index=\u00a0\u00bb0&Prime; medium_width=\u00a0\u00bb0&Prime; mobile_width=\u00a0\u00bb0&Prime; width=\u00a0\u00bb1\/1&Prime; uncode_shortcode_id=\u00a0\u00bb928718&Prime;][vc_custom_heading text_weight=\u00a0\u00bb300&Prime; uncode_shortcode_id=\u00a0\u00bb128146&Prime;]Un Cabinet Hispano-Hollandais, fin Renaissance, XVIIe si\u00e8cle[\/vc_custom_heading][vc_column_text uncode_shortcode_id=\u00a0\u00bb463438&Prime;]Ce meuble de prestige est ici pr\u00e9sent\u00e9 sur son pi\u00e9destal. Sur son b\u00e2ti, un placage d\u2019\u00e9cailles de tortue, de bois noirci et de tablettes d\u2019ivoire grav\u00e9es de rinceaux et de sc\u00e8nes cyn\u00e9g\u00e9tiques &#8211; tr\u00e8s \u00e0 la mode \u00e0 l\u2019\u00e9poque &#8211; habille les tiroirs. L\u2019ensemble remarquable, probablement hispanique, pr\u00e9sente des entr\u00e9es de serrure des coins et des clous \u00e0 t\u00eate orf\u00e8vr\u00e9e \u00e0 motif de fleurette en laiton, ponctuant et enrichissant les 18 tiroirs et fa\u00e7ade.[\/vc_column_text][\/vc_column][\/vc_row]<\/p>\n<\/div>","protected":false},"excerpt":{"rendered":"<p style=\"text-align: center;\">Cabinet en \u00e9cailles de tortue, ivoire et bois noirci. Vendu avec son pi\u00e8tement. Ensemble en tr\u00e8s bon \u00e9tat.<\/p>\n<p style=\"text-align: center;\">Dimensions sans pi\u00e8tement :<\/p>\n<ul style=\"text-align: center;\">\n<li>Hauteur : 64 cm<br \/>\nLargeur : 104.5 cm<br \/>\nProfondeur : 37 cm<\/li>\n<\/ul>\n<p style=\"text-align: center;\">Dimensions avec pi\u00e8tement :<\/p>\n<ul>\n<li style=\"text-align: center;\">Hauteur : 154.2 cm<br \/>\nLargeur : 123.5 cm<br \/>\nProfondeur : 45 cm<\/li>\n<\/ul>\n","protected":false},"featured_media":103532,"template":"","meta":{"_seopress_robots_primary_cat":"none","_seopress_titles_title":"Un Cabinet Hispano-Hollandais, fin Renaissance, XVIIe si\u00e8cle","_seopress_titles_desc":"Cabinet en \u00e9cailles de tortue, ivoire et bois noirci. Vendu avec son pi\u00e8tement. Ensemble en tr\u00e8s bon \u00e9tat.","_seopress_robots_index":"","content-type":""},"product_brand":[],"product_cat":[69,106,128],"product_tag":[249],"class_list":{"0":"post-103554","1":"product","2":"type-product","3":"status-publish","4":"has-post-thumbnail","6":"product_cat-mobilier","7":"product_cat-meubles","8":"product_cat-cabinets","9":"product_tag-xviie-siecle","11":"first","12":"instock","13":"shipping-taxable","14":"product-type-simple","15":"add-to-wishlist-after_add_to_cart"},"_links":{"self":[{"href":"https:\/\/pipat-antiquites.fr\/fr\/wp-json\/wp\/v2\/product\/103554","targetHints":{"allow":["GET"]}}],"collection":[{"href":"https:\/\/pipat-antiquites.fr\/fr\/wp-json\/wp\/v2\/product"}],"about":[{"href":"https:\/\/pipat-antiquites.fr\/fr\/wp-json\/wp\/v2\/types\/product"}],"wp:featuredmedia":[{"embeddable":true,"href":"https:\/\/pipat-antiquites.fr\/fr\/wp-json\/wp\/v2\/media\/103532"}],"wp:attachment":[{"href":"https:\/\/pipat-antiquites.fr\/fr\/wp-json\/wp\/v2\/media?parent=103554"}],"wp:term":[{"taxonomy":"product_brand","embeddable":true,"href":"https:\/\/pipat-antiquites.fr\/fr\/wp-json\/wp\/v2\/product_brand?post=103554"},{"taxonomy":"product_cat","embeddable":true,"href":"https:\/\/pipat-antiquites.fr\/fr\/wp-json\/wp\/v2\/product_cat?post=103554"},{"taxonomy":"product_tag","embeddable":true,"href":"https:\/\/pipat-antiquites.fr\/fr\/wp-json\/wp\/v2\/product_tag?post=103554"}],"curies":[{"name":"wp","href":"https:\/\/api.w.org\/{rel}","templated":true}]}}