{"id":103476,"date":"2023-09-29T12:56:40","date_gmt":"2023-09-29T10:56:40","guid":{"rendered":"https:\/\/pipat-antiquites.fr\/?post_type=product&#038;p=103476"},"modified":"2023-09-29T13:01:05","modified_gmt":"2023-09-29T11:01:05","slug":"corbeille-de-fruits-en-faience-blanche-de-malicorne-xx-20-siecle","status":"publish","type":"product","link":"https:\/\/pipat-antiquites.fr\/fr\/objets\/corbeille-de-fruits-en-faience-blanche-de-malicorne-xx-20-siecle\/","title":{"rendered":"Corbeille de fruits en fa\u00efence de Malicorne, XXe si\u00e8cle"},"content":{"rendered":"<div class=\"wpb-content-wrapper\"><p>[vc_row][vc_column column_width_percent=\u00a0\u00bb100&Prime; gutter_size=\u00a0\u00bb3&Prime; override_padding=\u00a0\u00bbyes\u00a0\u00bb column_padding=\u00a0\u00bb3&Prime; overlay_alpha=\u00a0\u00bb50&Prime; shift_x=\u00a0\u00bb0&Prime; shift_y=\u00a0\u00bb0&Prime; shift_y_down=\u00a0\u00bb0&Prime; z_index=\u00a0\u00bb0&Prime; medium_width=\u00a0\u00bb0&Prime; mobile_width=\u00a0\u00bb0&Prime; width=\u00a0\u00bb1\/1&Prime; uncode_shortcode_id=\u00a0\u00bb142100&Prime;][vc_custom_heading text_weight=\u00a0\u00bb300&Prime; uncode_shortcode_id=\u00a0\u00bb683743&Prime;]Corbeille de fruits en fa\u00efence de Malicorne, XXe si\u00e8cle[\/vc_custom_heading][vc_column_text uncode_shortcode_id=\u00a0\u00bb344792&Prime;]En 1747, Jean Loiseau fonde dans la Sarthe une fa\u00efencerie promise \u00e0 un bel avenir. En plus d\u2019une production r\u00e9serv\u00e9e \u00e0 l\u2019usage domestique (plats, assiettes, r\u00f4tissoires et autres ustensiles de cuisine), ses ouvriers qualifi\u00e9s forment des fa\u00efences d\u00e9cor\u00e9es dans le go\u00fbt de Rouen et de Nevers. D\u00e8s la fin du XVIIIe et au XIXe si\u00e8cle, deux autres fa\u00efenceries viennent enrichir la production du premier atelier. Outre des pi\u00e8ces de couleurs aux formes rustiques, parfois na\u00efves et souvent po\u00e9tiques, d\u2019autres pi\u00e8ces ajour\u00e9es font la c\u00e9l\u00e9brit\u00e9 de Malicorne.\u2028 Surtout, \u00e0 partir de 1924, les Fa\u00efenceries d\u2019Art de Malicorne reprennent les motifs devenus classiques de grandes fa\u00efenceries fran\u00e7aises ou europ\u00e9ennes du XVIIIe si\u00e8cle. Des pi\u00e8ces raffin\u00e9es, \u00e9pur\u00e9es et d\u00e9licates sortent ainsi des fours de la manufacture, dont notre panier de fruits est particuli\u00e8rement repr\u00e9sentatif.<\/p>\n<ul>\n<li>Prix de livraison en France m\u00e9tropolitaine : 35\u20ac<br \/>\nPrix de livraison en Europe : 55\u20ac<br \/>\nPrix de livraison autres destination : 75\u20ac<\/li>\n<\/ul>\n<p>[\/vc_column_text][\/vc_column][\/vc_row]<\/p>\n<\/div>","protected":false},"excerpt":{"rendered":"<p style=\"text-align: center;\">Fa\u00efence authentique et ancienne en tr\u00e8s bon \u00e9tat.<\/p>\n<p style=\"text-align: center;\">Dimensions :<\/p>\n<ul>\n<li style=\"text-align: center;\">Hauteur : 27 cm<br \/>\nLargeur : 25 cm<br \/>\nLongueur : 40 cm<\/li>\n<\/ul>\n","protected":false},"featured_media":103459,"template":"","meta":{"_seopress_robots_primary_cat":"none","_seopress_titles_title":"Corbeille de fruits en fa\u00efence de Malicorne, XXe si\u00e8cle ","_seopress_titles_desc":"Fa\u00efence authentique et ancienne en tr\u00e8s bon \u00e9tat.","_seopress_robots_index":"","content-type":""},"product_brand":[],"product_cat":[76,115,219],"product_tag":[],"class_list":{"0":"post-103476","1":"product","2":"type-product","3":"status-publish","4":"has-post-thumbnail","6":"product_cat-objets","7":"product_cat-ceramique","8":"product_cat-vases-et-objets-decoratifs-en-faience","9":"product_shipping_class-niveau-2","11":"first","12":"instock","13":"shipping-taxable","14":"purchasable","15":"product-type-simple","16":"add-to-wishlist-after_add_to_cart"},"_links":{"self":[{"href":"https:\/\/pipat-antiquites.fr\/fr\/wp-json\/wp\/v2\/product\/103476","targetHints":{"allow":["GET"]}}],"collection":[{"href":"https:\/\/pipat-antiquites.fr\/fr\/wp-json\/wp\/v2\/product"}],"about":[{"href":"https:\/\/pipat-antiquites.fr\/fr\/wp-json\/wp\/v2\/types\/product"}],"wp:featuredmedia":[{"embeddable":true,"href":"https:\/\/pipat-antiquites.fr\/fr\/wp-json\/wp\/v2\/media\/103459"}],"wp:attachment":[{"href":"https:\/\/pipat-antiquites.fr\/fr\/wp-json\/wp\/v2\/media?parent=103476"}],"wp:term":[{"taxonomy":"product_brand","embeddable":true,"href":"https:\/\/pipat-antiquites.fr\/fr\/wp-json\/wp\/v2\/product_brand?post=103476"},{"taxonomy":"product_cat","embeddable":true,"href":"https:\/\/pipat-antiquites.fr\/fr\/wp-json\/wp\/v2\/product_cat?post=103476"},{"taxonomy":"product_tag","embeddable":true,"href":"https:\/\/pipat-antiquites.fr\/fr\/wp-json\/wp\/v2\/product_tag?post=103476"}],"curies":[{"name":"wp","href":"https:\/\/api.w.org\/{rel}","templated":true}]}}