{"id":103451,"date":"2023-09-26T19:25:47","date_gmt":"2023-09-26T17:25:47","guid":{"rendered":"https:\/\/pipat-antiquites.fr\/?post_type=product&#038;p=103451"},"modified":"2025-04-15T11:19:50","modified_gmt":"2025-04-15T09:19:50","slug":"garniture-de-cheminee-bronze-porcelainedans-le-gout-de-sevres-xix-19-siecle","status":"publish","type":"product","link":"https:\/\/pipat-antiquites.fr\/fr\/objets\/garniture-de-cheminee-bronze-porcelainedans-le-gout-de-sevres-xix-19-siecle\/","title":{"rendered":"Garniture de chemin\u00e9e dans le go\u00fbt de S\u00e8vres, XIXe si\u00e8cle"},"content":{"rendered":"<div class=\"wpb-content-wrapper\"><p>[vc_row][vc_column column_width_percent=\u00a0\u00bb100&Prime; gutter_size=\u00a0\u00bb3&Prime; override_padding=\u00a0\u00bbyes\u00a0\u00bb column_padding=\u00a0\u00bb3&Prime; overlay_alpha=\u00a0\u00bb50&Prime; shift_x=\u00a0\u00bb0&Prime; shift_y=\u00a0\u00bb0&Prime; shift_y_down=\u00a0\u00bb0&Prime; z_index=\u00a0\u00bb0&Prime; medium_width=\u00a0\u00bb0&Prime; mobile_width=\u00a0\u00bb0&Prime; width=\u00a0\u00bb1\/1&Prime; uncode_shortcode_id=\u00a0\u00bb195635&Prime;][vc_custom_heading text_weight=\u00a0\u00bb300&Prime; uncode_shortcode_id=\u00a0\u00bb107676&Prime;]Garniture de chemin\u00e9e dans le go\u00fbt de S\u00e8vres, XIXe si\u00e8cle[\/vc_custom_heading][vc_column_text uncode_shortcode_id=\u00a0\u00bb688229&Prime;]En plein historicisme, \u00e0 la fin du XIXe et au tournant du XXe si\u00e8cle, le go\u00fbt fran\u00e7ais se souvient avec nostalgie des arts d\u00e9coratifs galants et raffin\u00e9s du XVIIIe si\u00e8cle. M\u00ealant au retour \u00e0 l\u2019antique \u00e0 une richesse d\u00e9corative tr\u00e8s Louis XV, cette garniture de chemin\u00e9e rend \u00e9galement hommage au go\u00fbt de S\u00e8vres et de ses d\u00e9licates porcelaines. Ainsi, l\u2019ensemble pr\u00e9sente une pendule, deux cassolettes rappelant l\u2019importance des parfums sous l\u2019Ancien R\u00e9gime et deux petits bougeoirs aux lignes balustres. L\u2019ensemble en bronze dor\u00e9 et porcelaine est en tr\u00e8s bon \u00e9tat.<\/p>\n<ul>\n<li>Prix de livraison en France m\u00e9tropolitaine : 55\u20ac<br \/>\nPrix de livraison en Europe : 95\u20ac<br \/>\nPrix de livraison autres destination : 125\u20ac<\/li>\n<\/ul>\n<p>[\/vc_column_text][\/vc_column][\/vc_row]<\/p>\n<\/div>","protected":false},"excerpt":{"rendered":"<p style=\"text-align: center;\">Bronze dor\u00e9 et porcelaine, tr\u00e8s bon \u00e9tat.<\/p>\n<p style=\"text-align: center;\">Dimensions de la pendule :<\/p>\n<ul style=\"text-align: center;\">\n<li>Hauteur : 40 cm<br \/>\nLargeur : 18.5 cm<br \/>\nProfondeur : 14.5 cm<\/li>\n<\/ul>\n<p style=\"text-align: center;\">Dimensions des cassolettes :<\/p>\n<ul style=\"text-align: center;\">\n<li>Hauteur : 32 cm<br \/>\nLargeur : 12 cm<br \/>\nProfondeur : 8 cm<\/li>\n<\/ul>\n<p style=\"text-align: center;\">Dimensions des bougeoirs :<\/p>\n<ul>\n<li style=\"text-align: center;\">Hauteur : 14.5 cm<br \/>\nDiam\u00e8tre : 7.5 cm<\/li>\n<\/ul>\n","protected":false},"featured_media":103437,"template":"","meta":{"_seopress_robots_primary_cat":"none","_seopress_titles_title":"Garniture de chemin\u00e9e dans le go\u00fbt de S\u00e8vres, XIXe si\u00e8cle","_seopress_titles_desc":"Bronze dor\u00e9 et porcelaine, tr\u00e8s bon \u00e9tat.","_seopress_robots_index":"","_seopress_analysis_target_kw":"","content-type":""},"product_brand":[],"product_cat":[76,117,225],"product_tag":[],"class_list":{"0":"post-103451","1":"product","2":"type-product","3":"status-publish","4":"has-post-thumbnail","6":"product_cat-objets","7":"product_cat-horlogerie","8":"product_cat-garnitures-de-cheminee","9":"product_shipping_class-niveau-5","11":"first","12":"outofstock","13":"shipping-taxable","14":"purchasable","15":"product-type-simple","16":"add-to-wishlist-after_add_to_cart"},"_links":{"self":[{"href":"https:\/\/pipat-antiquites.fr\/fr\/wp-json\/wp\/v2\/product\/103451","targetHints":{"allow":["GET"]}}],"collection":[{"href":"https:\/\/pipat-antiquites.fr\/fr\/wp-json\/wp\/v2\/product"}],"about":[{"href":"https:\/\/pipat-antiquites.fr\/fr\/wp-json\/wp\/v2\/types\/product"}],"wp:featuredmedia":[{"embeddable":true,"href":"https:\/\/pipat-antiquites.fr\/fr\/wp-json\/wp\/v2\/media\/103437"}],"wp:attachment":[{"href":"https:\/\/pipat-antiquites.fr\/fr\/wp-json\/wp\/v2\/media?parent=103451"}],"wp:term":[{"taxonomy":"product_brand","embeddable":true,"href":"https:\/\/pipat-antiquites.fr\/fr\/wp-json\/wp\/v2\/product_brand?post=103451"},{"taxonomy":"product_cat","embeddable":true,"href":"https:\/\/pipat-antiquites.fr\/fr\/wp-json\/wp\/v2\/product_cat?post=103451"},{"taxonomy":"product_tag","embeddable":true,"href":"https:\/\/pipat-antiquites.fr\/fr\/wp-json\/wp\/v2\/product_tag?post=103451"}],"curies":[{"name":"wp","href":"https:\/\/api.w.org\/{rel}","templated":true}]}}