{"id":103427,"date":"2023-09-26T18:49:50","date_gmt":"2023-09-26T16:49:50","guid":{"rendered":"https:\/\/pipat-antiquites.fr\/?post_type=product&#038;p=103427"},"modified":"2025-04-15T11:25:17","modified_gmt":"2025-04-15T09:25:17","slug":"paire-de-lustres-cristal-anciens-xix-19-siecle","status":"publish","type":"product","link":"https:\/\/pipat-antiquites.fr\/fr\/objets\/paire-de-lustres-cristal-anciens-xix-19-siecle\/","title":{"rendered":"Paire de lustres anciens, XIXe si\u00e8cle"},"content":{"rendered":"<div class=\"wpb-content-wrapper\"><p>[vc_row][vc_column column_width_percent=\u00a0\u00bb100&Prime; gutter_size=\u00a0\u00bb3&Prime; override_padding=\u00a0\u00bbyes\u00a0\u00bb column_padding=\u00a0\u00bb3&Prime; overlay_alpha=\u00a0\u00bb50&Prime; shift_x=\u00a0\u00bb0&Prime; shift_y=\u00a0\u00bb0&Prime; shift_y_down=\u00a0\u00bb0&Prime; z_index=\u00a0\u00bb0&Prime; medium_width=\u00a0\u00bb0&Prime; mobile_width=\u00a0\u00bb0&Prime; width=\u00a0\u00bb1\/1&Prime; uncode_shortcode_id=\u00a0\u00bb167203&Prime;][vc_custom_heading text_weight=\u00a0\u00bb300&Prime; uncode_shortcode_id=\u00a0\u00bb413896&Prime;]Paire de lustres anciens, XIXe si\u00e8cle[\/vc_custom_heading][vc_column_text uncode_shortcode_id=\u00a0\u00bb111190&Prime;]Rythm\u00e9 de gouttes en cristal aux nuances ambr\u00e9es, chacun de ces lustres pr\u00e9sentent des \u00e9l\u00e9ments \u00e0 forme de poire, transparents ou translucides. Lees bras en fer forg\u00e9 \u00e9closent en corolle pour recevoir les ampoules. Ces lustres ont \u00e9t\u00e9 r\u00e9\u00e9lectrifi\u00e9s par nos soins et sont en parfait \u00e9tat.[\/vc_column_text][\/vc_column][\/vc_row]<\/p>\n<\/div>","protected":false},"excerpt":{"rendered":"<p style=\"text-align: center;\">Anciens lustres en fer forg\u00e9 et cristal, tr\u00e8s bon \u00e9tat.<\/p>\n<p style=\"text-align: center;\">Dimensions :<\/p>\n<ul>\n<li style=\"text-align: center;\">Hauteur : 140 cm (r\u00e9glable)<br \/>\nDiam\u00e8tre : environ 70 cm<\/li>\n<\/ul>\n","protected":false},"featured_media":106929,"template":"","meta":{"_seopress_robots_primary_cat":"none","_seopress_titles_title":"Paire de lustres anciens, XIXe si\u00e8cle","_seopress_titles_desc":"Anciens lustres en fer forg\u00e9 et cristal, tr\u00e8s bon \u00e9tat.","_seopress_robots_index":"","_seopress_analysis_target_kw":"","content-type":""},"product_brand":[],"product_cat":[72,124,178],"product_tag":[],"class_list":{"0":"post-103427","1":"product","2":"type-product","3":"status-publish","4":"has-post-thumbnail","6":"product_cat-luminaires","7":"product_cat-luminaires-anciens","8":"product_cat-lustres-suspensions-et-plafonniers","10":"first","11":"outofstock","12":"shipping-taxable","13":"purchasable","14":"product-type-simple","15":"add-to-wishlist-after_add_to_cart"},"_links":{"self":[{"href":"https:\/\/pipat-antiquites.fr\/fr\/wp-json\/wp\/v2\/product\/103427","targetHints":{"allow":["GET"]}}],"collection":[{"href":"https:\/\/pipat-antiquites.fr\/fr\/wp-json\/wp\/v2\/product"}],"about":[{"href":"https:\/\/pipat-antiquites.fr\/fr\/wp-json\/wp\/v2\/types\/product"}],"wp:featuredmedia":[{"embeddable":true,"href":"https:\/\/pipat-antiquites.fr\/fr\/wp-json\/wp\/v2\/media\/106929"}],"wp:attachment":[{"href":"https:\/\/pipat-antiquites.fr\/fr\/wp-json\/wp\/v2\/media?parent=103427"}],"wp:term":[{"taxonomy":"product_brand","embeddable":true,"href":"https:\/\/pipat-antiquites.fr\/fr\/wp-json\/wp\/v2\/product_brand?post=103427"},{"taxonomy":"product_cat","embeddable":true,"href":"https:\/\/pipat-antiquites.fr\/fr\/wp-json\/wp\/v2\/product_cat?post=103427"},{"taxonomy":"product_tag","embeddable":true,"href":"https:\/\/pipat-antiquites.fr\/fr\/wp-json\/wp\/v2\/product_tag?post=103427"}],"curies":[{"name":"wp","href":"https:\/\/api.w.org\/{rel}","templated":true}]}}