{"id":103375,"date":"2023-09-19T15:11:23","date_gmt":"2023-09-19T13:11:23","guid":{"rendered":"https:\/\/pipat-antiquites.fr\/?post_type=product&#038;p=103375"},"modified":"2023-10-31T15:47:10","modified_gmt":"2023-10-31T14:47:10","slug":"scene-de-genre-huile-sur-toile-signee-pierre-ambrogiani-1907-1985","status":"publish","type":"product","link":"https:\/\/pipat-antiquites.fr\/fr\/objets\/scene-de-genre-huile-sur-toile-signee-pierre-ambrogiani-1907-1985\/","title":{"rendered":"Sc\u00e8ne de genre, huile sur toile sign\u00e9e Pierre Ambrogiani (1907 &#8211; 1985)"},"content":{"rendered":"<div class=\"wpb-content-wrapper\"><p>[vc_row][vc_column column_width_percent=\u00a0\u00bb100&Prime; gutter_size=\u00a0\u00bb3&Prime; override_padding=\u00a0\u00bbyes\u00a0\u00bb column_padding=\u00a0\u00bb3&Prime; overlay_alpha=\u00a0\u00bb50&Prime; shift_x=\u00a0\u00bb0&Prime; shift_y=\u00a0\u00bb0&Prime; shift_y_down=\u00a0\u00bb0&Prime; z_index=\u00a0\u00bb0&Prime; medium_width=\u00a0\u00bb0&Prime; mobile_width=\u00a0\u00bb0&Prime; width=\u00a0\u00bb1\/1&Prime; uncode_shortcode_id=\u00a0\u00bb102718&Prime;][vc_custom_heading text_weight=\u00a0\u00bb300&Prime; uncode_shortcode_id=\u00a0\u00bb135166&Prime;]Sc\u00e8ne de genre, huile sur toile sign\u00e9e Pierre Ambrogiani (1907 &#8211; 1985)[\/vc_custom_heading][vc_column_text uncode_shortcode_id=\u00a0\u00bb583562&Prime;]Pierre Ambrogiani, figure incontournable de Marseille, connu et fut ami avec de tr\u00e8s grandes figures du XXe si\u00e8cle. Andr\u00e9 Malraux, Louis Aragon, Jean Giono, Marcel Pagnol le fr\u00e9quent\u00e8rent, lui rendant visite dans son atelier marseillais lorsqu\u2019il ne parcourait pas l\u2019arri\u00e8re-pays, peignant sur le vif des \u0153uvres symbolistes tr\u00e8s color\u00e9es, pour ainsi dire fauves. En 1962, il d\u00e9core de fresques et de vitraux l&rsquo;\u00e9glise de l&rsquo;Immacul\u00e9e-Conception de Marseille.<br \/>\nIl laisse derri\u00e8re lui une \u0153uvre riche, flamboyante et tr\u00e8s appr\u00e9ci\u00e9 des collectionneurs et amateurs de la premi\u00e8re moiti\u00e9 du XXe si\u00e8cle. Le tableau que nous pr\u00e9sentons est en parfait \u00e9tat.<\/p>\n<ul>\n<li>Prix de livraison en France m\u00e9tropolitaine : 35\u20ac<br \/>\nPrix de livraison en Europe : 55\u20ac<br \/>\nPrix de livraison autres destination : 75\u20ac<\/li>\n<\/ul>\n<p>[\/vc_column_text][\/vc_column][\/vc_row]<\/p>\n<\/div>","protected":false},"excerpt":{"rendered":"<p style=\"text-align: center;\">\u0152uvre sign\u00e9 du c\u00e9l\u00e8bre et truculent peintre marseillais.<\/p>\n<p style=\"text-align: center;\">Dimensions avec cadre :<\/p>\n<ul>\n<li style=\"text-align: center;\">Hauteur : 89.5 cm<br \/>\nLargeur : 67 cm<br \/>\nProfondeur : 4.5 cm<\/li>\n<\/ul>\n","protected":false},"featured_media":103369,"template":"","meta":{"_seopress_robots_primary_cat":"none","_seopress_titles_title":"Sc\u00e8ne de genre, huile sur toile sign\u00e9e Pierre Ambrogiani (1907 - 1985) ","_seopress_titles_desc":"\u0152uvre sign\u00e9 du c\u00e9l\u00e8bre et truculent peintre marseillais.","_seopress_robots_index":"","_seopress_analysis_target_kw":"","content-type":""},"product_brand":[],"product_cat":[77,121,186,187],"product_tag":[263],"class_list":{"0":"post-103375","1":"product","2":"type-product","3":"status-publish","4":"has-post-thumbnail","6":"product_cat-beaux-arts","7":"product_cat-peintures-et-tableaux","8":"product_cat-scenes-de-genre","9":"product_cat-peintures-et-tableaux-autres","10":"product_tag-xxe-siecle","11":"product_shipping_class-niveau-2","13":"first","14":"outofstock","15":"shipping-taxable","16":"purchasable","17":"product-type-simple","18":"add-to-wishlist-after_add_to_cart"},"_links":{"self":[{"href":"https:\/\/pipat-antiquites.fr\/fr\/wp-json\/wp\/v2\/product\/103375","targetHints":{"allow":["GET"]}}],"collection":[{"href":"https:\/\/pipat-antiquites.fr\/fr\/wp-json\/wp\/v2\/product"}],"about":[{"href":"https:\/\/pipat-antiquites.fr\/fr\/wp-json\/wp\/v2\/types\/product"}],"wp:featuredmedia":[{"embeddable":true,"href":"https:\/\/pipat-antiquites.fr\/fr\/wp-json\/wp\/v2\/media\/103369"}],"wp:attachment":[{"href":"https:\/\/pipat-antiquites.fr\/fr\/wp-json\/wp\/v2\/media?parent=103375"}],"wp:term":[{"taxonomy":"product_brand","embeddable":true,"href":"https:\/\/pipat-antiquites.fr\/fr\/wp-json\/wp\/v2\/product_brand?post=103375"},{"taxonomy":"product_cat","embeddable":true,"href":"https:\/\/pipat-antiquites.fr\/fr\/wp-json\/wp\/v2\/product_cat?post=103375"},{"taxonomy":"product_tag","embeddable":true,"href":"https:\/\/pipat-antiquites.fr\/fr\/wp-json\/wp\/v2\/product_tag?post=103375"}],"curies":[{"name":"wp","href":"https:\/\/api.w.org\/{rel}","templated":true}]}}