{"id":102953,"date":"2023-08-07T18:59:49","date_gmt":"2023-08-07T16:59:49","guid":{"rendered":"https:\/\/pipat-antiquites.fr\/?post_type=product&#038;p=102953"},"modified":"2023-10-31T16:30:10","modified_gmt":"2023-10-31T15:30:10","slug":"table-dappoint-etagere-verre-fume-xx-20-siecle","status":"publish","type":"product","link":"https:\/\/pipat-antiquites.fr\/fr\/objets\/table-dappoint-etagere-verre-fume-xx-20-siecle\/","title":{"rendered":"Table d\u2019appoint, XXe si\u00e8cle"},"content":{"rendered":"<div class=\"wpb-content-wrapper\"><p>[vc_row][vc_column column_width_percent=\u00a0\u00bb100&Prime; gutter_size=\u00a0\u00bb3&Prime; override_padding=\u00a0\u00bbyes\u00a0\u00bb column_padding=\u00a0\u00bb3&Prime; overlay_alpha=\u00a0\u00bb50&Prime; shift_x=\u00a0\u00bb0&Prime; shift_y=\u00a0\u00bb0&Prime; shift_y_down=\u00a0\u00bb0&Prime; z_index=\u00a0\u00bb0&Prime; medium_width=\u00a0\u00bb0&Prime; mobile_width=\u00a0\u00bb0&Prime; width=\u00a0\u00bb1\/1&Prime; uncode_shortcode_id=\u00a0\u00bb122392&Prime;][vc_custom_heading text_weight=\u00a0\u00bb300&Prime; uncode_shortcode_id=\u00a0\u00bb679435&Prime;]Table d\u2019appoint, XXe si\u00e8cle[\/vc_custom_heading][vc_column_text uncode_shortcode_id=\u00a0\u00bb387627&Prime;]D\u2019une \u00e9l\u00e9gante simplicit\u00e9 cette table d\u2019appoint sert aussi bien dans un salon que dans une chambre. Ses plateaux en verre fum\u00e9 permettent de pr\u00e9senter bouteilles, verres, livres ou objets d\u2019art. Cette table aux lignes des ann\u00e9es 1970 est en excellent \u00e9tat.[\/vc_column_text][\/vc_column][\/vc_row]<\/p>\n<\/div>","protected":false},"excerpt":{"rendered":"<p style=\"text-align: center;\">Table en bois et verre fum\u00e9, parfait \u00e9tat.<\/p>\n<p style=\"text-align: center;\">Dimensions :<\/p>\n<p style=\"text-align: center;\">Hauteur : 70 cm<br \/>\nLargeur : 68 cm<br \/>\nProfondeur : 41.5 cm<\/p>\n","protected":false},"featured_media":102943,"template":"","meta":{"_seopress_robots_primary_cat":"none","_seopress_titles_title":"Table d\u2019appoint, XXe si\u00e8cle ","_seopress_titles_desc":"Table en bois et verre fum\u00e9, parfait \u00e9tat.","_seopress_robots_index":"","content-type":""},"product_brand":[],"product_cat":[69,106,138,139],"product_tag":[263],"class_list":{"0":"post-102953","1":"product","2":"type-product","3":"status-publish","4":"has-post-thumbnail","6":"product_cat-mobilier","7":"product_cat-meubles","8":"product_cat-tables-basses","9":"product_cat-vitrines-et-etageres","10":"product_tag-xxe-siecle","12":"first","13":"outofstock","14":"shipping-taxable","15":"purchasable","16":"product-type-simple","17":"add-to-wishlist-after_add_to_cart"},"_links":{"self":[{"href":"https:\/\/pipat-antiquites.fr\/fr\/wp-json\/wp\/v2\/product\/102953","targetHints":{"allow":["GET"]}}],"collection":[{"href":"https:\/\/pipat-antiquites.fr\/fr\/wp-json\/wp\/v2\/product"}],"about":[{"href":"https:\/\/pipat-antiquites.fr\/fr\/wp-json\/wp\/v2\/types\/product"}],"wp:featuredmedia":[{"embeddable":true,"href":"https:\/\/pipat-antiquites.fr\/fr\/wp-json\/wp\/v2\/media\/102943"}],"wp:attachment":[{"href":"https:\/\/pipat-antiquites.fr\/fr\/wp-json\/wp\/v2\/media?parent=102953"}],"wp:term":[{"taxonomy":"product_brand","embeddable":true,"href":"https:\/\/pipat-antiquites.fr\/fr\/wp-json\/wp\/v2\/product_brand?post=102953"},{"taxonomy":"product_cat","embeddable":true,"href":"https:\/\/pipat-antiquites.fr\/fr\/wp-json\/wp\/v2\/product_cat?post=102953"},{"taxonomy":"product_tag","embeddable":true,"href":"https:\/\/pipat-antiquites.fr\/fr\/wp-json\/wp\/v2\/product_tag?post=102953"}],"curies":[{"name":"wp","href":"https:\/\/api.w.org\/{rel}","templated":true}]}}