{"id":102868,"date":"2023-07-25T20:16:15","date_gmt":"2023-07-25T18:16:15","guid":{"rendered":"https:\/\/pipat-antiquites.fr\/?post_type=product&#038;p=102868"},"modified":"2023-07-25T20:18:58","modified_gmt":"2023-07-25T18:18:58","slug":"bronze-figurant-lallegorie-de-la-geometrie-xix-19-siecle","status":"publish","type":"product","link":"https:\/\/pipat-antiquites.fr\/fr\/objets\/bronze-figurant-lallegorie-de-la-geometrie-xix-19-siecle\/","title":{"rendered":"Bronze figurant l\u2019all\u00e9gorie de la g\u00e9om\u00e9trie, XIXe si\u00e8cle"},"content":{"rendered":"<div class=\"wpb-content-wrapper\"><p>[vc_row][vc_column column_width_percent=\u00a0\u00bb100&Prime; gutter_size=\u00a0\u00bb3&Prime; override_padding=\u00a0\u00bbyes\u00a0\u00bb column_padding=\u00a0\u00bb3&Prime; overlay_alpha=\u00a0\u00bb50&Prime; shift_x=\u00a0\u00bb0&Prime; shift_y=\u00a0\u00bb0&Prime; shift_y_down=\u00a0\u00bb0&Prime; z_index=\u00a0\u00bb0&Prime; medium_width=\u00a0\u00bb0&Prime; mobile_width=\u00a0\u00bb0&Prime; width=\u00a0\u00bb1\/1&Prime; uncode_shortcode_id=\u00a0\u00bb666783&Prime;][vc_custom_heading text_weight=\u00a0\u00bb300&Prime; uncode_shortcode_id=\u00a0\u00bb925471&Prime;]Bronze figurant l\u2019all\u00e9gorie de la g\u00e9om\u00e9trie, XIXe si\u00e8cle[\/vc_custom_heading][vc_column_text uncode_shortcode_id=\u00a0\u00bb519675&Prime;]Concentr\u00e9 sur ses exercices, ce putto ferait un parfait mod\u00e8le pour les \u00e9coliers ! Avec attention, il trace des figures g\u00e9om\u00e9triques \u00e0 l\u2019aide d\u2019un stylet sur un cahier reposant de mani\u00e8re pr\u00e9caire sur son genou pli\u00e9. Ses cheveux boucl\u00e9s et en d\u00e9sordre, seulement retenus par un ruban, ainsi que son \u00e9toffe n\u00e9gligemment drap\u00e9 t\u00e9moignent de sa profonde concentration. Ce petit bronze \u00e0 la jolie patine est en parfait \u00e9tat.<\/p>\n<ul>\n<li>Prix de livraison en France m\u00e9tropolitaine : 15\u20ac<br \/>\nPrix de livraison en Europe : 35\u20ac<br \/>\nPrix de livraison autres destination : 55\u20ac<\/li>\n<\/ul>\n<p>[\/vc_column_text][\/vc_column][\/vc_row]<\/p>\n<\/div>","protected":false},"excerpt":{"rendered":"<p style=\"text-align: center;\">Ravissant petit bronze en parfait \u00e9tat.<\/p>\n<p style=\"text-align: center;\">Dimensions :<\/p>\n<ul>\n<li style=\"text-align: center;\">Hauteur : 18.5 cm<br \/>\nLargeur : 9.9 cm<br \/>\nProfondeur : 17.6 cm<\/li>\n<\/ul>\n","protected":false},"featured_media":102864,"template":"","meta":{"_seopress_robots_primary_cat":"none","_seopress_titles_title":"Bronze figurant l\u2019all\u00e9gorie de la g\u00e9om\u00e9trie, XIXe si\u00e8cle ","_seopress_titles_desc":"Ravissant petit bronze en parfait \u00e9tat.","_seopress_robots_index":"","content-type":""},"product_brand":[],"product_cat":[77,122,188],"product_tag":[252],"class_list":{"0":"post-102868","1":"product","2":"type-product","3":"status-publish","4":"has-post-thumbnail","6":"product_cat-beaux-arts","7":"product_cat-sculptures","8":"product_cat-bronze","9":"product_tag-xixe-siecle","10":"product_shipping_class-niveau-1","12":"first","13":"instock","14":"shipping-taxable","15":"purchasable","16":"product-type-simple","17":"add-to-wishlist-after_add_to_cart"},"_links":{"self":[{"href":"https:\/\/pipat-antiquites.fr\/fr\/wp-json\/wp\/v2\/product\/102868","targetHints":{"allow":["GET"]}}],"collection":[{"href":"https:\/\/pipat-antiquites.fr\/fr\/wp-json\/wp\/v2\/product"}],"about":[{"href":"https:\/\/pipat-antiquites.fr\/fr\/wp-json\/wp\/v2\/types\/product"}],"wp:featuredmedia":[{"embeddable":true,"href":"https:\/\/pipat-antiquites.fr\/fr\/wp-json\/wp\/v2\/media\/102864"}],"wp:attachment":[{"href":"https:\/\/pipat-antiquites.fr\/fr\/wp-json\/wp\/v2\/media?parent=102868"}],"wp:term":[{"taxonomy":"product_brand","embeddable":true,"href":"https:\/\/pipat-antiquites.fr\/fr\/wp-json\/wp\/v2\/product_brand?post=102868"},{"taxonomy":"product_cat","embeddable":true,"href":"https:\/\/pipat-antiquites.fr\/fr\/wp-json\/wp\/v2\/product_cat?post=102868"},{"taxonomy":"product_tag","embeddable":true,"href":"https:\/\/pipat-antiquites.fr\/fr\/wp-json\/wp\/v2\/product_tag?post=102868"}],"curies":[{"name":"wp","href":"https:\/\/api.w.org\/{rel}","templated":true}]}}