{"id":102578,"date":"2023-06-16T09:45:44","date_gmt":"2023-06-16T07:45:44","guid":{"rendered":"https:\/\/pipat-antiquites.fr\/?post_type=product&#038;p=102578"},"modified":"2025-10-17T12:27:41","modified_gmt":"2025-10-17T10:27:41","slug":"commode-mid-century-art-deco-en-palissandre-annees-1950","status":"publish","type":"product","link":"https:\/\/pipat-antiquites.fr\/fr\/objets\/commode-mid-century-art-deco-en-palissandre-annees-1950\/","title":{"rendered":"Commode Mid Century en palissandre, ann\u00e9es 1950"},"content":{"rendered":"<div class=\"wpb-content-wrapper\"><p>[vc_row][vc_column column_width_percent=\u00a0\u00bb100&Prime; gutter_size=\u00a0\u00bb3&Prime; override_padding=\u00a0\u00bbyes\u00a0\u00bb column_padding=\u00a0\u00bb3&Prime; overlay_alpha=\u00a0\u00bb50&Prime; shift_x=\u00a0\u00bb0&Prime; shift_y=\u00a0\u00bb0&Prime; shift_y_down=\u00a0\u00bb0&Prime; z_index=\u00a0\u00bb0&Prime; medium_width=\u00a0\u00bb0&Prime; mobile_width=\u00a0\u00bb0&Prime; width=\u00a0\u00bb1\/1&Prime; uncode_shortcode_id=\u00a0\u00bb808552&Prime;][vc_custom_heading text_weight=\u00a0\u00bb300&Prime; uncode_shortcode_id=\u00a0\u00bb169097&Prime;]Commode Mid Century en palissandre, ann\u00e9es 1950[\/vc_custom_heading][vc_column_text uncode_shortcode_id=\u00a0\u00bb178152&Prime;]Petite et l\u00e9g\u00e8re, ses pieds \u00e0 peine goudronn\u00e9s et les veines de son bois magnifi\u00e9es rappellent le travail de Paul Follot. La moulure du plateau et ce l\u00e9ger mouvement de la ceinture se souviennent du lointain style Louis XVI dont la sobri\u00e9t\u00e9 a inspir\u00e9 les modernes, de l\u2019Art D\u00e9co \u00e0 ceux du milieu du si\u00e8cle. Trois tiroirs \u00e0 poign\u00e9es de tirage carr\u00e9es animent la fa\u00e7ade de cette charmante commode mid-century en parfait \u00e9tat.[\/vc_column_text][\/vc_column][\/vc_row]<\/p>\n<\/div>","protected":false},"excerpt":{"rendered":"<p style=\"text-align: center;\">Petite commode en palissandre en parfait \u00e9tat.<\/p>\n<p style=\"text-align: center;\">Dimensions :<\/p>\n<ul>\n<li style=\"text-align: center;\">Hauteur : 82 cm<br \/>\nLargeur : 66 cm<br \/>\nProfondeur : 35.5 cm<\/li>\n<\/ul>\n","protected":false},"featured_media":102570,"template":"","meta":{"_seopress_robots_primary_cat":"none","_seopress_titles_title":"Commode Mid Century en palissandre, ann\u00e9es 1950","_seopress_titles_desc":"Petite commode en palissandre en parfait \u00e9tat.","_seopress_robots_index":"","content-type":""},"product_brand":[],"product_cat":[69,106,131],"product_tag":[263],"class_list":{"0":"post-102578","1":"product","2":"type-product","3":"status-publish","4":"has-post-thumbnail","6":"product_cat-mobilier","7":"product_cat-meubles","8":"product_cat-commodes","9":"product_tag-xxe-siecle","11":"first","12":"outofstock","13":"shipping-taxable","14":"purchasable","15":"product-type-simple","16":"add-to-wishlist-after_add_to_cart"},"_links":{"self":[{"href":"https:\/\/pipat-antiquites.fr\/fr\/wp-json\/wp\/v2\/product\/102578","targetHints":{"allow":["GET"]}}],"collection":[{"href":"https:\/\/pipat-antiquites.fr\/fr\/wp-json\/wp\/v2\/product"}],"about":[{"href":"https:\/\/pipat-antiquites.fr\/fr\/wp-json\/wp\/v2\/types\/product"}],"wp:featuredmedia":[{"embeddable":true,"href":"https:\/\/pipat-antiquites.fr\/fr\/wp-json\/wp\/v2\/media\/102570"}],"wp:attachment":[{"href":"https:\/\/pipat-antiquites.fr\/fr\/wp-json\/wp\/v2\/media?parent=102578"}],"wp:term":[{"taxonomy":"product_brand","embeddable":true,"href":"https:\/\/pipat-antiquites.fr\/fr\/wp-json\/wp\/v2\/product_brand?post=102578"},{"taxonomy":"product_cat","embeddable":true,"href":"https:\/\/pipat-antiquites.fr\/fr\/wp-json\/wp\/v2\/product_cat?post=102578"},{"taxonomy":"product_tag","embeddable":true,"href":"https:\/\/pipat-antiquites.fr\/fr\/wp-json\/wp\/v2\/product_tag?post=102578"}],"curies":[{"name":"wp","href":"https:\/\/api.w.org\/{rel}","templated":true}]}}