{"id":102543,"date":"2023-06-12T10:16:49","date_gmt":"2023-06-12T08:16:49","guid":{"rendered":"https:\/\/pipat-antiquites.fr\/?post_type=product&#038;p=102543"},"modified":"2023-06-12T10:23:30","modified_gmt":"2023-06-12T08:23:30","slug":"bronze-animalier-lion-de-mer-ou-otarie-en-bronze-xx-20-siecle","status":"publish","type":"product","link":"https:\/\/pipat-antiquites.fr\/fr\/objets\/bronze-animalier-lion-de-mer-ou-otarie-en-bronze-xx-20-siecle\/","title":{"rendered":"Lion de mer ou otarie en bronze, XXe si\u00e8cle"},"content":{"rendered":"<div class=\"wpb-content-wrapper\"><p>[vc_row][vc_column column_width_percent=\u00a0\u00bb100&Prime; gutter_size=\u00a0\u00bb3&Prime; override_padding=\u00a0\u00bbyes\u00a0\u00bb column_padding=\u00a0\u00bb3&Prime; overlay_alpha=\u00a0\u00bb50&Prime; shift_x=\u00a0\u00bb0&Prime; shift_y=\u00a0\u00bb0&Prime; shift_y_down=\u00a0\u00bb0&Prime; z_index=\u00a0\u00bb0&Prime; medium_width=\u00a0\u00bb0&Prime; mobile_width=\u00a0\u00bb0&Prime; width=\u00a0\u00bb1\/1&Prime; uncode_shortcode_id=\u00a0\u00bb965114&Prime;][vc_custom_heading text_weight=\u00a0\u00bb300&Prime; uncode_shortcode_id=\u00a0\u00bb182866&Prime;]Lion de mer ou otarie en bronze, XXe si\u00e8cle[\/vc_custom_heading][vc_column_text uncode_shortcode_id=\u00a0\u00bb107963&Prime;]Suivant la vogue du bronze animalier remis au go\u00fbt du jour par le mouvement Art D\u00e9co, ce charmant lion de mer se pr\u00e9lasse sur un rocher. L\u2019expression de ce mammif\u00e8re est parfaitement saisie : les lignes de sa t\u00eate fine, denses moustache et de ses membres palm\u00e9s sont bross\u00e9s de mani\u00e8re minimaliste et pourtant bien vivante. La patine du bronze donne au corps des nuances de fourrure. Cet animal \u00e9voluant entre terre et mer trouvera sans doute sa place dans votre int\u00e9rieur, o\u00f9 il aura tout le loisir d\u2019observer, depuis son rocher, la vie tr\u00e9pidante des humains !<br \/>\nCe petit bronze est en parfait \u00e9tat.<\/p>\n<ul>\n<li>Prix de livraison en France m\u00e9tropolitaine : 15\u20ac<br \/>\nPrix de livraison en Europe : 35\u20ac<br \/>\nPrix de livraison autres destination : 55\u20ac<\/li>\n<\/ul>\n<p>[\/vc_column_text][\/vc_column][\/vc_row]<\/p>\n<\/div>","protected":false},"excerpt":{"rendered":"<p style=\"text-align: center;\">Petit bronze animalier en parfait \u00e9tat.<\/p>\n<p style=\"text-align: center;\">Dimensions :<\/p>\n<ul>\n<li style=\"text-align: center;\">Hauteur : 9 cm<br \/>\nLargeur : 14 cm<br \/>\nProfondeur : 12 cm<\/li>\n<\/ul>\n","protected":false},"featured_media":102537,"template":"","meta":{"_seopress_robots_primary_cat":"none","_seopress_titles_title":"Lion de mer ou otarie en bronze, XXe si\u00e8cle ","_seopress_titles_desc":"Petit bronze animalier en parfait \u00e9tat.","_seopress_robots_index":"","content-type":""},"product_brand":[],"product_cat":[77,122,188],"product_tag":[263,150],"class_list":{"0":"post-102543","1":"product","2":"type-product","3":"status-publish","4":"has-post-thumbnail","6":"product_cat-beaux-arts","7":"product_cat-sculptures","8":"product_cat-bronze","9":"product_tag-xxe-siecle","10":"product_tag-bronze","11":"product_shipping_class-niveau-1","13":"first","14":"instock","15":"shipping-taxable","16":"purchasable","17":"product-type-simple","18":"add-to-wishlist-after_add_to_cart"},"_links":{"self":[{"href":"https:\/\/pipat-antiquites.fr\/fr\/wp-json\/wp\/v2\/product\/102543","targetHints":{"allow":["GET"]}}],"collection":[{"href":"https:\/\/pipat-antiquites.fr\/fr\/wp-json\/wp\/v2\/product"}],"about":[{"href":"https:\/\/pipat-antiquites.fr\/fr\/wp-json\/wp\/v2\/types\/product"}],"wp:featuredmedia":[{"embeddable":true,"href":"https:\/\/pipat-antiquites.fr\/fr\/wp-json\/wp\/v2\/media\/102537"}],"wp:attachment":[{"href":"https:\/\/pipat-antiquites.fr\/fr\/wp-json\/wp\/v2\/media?parent=102543"}],"wp:term":[{"taxonomy":"product_brand","embeddable":true,"href":"https:\/\/pipat-antiquites.fr\/fr\/wp-json\/wp\/v2\/product_brand?post=102543"},{"taxonomy":"product_cat","embeddable":true,"href":"https:\/\/pipat-antiquites.fr\/fr\/wp-json\/wp\/v2\/product_cat?post=102543"},{"taxonomy":"product_tag","embeddable":true,"href":"https:\/\/pipat-antiquites.fr\/fr\/wp-json\/wp\/v2\/product_tag?post=102543"}],"curies":[{"name":"wp","href":"https:\/\/api.w.org\/{rel}","templated":true}]}}