{"id":102361,"date":"2023-05-24T12:54:06","date_gmt":"2023-05-24T10:54:06","guid":{"rendered":"https:\/\/pipat-antiquites.fr\/?post_type=product&#038;p=102361"},"modified":"2024-04-02T11:07:25","modified_gmt":"2024-04-02T09:07:25","slug":"meuble-regional-ancien-vaisselier-louis-xv-15-xviii-18-siecle","status":"publish","type":"product","link":"https:\/\/pipat-antiquites.fr\/fr\/objets\/meuble-regional-ancien-vaisselier-louis-xv-15-xviii-18-siecle\/","title":{"rendered":"Vaisselier d\u2019\u00e9poque Louis XV, fin XVIIIe si\u00e8cle"},"content":{"rendered":"<div class=\"wpb-content-wrapper\"><p>[vc_row][vc_column column_width_percent=\u00a0\u00bb100&Prime; gutter_size=\u00a0\u00bb3&Prime; override_padding=\u00a0\u00bbyes\u00a0\u00bb column_padding=\u00a0\u00bb3&Prime; overlay_alpha=\u00a0\u00bb50&Prime; shift_x=\u00a0\u00bb0&Prime; shift_y=\u00a0\u00bb0&Prime; shift_y_down=\u00a0\u00bb0&Prime; z_index=\u00a0\u00bb0&Prime; medium_width=\u00a0\u00bb0&Prime; mobile_width=\u00a0\u00bb0&Prime; width=\u00a0\u00bb1\/1&Prime; uncode_shortcode_id=\u00a0\u00bb422970&Prime;][vc_custom_heading text_weight=\u00a0\u00bb300&Prime; uncode_shortcode_id=\u00a0\u00bb118358&Prime;]Vaisselier d\u2019\u00e9poque Louis XV, fin XVIIIe si\u00e8cle[\/vc_custom_heading][vc_column_text uncode_shortcode_id=\u00a0\u00bb523701&Prime;]Avec ses jeux de nuances et de lignes, ce vaisselier suit tous les codes du style Louis XV : mouvement\u00e9, gai, color\u00e9. Probablement r\u00e9gional, ce meuble t\u00e9moigne de l\u2019engouement des artisans et du royaume pour ce style s\u00e9duisant.<br \/>\nCorniche cintr\u00e9e, \u00e9tag\u00e8res prot\u00e9g\u00e9es par des tabliers ajour\u00e9s, cinq tiroirs relev\u00e9s de d\u00e9licats filets de marqueterie, portes moulur\u00e9es et cul-de-lampe ouvrag\u00e9 et jusqu\u2019aux ferronneries d\u00e9licatement travaill\u00e9es, tout dans ce meuble attire l\u2019\u0153il. Lumineux, \u00e9l\u00e9gant, joyeux, il anime une pi\u00e8ce autant par son esth\u00e9tique que par sa patine moelleuse. Ce vaisselier constitu\u00e9 d\u2019une partie haute sur un buffet est en excellent \u00e9tat.[\/vc_column_text][\/vc_column][\/vc_row]<\/p>\n<\/div>","protected":false},"excerpt":{"rendered":"<p style=\"text-align: center;\">Meuble r\u00e9gional ancien, haut de gamme et en excellent \u00e9tat.<\/p>\n<p style=\"text-align: center;\">Dimensions :<\/p>\n<ul>\n<li style=\"text-align: center;\">Hauteur : 243.5 cm<br \/>\nLargeur : 142.5 cm<br \/>\nProfondeur : 61 cm<\/li>\n<li style=\"text-align: center;\">Hauteur de la partie haute : 142.5 cm<br \/>\nHauteur de la partie basse : 101 cm<\/li>\n<\/ul>\n","protected":false},"featured_media":102356,"template":"","meta":{"_seopress_robots_primary_cat":"none","_seopress_titles_title":"Vaisselier d\u2019\u00e9poque Louis XV, fin XVIIIe si\u00e8cle","_seopress_titles_desc":"Meuble r\u00e9gional ancien, haut de gamme et en excellent \u00e9tat.","_seopress_robots_index":"","content-type":""},"product_brand":[],"product_cat":[69,106,126],"product_tag":[440,161],"class_list":{"0":"post-102361","1":"product","2":"type-product","3":"status-publish","4":"has-post-thumbnail","6":"product_cat-mobilier","7":"product_cat-meubles","8":"product_cat-buffets-et-enfilades","9":"product_tag-louis-xv","10":"product_tag-xviiie-siecle","12":"first","13":"outofstock","14":"shipping-taxable","15":"purchasable","16":"product-type-simple","17":"add-to-wishlist-after_add_to_cart"},"_links":{"self":[{"href":"https:\/\/pipat-antiquites.fr\/fr\/wp-json\/wp\/v2\/product\/102361","targetHints":{"allow":["GET"]}}],"collection":[{"href":"https:\/\/pipat-antiquites.fr\/fr\/wp-json\/wp\/v2\/product"}],"about":[{"href":"https:\/\/pipat-antiquites.fr\/fr\/wp-json\/wp\/v2\/types\/product"}],"wp:featuredmedia":[{"embeddable":true,"href":"https:\/\/pipat-antiquites.fr\/fr\/wp-json\/wp\/v2\/media\/102356"}],"wp:attachment":[{"href":"https:\/\/pipat-antiquites.fr\/fr\/wp-json\/wp\/v2\/media?parent=102361"}],"wp:term":[{"taxonomy":"product_brand","embeddable":true,"href":"https:\/\/pipat-antiquites.fr\/fr\/wp-json\/wp\/v2\/product_brand?post=102361"},{"taxonomy":"product_cat","embeddable":true,"href":"https:\/\/pipat-antiquites.fr\/fr\/wp-json\/wp\/v2\/product_cat?post=102361"},{"taxonomy":"product_tag","embeddable":true,"href":"https:\/\/pipat-antiquites.fr\/fr\/wp-json\/wp\/v2\/product_tag?post=102361"}],"curies":[{"name":"wp","href":"https:\/\/api.w.org\/{rel}","templated":true}]}}