{"id":102176,"date":"2023-10-25T10:02:19","date_gmt":"2023-10-25T08:02:19","guid":{"rendered":"https:\/\/pipat-antiquites.fr\/?post_type=product&#038;p=102176"},"modified":"2025-10-13T11:36:44","modified_gmt":"2025-10-13T09:36:44","slug":"meuble-mobilier-baroque-lombard-fin-xviii-18-siecle","status":"publish","type":"product","link":"https:\/\/pipat-antiquites.fr\/fr\/objets\/meuble-mobilier-baroque-lombard-fin-xviii-18-siecle\/","title":{"rendered":"Meuble lombard, d\u00e9but XVIIIe si\u00e8cle"},"content":{"rendered":"<div class=\"wpb-content-wrapper\"><p>[vc_row][vc_column column_width_percent=\u00a0\u00bb100&Prime; gutter_size=\u00a0\u00bb3&Prime; override_padding=\u00a0\u00bbyes\u00a0\u00bb column_padding=\u00a0\u00bb3&Prime; overlay_alpha=\u00a0\u00bb50&Prime; shift_x=\u00a0\u00bb0&Prime; shift_y=\u00a0\u00bb0&Prime; shift_y_down=\u00a0\u00bb0&Prime; z_index=\u00a0\u00bb0&Prime; medium_width=\u00a0\u00bb0&Prime; mobile_width=\u00a0\u00bb0&Prime; width=\u00a0\u00bb1\/1&Prime; uncode_shortcode_id=\u00a0\u00bb177131&Prime;][vc_custom_heading text_weight=\u00a0\u00bb300&Prime; uncode_shortcode_id=\u00a0\u00bb165166&Prime;]Meuble lombard, d\u00e9but XVIIIe si\u00e8cle[\/vc_custom_heading][vc_column_text uncode_shortcode_id=\u00a0\u00bb101845&Prime;]En olivier, ce meuble curieusement anim\u00e9 est dat\u00e9 du d\u00e9but du XVIIIe si\u00e8cle. Cabinet raffin\u00e9 dans sa partie haute avec ses arcatures architectur\u00e9es aux accents v\u00e9nitiens et ses petits tiroirs, secr\u00e9taire dans sa partie m\u00e9diane avec ses larges mais \u00e9troits tiroirs et rangements pour y placer lettres, enveloppe, papier et n\u00e9cessaire d\u2019\u00e9criture, il est enfin commode (comodine) en partie basse. Deux tiroirs joufflus aux poign\u00e9es de tirage en bronze dor\u00e9 d\u00e9couvrent deux espaces de rangement confortables et garnis de papier peint baroque.[\/vc_column_text][\/vc_column][\/vc_row]<\/p>\n<\/div>","protected":false},"excerpt":{"rendered":"<p style=\"text-align: center;\">Rare meuble italien en olivier formant cabinet, secr\u00e9taire et commode.<\/p>\n<p style=\"text-align: center;\">Dimensions :<\/p>\n<ul>\n<li style=\"text-align: center;\">Hauteur : 236 cm<br \/>\nLargeur : environ 140 cm<br \/>\nProfondeur : environ 60 cm<\/li>\n<\/ul>\n","protected":false},"featured_media":103718,"template":"","meta":{"_seopress_robots_primary_cat":"none","_seopress_titles_title":"Meuble lombard, d\u00e9but XVIIIe si\u00e8cle","_seopress_titles_desc":"Rare meuble italien en olivier formant cabinet, secr\u00e9taire et commode.","_seopress_robots_index":"","content-type":""},"product_brand":[],"product_cat":[69,106,128,131,135],"product_tag":[161,253],"class_list":{"0":"post-102176","1":"product","2":"type-product","3":"status-publish","4":"has-post-thumbnail","6":"product_cat-mobilier","7":"product_cat-meubles","8":"product_cat-cabinets","9":"product_cat-commodes","10":"product_cat-secretaires","11":"product_tag-xviiie-siecle","12":"product_tag-noyer","14":"first","15":"outofstock","16":"shipping-taxable","17":"purchasable","18":"product-type-simple","19":"add-to-wishlist-after_add_to_cart"},"_links":{"self":[{"href":"https:\/\/pipat-antiquites.fr\/fr\/wp-json\/wp\/v2\/product\/102176","targetHints":{"allow":["GET"]}}],"collection":[{"href":"https:\/\/pipat-antiquites.fr\/fr\/wp-json\/wp\/v2\/product"}],"about":[{"href":"https:\/\/pipat-antiquites.fr\/fr\/wp-json\/wp\/v2\/types\/product"}],"wp:featuredmedia":[{"embeddable":true,"href":"https:\/\/pipat-antiquites.fr\/fr\/wp-json\/wp\/v2\/media\/103718"}],"wp:attachment":[{"href":"https:\/\/pipat-antiquites.fr\/fr\/wp-json\/wp\/v2\/media?parent=102176"}],"wp:term":[{"taxonomy":"product_brand","embeddable":true,"href":"https:\/\/pipat-antiquites.fr\/fr\/wp-json\/wp\/v2\/product_brand?post=102176"},{"taxonomy":"product_cat","embeddable":true,"href":"https:\/\/pipat-antiquites.fr\/fr\/wp-json\/wp\/v2\/product_cat?post=102176"},{"taxonomy":"product_tag","embeddable":true,"href":"https:\/\/pipat-antiquites.fr\/fr\/wp-json\/wp\/v2\/product_tag?post=102176"}],"curies":[{"name":"wp","href":"https:\/\/api.w.org\/{rel}","templated":true}]}}