{"id":102009,"date":"2023-04-14T11:09:05","date_gmt":"2023-04-14T09:09:05","guid":{"rendered":"https:\/\/pipat-antiquites.fr\/?post_type=product&#038;p=102009"},"modified":"2023-04-14T11:13:44","modified_gmt":"2023-04-14T09:13:44","slug":"miroir-napoleon-iii-3-xix-19-siecle","status":"publish","type":"product","link":"https:\/\/pipat-antiquites.fr\/fr\/objets\/miroir-napoleon-iii-3-xix-19-siecle\/","title":{"rendered":"Miroir Napol\u00e9on III, XIXe si\u00e8cle"},"content":{"rendered":"<div class=\"wpb-content-wrapper\"><p>[vc_row][vc_column column_width_percent=\u00a0\u00bb100&Prime; gutter_size=\u00a0\u00bb3&Prime; override_padding=\u00a0\u00bbyes\u00a0\u00bb column_padding=\u00a0\u00bb3&Prime; overlay_alpha=\u00a0\u00bb50&Prime; shift_x=\u00a0\u00bb0&Prime; shift_y=\u00a0\u00bb0&Prime; shift_y_down=\u00a0\u00bb0&Prime; z_index=\u00a0\u00bb0&Prime; medium_width=\u00a0\u00bb0&Prime; mobile_width=\u00a0\u00bb0&Prime; width=\u00a0\u00bb1\/1&Prime; uncode_shortcode_id=\u00a0\u00bb184831&Prime;][vc_custom_heading text_weight=\u00a0\u00bb300&Prime; uncode_shortcode_id=\u00a0\u00bb505826&Prime;]Miroir Napol\u00e9on III, XIXe si\u00e8cle[\/vc_custom_heading][vc_column_text uncode_shortcode_id=\u00a0\u00bb143464&Prime;]Ce petit miroir \u00e0 la dorure patin\u00e9 a du offrir \u00e0 plus d\u2019un regard sa surface r\u00e9fl\u00e9chissante. Sans doute beaucoup appr\u00e9ci\u00e9, il en t\u00e9moigne par deux petits manques le long du montant droit. Rien de m\u00e9chant pour ce joli miroir qui porte avec lui tout le charme des int\u00e9rieurs feutr\u00e9s du XIXe si\u00e8cle.<\/p>\n<ul>\n<li>Prix de livraison en France m\u00e9tropolitaine : 35\u20ac<br \/>\nPrix de livraison en Europe : 55\u20ac<br \/>\nPrix de livraison autres destination : 75\u20ac<\/li>\n<\/ul>\n<p>[\/vc_column_text][\/vc_column][\/vc_row]<\/p>\n<\/div>","protected":false},"excerpt":{"rendered":"<p style=\"text-align: center;\">Miroir ancien en bon \u00e9tat, dorure patin\u00e9e.<\/p>\n<p style=\"text-align: center;\">Dimensions :<\/p>\n<ul>\n<li style=\"text-align: center;\">Hauteur : 74 cm<br \/>\nLargeur : 56 cm<br \/>\nProfondeur : 4 cm<\/li>\n<\/ul>\n","protected":false},"featured_media":102001,"template":"","meta":{"_seopress_robots_primary_cat":"none","_seopress_titles_title":"Miroir Napol\u00e9on III, XIXe si\u00e8cle ","_seopress_titles_desc":"Miroir ancien en bon \u00e9tat, dorure patin\u00e9e. ","_seopress_robots_index":"","content-type":""},"product_brand":[],"product_cat":[76,114,213],"product_tag":[252],"class_list":{"0":"post-102009","1":"product","2":"type-product","3":"status-publish","4":"has-post-thumbnail","6":"product_cat-objets","7":"product_cat-arts-decoratifs","8":"product_cat-miroirs-et-trumeaux","9":"product_tag-xixe-siecle","10":"product_shipping_class-niveau-2","12":"first","13":"instock","14":"shipping-taxable","15":"purchasable","16":"product-type-simple","17":"add-to-wishlist-after_add_to_cart"},"_links":{"self":[{"href":"https:\/\/pipat-antiquites.fr\/fr\/wp-json\/wp\/v2\/product\/102009","targetHints":{"allow":["GET"]}}],"collection":[{"href":"https:\/\/pipat-antiquites.fr\/fr\/wp-json\/wp\/v2\/product"}],"about":[{"href":"https:\/\/pipat-antiquites.fr\/fr\/wp-json\/wp\/v2\/types\/product"}],"wp:featuredmedia":[{"embeddable":true,"href":"https:\/\/pipat-antiquites.fr\/fr\/wp-json\/wp\/v2\/media\/102001"}],"wp:attachment":[{"href":"https:\/\/pipat-antiquites.fr\/fr\/wp-json\/wp\/v2\/media?parent=102009"}],"wp:term":[{"taxonomy":"product_brand","embeddable":true,"href":"https:\/\/pipat-antiquites.fr\/fr\/wp-json\/wp\/v2\/product_brand?post=102009"},{"taxonomy":"product_cat","embeddable":true,"href":"https:\/\/pipat-antiquites.fr\/fr\/wp-json\/wp\/v2\/product_cat?post=102009"},{"taxonomy":"product_tag","embeddable":true,"href":"https:\/\/pipat-antiquites.fr\/fr\/wp-json\/wp\/v2\/product_tag?post=102009"}],"curies":[{"name":"wp","href":"https:\/\/api.w.org\/{rel}","templated":true}]}}