{"id":101948,"date":"2018-04-13T15:39:05","date_gmt":"2018-04-13T13:39:05","guid":{"rendered":"https:\/\/pipat-antiquites.fr\/?post_type=product&#038;p=101948"},"modified":"2023-08-25T11:31:22","modified_gmt":"2023-08-25T09:31:22","slug":"petit-coffre-malle-de-voyage-paris-fin-xix-19-debut-xx-20-siecle","status":"publish","type":"product","link":"https:\/\/pipat-antiquites.fr\/fr\/objets\/petit-coffre-malle-de-voyage-paris-fin-xix-19-debut-xx-20-siecle\/","title":{"rendered":"Petit coffre de voyage. Paris, fin XIXe \/ d\u00e9but XXe si\u00e8cle"},"content":{"rendered":"<div class=\"wpb-content-wrapper\"><p>[vc_row][vc_column column_width_percent=\u00a0\u00bb100&Prime; gutter_size=\u00a0\u00bb3&Prime; override_padding=\u00a0\u00bbyes\u00a0\u00bb column_padding=\u00a0\u00bb3&Prime; overlay_alpha=\u00a0\u00bb50&Prime; shift_x=\u00a0\u00bb0&Prime; shift_y=\u00a0\u00bb0&Prime; shift_y_down=\u00a0\u00bb0&Prime; z_index=\u00a0\u00bb0&Prime; medium_width=\u00a0\u00bb0&Prime; mobile_width=\u00a0\u00bb0&Prime; width=\u00a0\u00bb1\/1&Prime; uncode_shortcode_id=\u00a0\u00bb252276&Prime;][vc_custom_heading text_weight=\u00a0\u00bb300&Prime; uncode_shortcode_id=\u00a0\u00bb104133&Prime;]Petit coffre de voyage. Paris, fin XIXe \/ d\u00e9but XXe si\u00e8cle[\/vc_custom_heading][vc_column_text uncode_shortcode_id=\u00a0\u00bb663349&Prime;]C\u2019est chez Monsieur J. Lemoine dont la boutique sis 33 rue du Dragon \u00e0 Paris proposait toutes sortes d\u2019articles de voyage que ce petit coffre en bois tapiss\u00e9 de tissu violet a \u00e9t\u00e9 achet\u00e9 pour la premi\u00e8re fois. L\u2019\u00e9tiquette du vendeur en t\u00e9moigne \u00e0 l\u2019int\u00e9rieur. En parfait \u00e9tat, il n\u2019a pas \u00e9t\u00e9 beaucoup utilis\u00e9, ce qui ravira son nouveau propri\u00e9taire !<\/p>\n<ul>\n<li>Prix de livraison en France m\u00e9tropolitaine : 35\u20ac<br \/>\nPrix de livraison en Europe : 55\u20ac<br \/>\nPrix de livraison autres destination : 75\u20ac<\/li>\n<\/ul>\n<p>[\/vc_column_text][\/vc_column][\/vc_row]<\/p>\n<\/div>","protected":false},"excerpt":{"rendered":"<p style=\"text-align: center;\">Coffre en bois, int\u00e9rieur tapiss\u00e9. Parfait \u00e9tat.<\/p>\n<p style=\"text-align: center;\">Dimensions :<\/p>\n<ul>\n<li style=\"text-align: center;\">Hauteur : 28 cm<br \/>\nLargeur : 40 cm<br \/>\nProfondeur : 26.5 cm<\/li>\n<\/ul>\n","protected":false},"featured_media":101942,"template":"","meta":{"_seopress_robots_primary_cat":"none","_seopress_titles_title":"Petit coffre de voyage. Paris, fin XIXe \/ d\u00e9but XXe si\u00e8cle ","_seopress_titles_desc":"Coffre en bois, int\u00e9rieur tapiss\u00e9. Parfait \u00e9tat.","_seopress_robots_index":"","content-type":""},"product_brand":[],"product_cat":[69,106,130],"product_tag":[252,263],"class_list":{"0":"post-101948","1":"product","2":"type-product","3":"status-publish","4":"has-post-thumbnail","6":"product_cat-mobilier","7":"product_cat-meubles","8":"product_cat-coffres","9":"product_tag-xixe-siecle","10":"product_tag-xxe-siecle","11":"product_shipping_class-niveau-2","13":"first","14":"outofstock","15":"shipping-taxable","16":"purchasable","17":"product-type-simple","18":"add-to-wishlist-after_add_to_cart"},"_links":{"self":[{"href":"https:\/\/pipat-antiquites.fr\/fr\/wp-json\/wp\/v2\/product\/101948","targetHints":{"allow":["GET"]}}],"collection":[{"href":"https:\/\/pipat-antiquites.fr\/fr\/wp-json\/wp\/v2\/product"}],"about":[{"href":"https:\/\/pipat-antiquites.fr\/fr\/wp-json\/wp\/v2\/types\/product"}],"wp:featuredmedia":[{"embeddable":true,"href":"https:\/\/pipat-antiquites.fr\/fr\/wp-json\/wp\/v2\/media\/101942"}],"wp:attachment":[{"href":"https:\/\/pipat-antiquites.fr\/fr\/wp-json\/wp\/v2\/media?parent=101948"}],"wp:term":[{"taxonomy":"product_brand","embeddable":true,"href":"https:\/\/pipat-antiquites.fr\/fr\/wp-json\/wp\/v2\/product_brand?post=101948"},{"taxonomy":"product_cat","embeddable":true,"href":"https:\/\/pipat-antiquites.fr\/fr\/wp-json\/wp\/v2\/product_cat?post=101948"},{"taxonomy":"product_tag","embeddable":true,"href":"https:\/\/pipat-antiquites.fr\/fr\/wp-json\/wp\/v2\/product_tag?post=101948"}],"curies":[{"name":"wp","href":"https:\/\/api.w.org\/{rel}","templated":true}]}}