{"id":101924,"date":"2023-04-13T14:54:12","date_gmt":"2023-04-13T12:54:12","guid":{"rendered":"https:\/\/pipat-antiquites.fr\/?post_type=product&#038;p=101924"},"modified":"2023-10-25T14:52:43","modified_gmt":"2023-10-25T12:52:43","slug":"petit-cabinet-coffre-en-noyer-allemagne-fin-xvii-17-siecle","status":"publish","type":"product","link":"https:\/\/pipat-antiquites.fr\/fr\/objets\/petit-cabinet-coffre-en-noyer-allemagne-fin-xvii-17-siecle\/","title":{"rendered":"Petit cabinet en noyer. Allemagne, fin XVIIe si\u00e8cle"},"content":{"rendered":"<div class=\"wpb-content-wrapper\"><p>[vc_row][vc_column column_width_percent=\u00a0\u00bb100&Prime; gutter_size=\u00a0\u00bb3&Prime; override_padding=\u00a0\u00bbyes\u00a0\u00bb column_padding=\u00a0\u00bb3&Prime; overlay_alpha=\u00a0\u00bb50&Prime; shift_x=\u00a0\u00bb0&Prime; shift_y=\u00a0\u00bb0&Prime; shift_y_down=\u00a0\u00bb0&Prime; z_index=\u00a0\u00bb0&Prime; medium_width=\u00a0\u00bb0&Prime; mobile_width=\u00a0\u00bb0&Prime; width=\u00a0\u00bb1\/1&Prime; uncode_shortcode_id=\u00a0\u00bb172524&Prime;][vc_custom_heading text_weight=\u00a0\u00bb300&Prime; uncode_shortcode_id=\u00a0\u00bb129996&Prime;]Petit cabinet en noyer. Allemagne, fin XVIIe si\u00e8cle[\/vc_custom_heading][vc_column_text uncode_shortcode_id=\u00a0\u00bb113310&Prime;]Cinq petits tiroirs &#8211; certains compartiment\u00e9s &#8211; \u00e0 jolies queues d\u2019aronde meublent ce cabinet en noyer. Marquet\u00e9 sobrement et discr\u00e8tement relev\u00e9 de filets d\u2019os, ce charmant petit coffre pr\u00e9sente une \u00e9tonnante d\u00e9coration de panneaux ond\u00e9s. Ce rare d\u00e9cor offre un caract\u00e8re certainement unique \u00e0 ce joli cabinet que les amateurs de belle \u00e9b\u00e9nisterie ne manqueront pas de remarquer.<\/p>\n<ul>\n<li>Prix de livraison en France m\u00e9tropolitaine : 55\u20ac<br \/>\nPrix de livraison en Europe : 95\u20ac<br \/>\nPrix de livraison autres destination : 125\u20ac<\/li>\n<\/ul>\n<p>[\/vc_column_text][\/vc_column][\/vc_row]<\/p>\n<\/div>","protected":false},"excerpt":{"rendered":"<p style=\"text-align: center;\">Ravissant petit cabinet \u00e0 d\u00e9cor de panneaux ond\u00e9s.<\/p>\n<p style=\"text-align: center;\">Dimensions :<\/p>\n<ul>\n<li style=\"text-align: center;\">Hauteur : 26 cm<br \/>\nLargeur : 37 cm<br \/>\nProfondeur : 29 cm<\/li>\n<\/ul>\n","protected":false},"featured_media":103744,"template":"","meta":{"_seopress_robots_primary_cat":"none","_seopress_titles_title":"Petit cabinet en noyer. Allemagne, fin XVIIe si\u00e8cle ","_seopress_titles_desc":"Ravissant petit cabinet \u00e0 d\u00e9cor de panneaux ond\u00e9s.","_seopress_robots_index":"","content-type":""},"product_brand":[],"product_cat":[76,106,114,128,204,69],"product_tag":[249,253],"class_list":{"0":"post-101924","1":"product","2":"type-product","3":"status-publish","4":"has-post-thumbnail","6":"product_cat-objets","7":"product_cat-meubles","8":"product_cat-arts-decoratifs","9":"product_cat-cabinets","10":"product_cat-boites-etuis-necessaires-coffrets","11":"product_cat-mobilier","12":"product_tag-xviie-siecle","13":"product_tag-noyer","14":"product_shipping_class-niveau-5","16":"first","17":"instock","18":"shipping-taxable","19":"purchasable","20":"product-type-simple","21":"add-to-wishlist-after_add_to_cart"},"_links":{"self":[{"href":"https:\/\/pipat-antiquites.fr\/fr\/wp-json\/wp\/v2\/product\/101924","targetHints":{"allow":["GET"]}}],"collection":[{"href":"https:\/\/pipat-antiquites.fr\/fr\/wp-json\/wp\/v2\/product"}],"about":[{"href":"https:\/\/pipat-antiquites.fr\/fr\/wp-json\/wp\/v2\/types\/product"}],"wp:featuredmedia":[{"embeddable":true,"href":"https:\/\/pipat-antiquites.fr\/fr\/wp-json\/wp\/v2\/media\/103744"}],"wp:attachment":[{"href":"https:\/\/pipat-antiquites.fr\/fr\/wp-json\/wp\/v2\/media?parent=101924"}],"wp:term":[{"taxonomy":"product_brand","embeddable":true,"href":"https:\/\/pipat-antiquites.fr\/fr\/wp-json\/wp\/v2\/product_brand?post=101924"},{"taxonomy":"product_cat","embeddable":true,"href":"https:\/\/pipat-antiquites.fr\/fr\/wp-json\/wp\/v2\/product_cat?post=101924"},{"taxonomy":"product_tag","embeddable":true,"href":"https:\/\/pipat-antiquites.fr\/fr\/wp-json\/wp\/v2\/product_tag?post=101924"}],"curies":[{"name":"wp","href":"https:\/\/api.w.org\/{rel}","templated":true}]}}