{"id":101819,"date":"2017-04-05T09:40:03","date_gmt":"2017-04-05T07:40:03","guid":{"rendered":"https:\/\/pipat-antiquites.fr\/?post_type=product&#038;p=101819"},"modified":"2023-04-24T08:59:57","modified_gmt":"2023-04-24T06:59:57","slug":"poeme-calligraphie-sur-papier-de-mao-zedong-1893-1976-apres-1925","status":"publish","type":"product","link":"https:\/\/pipat-antiquites.fr\/fr\/objets\/poeme-calligraphie-sur-papier-de-mao-zedong-1893-1976-apres-1925\/","title":{"rendered":"Po\u00e8me calligraphi\u00e9 de Mao Zedong (1893 &#8211; 1976), apr\u00e8s 1925"},"content":{"rendered":"<div class=\"wpb-content-wrapper\"><p>[vc_row][vc_column column_width_percent=\u00a0\u00bb100&Prime; gutter_size=\u00a0\u00bb3&Prime; override_padding=\u00a0\u00bbyes\u00a0\u00bb column_padding=\u00a0\u00bb3&Prime; overlay_alpha=\u00a0\u00bb50&Prime; shift_x=\u00a0\u00bb0&Prime; shift_y=\u00a0\u00bb0&Prime; shift_y_down=\u00a0\u00bb0&Prime; z_index=\u00a0\u00bb0&Prime; medium_width=\u00a0\u00bb0&Prime; mobile_width=\u00a0\u00bb0&Prime; width=\u00a0\u00bb1\/1&Prime; uncode_shortcode_id=\u00a0\u00bb138866&Prime;][vc_custom_heading text_weight=\u00a0\u00bb300&Prime; uncode_shortcode_id=\u00a0\u00bb111698&Prime;]Po\u00e8me calligraphi\u00e9 de Mao Zedong (1893 &#8211; 1976), apr\u00e8s 1925[\/vc_custom_heading][vc_column_text uncode_shortcode_id=\u00a0\u00bb218887&Prime;]Calligraphi\u00e9 sur papier, c\u2019est bien le c\u00e9l\u00e8bre po\u00e8me Changsha compos\u00e9 par Mao Zedong en 1925. Il est consid\u00e9r\u00e9 par de nombreux Chinois comme \u00e9tant d\u2019une grande qualit\u00e9 litt\u00e9raire ainsi que l&rsquo;un des meilleurs po\u00e8mes de Mao qui en \u00e9crivit plusieurs.<br \/>\nVoici sa traduction :<\/p>\n<p>Seul, debout dans le froid d\u2019automne,<br \/>\nAu coeur du Xiangjiang fuyant vers le Nord,<br \/>\nAu cap de l\u2019Ile de l\u2019Orange,<br \/>\nJe vois sur des milliers de montagnes vermeilles,<br \/>\nLes bois teint\u00e9s de rouge \u00e9tages par \u00e9tages.<\/p>\n<p>Sur les vastes eaux, verte transparence,<br \/>\nCes bateaux filent dans leur concurrence,<br \/>\nLes aigles battent l\u2019infini des nues,<br \/>\nLes poissons de voler au fond des eaux t\u00e9nues;<br \/>\nEn automne, \u00e0 l\u2019envi, tous \u00eatres s\u2019en donnent \u00e0 leur aise.<\/p>\n<p>Saisi de cette immensit\u00e9,<br \/>\nJ\u2019interroge la terre en sa vague \u00e9tendue,<br \/>\nQuel ma\u00eetre tient le sort de toute la nature ?<\/p>\n<p>Avec maints compagnons ici j\u2019\u00e9tais venu ;<br \/>\nQue de jours \u00e9tonnants au temps jadis v\u00e9cus !<\/p>\n<p>Tous \u00e9tudiants, \u00e0 la fleur de l\u2019\u00e2ge,<br \/>\nEn pleine floraison de tournure et d\u2019esprit,<br \/>\nNous \u00e9tions, d\u2019une fougue \u00e9coli\u00e8re,<br \/>\nExalt\u00e9s au supr\u00eame degr\u00e9.<\/p>\n<p>Nous montrions du doigt nos champs, nos rivages ;<br \/>\nNos cris et nos bravos s\u2019exhalaient en ouvrages,<br \/>\nComptant tous nos seigneurs comme poussi\u00e8re immonde.<\/p>\n<p>Vous souvient-il<br \/>\nQu\u2019au milieu du courant nous donnions dans les ondes,<br \/>\nEn soulevant des flots contre l\u2019envoi des barques ?<\/p>\n<p>Cette calligraphie encadr\u00e9e du po\u00e8me de Mao est en tr\u00e8s bon \u00e9tat.<\/p>\n<ul>\n<li>Prix de livraison en France m\u00e9tropolitaine : 15\u20ac<br \/>\nPrix de livraison en Europe : 35\u20ac<br \/>\nPrix de livraison autres destination : 55\u20ac<\/li>\n<\/ul>\n<p>[\/vc_column_text][\/vc_column][\/vc_row]<\/p>\n<\/div>","protected":false},"excerpt":{"rendered":"<p style=\"text-align: center;\">Calligraphie sur papier, encadr\u00e9e et en tr\u00e8s bon \u00e9tat.<\/p>\n<p style=\"text-align: center;\">Dimensions avec cadre :<\/p>\n<ul>\n<li style=\"text-align: center;\">Hauteur : 41.2 cm<br \/>\nLargeur : 31 cm<br \/>\nProfondeur : 2 cm<\/li>\n<\/ul>\n","protected":false},"featured_media":101817,"template":"","meta":{"_seopress_robots_primary_cat":"none","_seopress_titles_title":"Po\u00e8me calligraphi\u00e9 de Mao Zedong (1893 - 1976), apr\u00e8s 1925","_seopress_titles_desc":"Calligraphie sur papier, encadr\u00e9e et en tr\u00e8s bon \u00e9tat.","_seopress_robots_index":"","content-type":""},"product_brand":[],"product_cat":[77,123,195],"product_tag":[257,263],"class_list":{"0":"post-101819","1":"product","2":"type-product","3":"status-publish","4":"has-post-thumbnail","6":"product_cat-beaux-arts","7":"product_cat-arts-graphiques","8":"product_cat-dessins","9":"product_tag-art-dasie","10":"product_tag-xxe-siecle","11":"product_shipping_class-niveau-1","13":"first","14":"outofstock","15":"shipping-taxable","16":"purchasable","17":"product-type-simple","18":"add-to-wishlist-after_add_to_cart"},"_links":{"self":[{"href":"https:\/\/pipat-antiquites.fr\/fr\/wp-json\/wp\/v2\/product\/101819","targetHints":{"allow":["GET"]}}],"collection":[{"href":"https:\/\/pipat-antiquites.fr\/fr\/wp-json\/wp\/v2\/product"}],"about":[{"href":"https:\/\/pipat-antiquites.fr\/fr\/wp-json\/wp\/v2\/types\/product"}],"wp:featuredmedia":[{"embeddable":true,"href":"https:\/\/pipat-antiquites.fr\/fr\/wp-json\/wp\/v2\/media\/101817"}],"wp:attachment":[{"href":"https:\/\/pipat-antiquites.fr\/fr\/wp-json\/wp\/v2\/media?parent=101819"}],"wp:term":[{"taxonomy":"product_brand","embeddable":true,"href":"https:\/\/pipat-antiquites.fr\/fr\/wp-json\/wp\/v2\/product_brand?post=101819"},{"taxonomy":"product_cat","embeddable":true,"href":"https:\/\/pipat-antiquites.fr\/fr\/wp-json\/wp\/v2\/product_cat?post=101819"},{"taxonomy":"product_tag","embeddable":true,"href":"https:\/\/pipat-antiquites.fr\/fr\/wp-json\/wp\/v2\/product_tag?post=101819"}],"curies":[{"name":"wp","href":"https:\/\/api.w.org\/{rel}","templated":true}]}}