{"id":101745,"date":"2023-03-23T18:54:56","date_gmt":"2023-03-23T17:54:56","guid":{"rendered":"https:\/\/pipat-antiquites.fr\/?post_type=product&#038;p=101745"},"modified":"2023-03-23T19:02:34","modified_gmt":"2023-03-23T18:02:34","slug":"vitrine-louis-philippe-en-acajou-flamme-de-cuba-xix-19-siecle","status":"publish","type":"product","link":"https:\/\/pipat-antiquites.fr\/fr\/objets\/vitrine-louis-philippe-en-acajou-flamme-de-cuba-xix-19-siecle\/","title":{"rendered":"Vitrine Louis-Philippe en acajou de Cuba, XIXe si\u00e8cle"},"content":{"rendered":"<div class=\"wpb-content-wrapper\"><p>[vc_row][vc_column column_width_percent=\u00a0\u00bb100&Prime; gutter_size=\u00a0\u00bb3&Prime; override_padding=\u00a0\u00bbyes\u00a0\u00bb column_padding=\u00a0\u00bb3&Prime; overlay_alpha=\u00a0\u00bb50&Prime; shift_x=\u00a0\u00bb0&Prime; shift_y=\u00a0\u00bb0&Prime; shift_y_down=\u00a0\u00bb0&Prime; z_index=\u00a0\u00bb0&Prime; medium_width=\u00a0\u00bb0&Prime; mobile_width=\u00a0\u00bb0&Prime; width=\u00a0\u00bb1\/1&Prime; uncode_shortcode_id=\u00a0\u00bb619423&Prime;][vc_custom_heading text_weight=\u00a0\u00bb300&Prime; uncode_shortcode_id=\u00a0\u00bb578222&Prime;]Vitrine Louis-Philippe en acajou de Cuba, XIXe si\u00e8cle[\/vc_custom_heading][vc_column_text uncode_shortcode_id=\u00a0\u00bb179922&Prime;]Discr\u00e8te cette petite vitrine a l\u2019air modeste qui convient aux petits meubles \u00e9l\u00e9gants. Compos\u00e9e de cinq \u00e9tag\u00e8res, elle n\u2019en laisse voir que quatre \u00e0 travers sa porte au deux tiers vitr\u00e9e. En tr\u00e8s bon \u00e9tat, cette vitrine convient aux petits espaces (appartement, chambres ou petits salons) dans lesquels elle aura tout le loisir de faire jouer les nuances de sa marqueterie d\u2019acajou flamm\u00e9 de Cuba.[\/vc_column_text][\/vc_column][\/vc_row]<\/p>\n<\/div>","protected":false},"excerpt":{"rendered":"<p style=\"text-align: center;\">Petite vitrine en acajou flamm\u00e9 de Cuba. Tr\u00e8s bon \u00e9tat.<\/p>\n<p style=\"text-align: center;\">Dimensions :<\/p>\n<ul>\n<li style=\"text-align: center;\">Hauteur : 158 cm<br \/>\nLargeur : 75 cm<br \/>\nProfondeur : 28.5 cm<\/li>\n<\/ul>\n","protected":false},"featured_media":101743,"template":"","meta":{"_seopress_robots_primary_cat":"none","_seopress_titles_title":"Vitrine Louis-Philippe en acajou de Cuba, XIXe si\u00e8cle ","_seopress_titles_desc":"Petite vitrine en acajou flamm\u00e9 de Cuba. Tr\u00e8s bon \u00e9tat.","_seopress_robots_index":"","content-type":""},"product_brand":[],"product_cat":[69,106,139],"product_tag":[252,280],"class_list":{"0":"post-101745","1":"product","2":"type-product","3":"status-publish","4":"has-post-thumbnail","6":"product_cat-mobilier","7":"product_cat-meubles","8":"product_cat-vitrines-et-etageres","9":"product_tag-xixe-siecle","10":"product_tag-acajou","12":"first","13":"instock","14":"shipping-taxable","15":"product-type-simple","16":"add-to-wishlist-after_add_to_cart"},"_links":{"self":[{"href":"https:\/\/pipat-antiquites.fr\/fr\/wp-json\/wp\/v2\/product\/101745","targetHints":{"allow":["GET"]}}],"collection":[{"href":"https:\/\/pipat-antiquites.fr\/fr\/wp-json\/wp\/v2\/product"}],"about":[{"href":"https:\/\/pipat-antiquites.fr\/fr\/wp-json\/wp\/v2\/types\/product"}],"wp:featuredmedia":[{"embeddable":true,"href":"https:\/\/pipat-antiquites.fr\/fr\/wp-json\/wp\/v2\/media\/101743"}],"wp:attachment":[{"href":"https:\/\/pipat-antiquites.fr\/fr\/wp-json\/wp\/v2\/media?parent=101745"}],"wp:term":[{"taxonomy":"product_brand","embeddable":true,"href":"https:\/\/pipat-antiquites.fr\/fr\/wp-json\/wp\/v2\/product_brand?post=101745"},{"taxonomy":"product_cat","embeddable":true,"href":"https:\/\/pipat-antiquites.fr\/fr\/wp-json\/wp\/v2\/product_cat?post=101745"},{"taxonomy":"product_tag","embeddable":true,"href":"https:\/\/pipat-antiquites.fr\/fr\/wp-json\/wp\/v2\/product_tag?post=101745"}],"curies":[{"name":"wp","href":"https:\/\/api.w.org\/{rel}","templated":true}]}}