{"id":101733,"date":"2017-03-21T12:36:04","date_gmt":"2017-03-21T11:36:04","guid":{"rendered":"https:\/\/pipat-antiquites.fr\/?post_type=product&#038;p=101733"},"modified":"2023-08-03T19:47:54","modified_gmt":"2023-08-03T17:47:54","slug":"element-architecture-jardin-urne-ou-vase-en-pierre-fin-xviii-18-siecle","status":"publish","type":"product","link":"https:\/\/pipat-antiquites.fr\/fr\/objets\/element-architecture-jardin-urne-ou-vase-en-pierre-fin-xviii-18-siecle\/","title":{"rendered":"Urne ou vase en pierre, fin XVIIIe si\u00e8cle"},"content":{"rendered":"<div class=\"wpb-content-wrapper\"><p>[vc_row][vc_column column_width_percent=\u00a0\u00bb100&Prime; gutter_size=\u00a0\u00bb3&Prime; override_padding=\u00a0\u00bbyes\u00a0\u00bb column_padding=\u00a0\u00bb3&Prime; overlay_alpha=\u00a0\u00bb50&Prime; shift_x=\u00a0\u00bb0&Prime; shift_y=\u00a0\u00bb0&Prime; shift_y_down=\u00a0\u00bb0&Prime; z_index=\u00a0\u00bb0&Prime; medium_width=\u00a0\u00bb0&Prime; mobile_width=\u00a0\u00bb0&Prime; width=\u00a0\u00bb1\/1&Prime; uncode_shortcode_id=\u00a0\u00bb652868&Prime;][vc_custom_heading text_weight=\u00a0\u00bb300&Prime; uncode_shortcode_id=\u00a0\u00bb152108&Prime;]Urne ou vase en pierre, fin XVIIIe si\u00e8cle[\/vc_custom_heading][vc_column_text uncode_shortcode_id=\u00a0\u00bb162233&Prime;]La forme du pot \u00e0 feu, d\u2019origine militaire, est un classique de l\u2019architecture europ\u00e9enne. Remani\u00e9 d\u00e8s le d\u00e9but de la Renaissance fran\u00e7aise, cette derni\u00e8re fait du pot un vase et de la flamme une fleur, un artichaut ou une pomme de pin. L\u2019\u00e9l\u00e9ment ponctue les jardins \u00e0 la fran\u00e7aise et anime les all\u00e9es ou les escaliers. Celui que nous proposons est en pierre et se compose de plusieurs \u00e9l\u00e9ments, tous en tr\u00e8s bon \u00e9tat et dat\u00e9s de la fin du XVIII si\u00e8cle.<br \/>\nLes lourdes guirlandes de fruits ainsi que les pendants de feuilles d\u2019acanthes ne manquent pas d\u2019incarner les premi\u00e8res amours du style Louis XVI tandis que la forme classique porte le souvenir du go\u00fbt naissant pour le n\u00e9oclassicisme.[\/vc_column_text][\/vc_column][\/vc_row]<\/p>\n<\/div>","protected":false},"excerpt":{"rendered":"<p style=\"text-align: center;\">\u00c9l\u00e9ment de jardin ou d&rsquo;architecture ext\u00e9rieure en tr\u00e8s bon \u00e9tat.<\/p>\n<p style=\"text-align: center;\">Dimensions :<\/p>\n<ul>\n<li style=\"text-align: center;\">Hauteur : 165 cm<br \/>\nLargeur : 45 cm<br \/>\nProfondeur : 45 cm<\/li>\n<\/ul>\n","protected":false},"featured_media":101725,"template":"","meta":{"_seopress_robots_primary_cat":"none","_seopress_titles_title":"Urne ou vase en pierre, fin XVIIIe si\u00e8cle ","_seopress_titles_desc":"\u00c9l\u00e9ment de jardin ou d&#039;architecture ext\u00e9rieure en tr\u00e8s bon \u00e9tat.","_seopress_robots_index":"","_seopress_analysis_target_kw":"","content-type":""},"product_brand":[],"product_cat":[120,239,240],"product_tag":[161,441],"class_list":{"0":"post-101733","1":"product","2":"type-product","3":"status-publish","4":"has-post-thumbnail","6":"product_cat-materiaux-et-architecture","7":"product_cat-elements-darchitecture","8":"product_cat-ornements-de-jardin","9":"product_tag-xviiie-siecle","10":"product_tag-pierre","12":"first","13":"outofstock","14":"shipping-taxable","15":"purchasable","16":"product-type-simple","17":"add-to-wishlist-after_add_to_cart"},"_links":{"self":[{"href":"https:\/\/pipat-antiquites.fr\/fr\/wp-json\/wp\/v2\/product\/101733","targetHints":{"allow":["GET"]}}],"collection":[{"href":"https:\/\/pipat-antiquites.fr\/fr\/wp-json\/wp\/v2\/product"}],"about":[{"href":"https:\/\/pipat-antiquites.fr\/fr\/wp-json\/wp\/v2\/types\/product"}],"wp:featuredmedia":[{"embeddable":true,"href":"https:\/\/pipat-antiquites.fr\/fr\/wp-json\/wp\/v2\/media\/101725"}],"wp:attachment":[{"href":"https:\/\/pipat-antiquites.fr\/fr\/wp-json\/wp\/v2\/media?parent=101733"}],"wp:term":[{"taxonomy":"product_brand","embeddable":true,"href":"https:\/\/pipat-antiquites.fr\/fr\/wp-json\/wp\/v2\/product_brand?post=101733"},{"taxonomy":"product_cat","embeddable":true,"href":"https:\/\/pipat-antiquites.fr\/fr\/wp-json\/wp\/v2\/product_cat?post=101733"},{"taxonomy":"product_tag","embeddable":true,"href":"https:\/\/pipat-antiquites.fr\/fr\/wp-json\/wp\/v2\/product_tag?post=101733"}],"curies":[{"name":"wp","href":"https:\/\/api.w.org\/{rel}","templated":true}]}}