{"id":101472,"date":"2023-02-17T12:30:09","date_gmt":"2023-02-17T11:30:09","guid":{"rendered":"https:\/\/pipat-antiquites.fr\/?post_type=product&#038;p=101472"},"modified":"2023-02-17T12:32:51","modified_gmt":"2023-02-17T11:32:51","slug":"mobilier-design-italien-enfilade-en-verre-murano-couleur-creme-fin-xx-20-siecle","status":"publish","type":"product","link":"https:\/\/pipat-antiquites.fr\/fr\/objets\/mobilier-design-italien-enfilade-en-verre-murano-couleur-creme-fin-xx-20-siecle\/","title":{"rendered":"Enfilade en verre Murano couleur cr\u00e8me, fin XXe si\u00e8cle"},"content":{"rendered":"<div class=\"wpb-content-wrapper\"><p>[vc_row][vc_column column_width_percent=\u00a0\u00bb100&Prime; gutter_size=\u00a0\u00bb3&Prime; override_padding=\u00a0\u00bbyes\u00a0\u00bb column_padding=\u00a0\u00bb3&Prime; overlay_alpha=\u00a0\u00bb50&Prime; shift_x=\u00a0\u00bb0&Prime; shift_y=\u00a0\u00bb0&Prime; shift_y_down=\u00a0\u00bb0&Prime; z_index=\u00a0\u00bb0&Prime; medium_width=\u00a0\u00bb0&Prime; mobile_width=\u00a0\u00bb0&Prime; width=\u00a0\u00bb1\/1&Prime; uncode_shortcode_id=\u00a0\u00bb134183&Prime;][vc_custom_heading text_weight=\u00a0\u00bb300&Prime; uncode_shortcode_id=\u00a0\u00bb952840&Prime;]Enfilade en verre Murano couleur cr\u00e8me, fin XXe si\u00e8cle[\/vc_custom_heading][vc_column_text uncode_shortcode_id=\u00a0\u00bb351755&Prime;]Ouvrant \u00e0 six tiroirs, cette enfilade en parfait \u00e9tat a \u00e9t\u00e9 dessin\u00e9e par un designer italien et r\u00e9alis\u00e9e par un ma\u00eetre verrier Murano au tournant du XXIe si\u00e8cle. Les poign\u00e9es de tirage, les pieds et les entourages des tiroirs en laiton dor\u00e9 apportent beaucoup d\u2019\u00e9l\u00e9gance \u00e0 ce meuble unique.<br \/>\nCe type de meuble en verre italien se marie aussi bien avec l\u2019ancien qu\u2019avec le moderne, il est de fait tr\u00e8s recherch\u00e9 par les d\u00e9corateurs et architectes d\u2019int\u00e9rieur.[\/vc_column_text][\/vc_column][\/vc_row]<\/p>\n<\/div>","protected":false},"excerpt":{"rendered":"<p style=\"text-align: center;\">Mobilier italien contemporain r\u00e9alis\u00e9 par un ma\u00eetre verrier Murano. Parfait \u00e9tat.<\/p>\n<p style=\"text-align: center;\">Dimensions :<\/p>\n<ul>\n<li style=\"text-align: center;\">Hauteur : 86 cm<br \/>\nLargeur : 170 cm<br \/>\nProfondeur : 50.5 cm<\/li>\n<\/ul>\n","protected":false},"featured_media":101460,"template":"","meta":{"_seopress_robots_primary_cat":"none","_seopress_titles_title":"Enfilade en verre Murano couleur cr\u00e8me, fin XXe si\u00e8cle ","_seopress_titles_desc":"Mobilier italien contemporain r\u00e9alis\u00e9 par un ma\u00eetre verrier Murano. Parfait \u00e9tat.","_seopress_robots_index":"","content-type":""},"product_brand":[],"product_cat":[126,69,106],"product_tag":[263,567],"class_list":{"0":"post-101472","1":"product","2":"type-product","3":"status-publish","4":"has-post-thumbnail","6":"product_cat-buffets-et-enfilades","7":"product_cat-mobilier","8":"product_cat-meubles","9":"product_tag-xxe-siecle","10":"product_tag-murano","12":"first","13":"instock","14":"shipping-taxable","15":"product-type-simple","16":"add-to-wishlist-after_add_to_cart"},"_links":{"self":[{"href":"https:\/\/pipat-antiquites.fr\/fr\/wp-json\/wp\/v2\/product\/101472","targetHints":{"allow":["GET"]}}],"collection":[{"href":"https:\/\/pipat-antiquites.fr\/fr\/wp-json\/wp\/v2\/product"}],"about":[{"href":"https:\/\/pipat-antiquites.fr\/fr\/wp-json\/wp\/v2\/types\/product"}],"wp:featuredmedia":[{"embeddable":true,"href":"https:\/\/pipat-antiquites.fr\/fr\/wp-json\/wp\/v2\/media\/101460"}],"wp:attachment":[{"href":"https:\/\/pipat-antiquites.fr\/fr\/wp-json\/wp\/v2\/media?parent=101472"}],"wp:term":[{"taxonomy":"product_brand","embeddable":true,"href":"https:\/\/pipat-antiquites.fr\/fr\/wp-json\/wp\/v2\/product_brand?post=101472"},{"taxonomy":"product_cat","embeddable":true,"href":"https:\/\/pipat-antiquites.fr\/fr\/wp-json\/wp\/v2\/product_cat?post=101472"},{"taxonomy":"product_tag","embeddable":true,"href":"https:\/\/pipat-antiquites.fr\/fr\/wp-json\/wp\/v2\/product_tag?post=101472"}],"curies":[{"name":"wp","href":"https:\/\/api.w.org\/{rel}","templated":true}]}}