{"id":101359,"date":"2023-02-13T10:43:07","date_gmt":"2023-02-13T09:43:07","guid":{"rendered":"https:\/\/pipat-antiquites.fr\/?post_type=product&#038;p=101359"},"modified":"2023-10-31T16:57:11","modified_gmt":"2023-10-31T15:57:11","slug":"miroir-cheminee-ancien-a-parcloses-style-transition-xix-19-siecle","status":"publish","type":"product","link":"https:\/\/pipat-antiquites.fr\/fr\/objets\/miroir-cheminee-ancien-a-parcloses-style-transition-xix-19-siecle\/","title":{"rendered":"Miroir \u00e0 parcloses, style Transition, XIXe si\u00e8cle"},"content":{"rendered":"<div class=\"wpb-content-wrapper\"><p>[vc_row][vc_column column_width_percent=\u00a0\u00bb100&Prime; gutter_size=\u00a0\u00bb3&Prime; override_padding=\u00a0\u00bbyes\u00a0\u00bb column_padding=\u00a0\u00bb3&Prime; overlay_alpha=\u00a0\u00bb50&Prime; shift_x=\u00a0\u00bb0&Prime; shift_y=\u00a0\u00bb0&Prime; shift_y_down=\u00a0\u00bb0&Prime; z_index=\u00a0\u00bb0&Prime; medium_width=\u00a0\u00bb0&Prime; mobile_width=\u00a0\u00bb0&Prime; width=\u00a0\u00bb1\/1&Prime; uncode_shortcode_id=\u00a0\u00bb137481&Prime;][vc_custom_heading text_weight=\u00a0\u00bb300&Prime; uncode_shortcode_id=\u00a0\u00bb163234&Prime;]Miroir \u00e0 parcloses, style Transition, XIXe si\u00e8cle[\/vc_custom_heading][vc_column_text uncode_shortcode_id=\u00a0\u00bb123740&Prime;]Ce superbe miroir de chemin\u00e9e, qu\u2019il ait \u00e9t\u00e9 d\u2019abord commandit\u00e9 pour un appartement ou une maison bourgeoise, reprend les codes du style Transition. Encore mouvement\u00e9 par le go\u00fbt Louis XV dans son fronton de feuilles d\u2019acanthes enroul\u00e9es, il est aussi assagi par la rigueur de ses parcloses, d\u00e9j\u00e0 impr\u00e9gn\u00e9s du retour \u00e0 l\u2019antique qui op\u00e8re dans la seconde moiti\u00e9 du XVIIIe si\u00e8cle. Tout de bois dor\u00e9 et de verre, ce miroir ben tr\u00e8s bon \u00e9tat ornera avec \u00e9l\u00e9gance les int\u00e9rieurs classiques ou modernes.[\/vc_column_text][\/vc_column][\/vc_row]<\/p>\n<\/div>","protected":false},"excerpt":{"rendered":"<p style=\"text-align: center;\">Miroir de chemin\u00e9e ancien en bois dor\u00e9 et verre, en tr\u00e8s bon \u00e9tat.<\/p>\n<p style=\"text-align: center;\">Dimensions :<\/p>\n<ul>\n<li style=\"text-align: center;\">Hauteur : 165 cm<br \/>\nLargeur : 104 cm<br \/>\nProfondeur : 4 cm<\/li>\n<\/ul>\n","protected":false},"featured_media":101355,"template":"","meta":{"_seopress_robots_primary_cat":"none","_seopress_titles_title":"Miroir \u00e0 parcloses, style Transition, XIXe si\u00e8cle ","_seopress_titles_desc":"Miroir de chemin\u00e9e ancien en bois dor\u00e9 et verre, en tr\u00e8s bon \u00e9tat.","_seopress_robots_index":"","content-type":""},"product_brand":[],"product_cat":[76,114,213],"product_tag":[252,520],"class_list":{"0":"post-101359","1":"product","2":"type-product","3":"status-publish","4":"has-post-thumbnail","6":"product_cat-objets","7":"product_cat-arts-decoratifs","8":"product_cat-miroirs-et-trumeaux","9":"product_tag-xixe-siecle","10":"product_tag-transition","12":"first","13":"outofstock","14":"shipping-taxable","15":"purchasable","16":"product-type-simple","17":"add-to-wishlist-after_add_to_cart"},"_links":{"self":[{"href":"https:\/\/pipat-antiquites.fr\/fr\/wp-json\/wp\/v2\/product\/101359","targetHints":{"allow":["GET"]}}],"collection":[{"href":"https:\/\/pipat-antiquites.fr\/fr\/wp-json\/wp\/v2\/product"}],"about":[{"href":"https:\/\/pipat-antiquites.fr\/fr\/wp-json\/wp\/v2\/types\/product"}],"wp:featuredmedia":[{"embeddable":true,"href":"https:\/\/pipat-antiquites.fr\/fr\/wp-json\/wp\/v2\/media\/101355"}],"wp:attachment":[{"href":"https:\/\/pipat-antiquites.fr\/fr\/wp-json\/wp\/v2\/media?parent=101359"}],"wp:term":[{"taxonomy":"product_brand","embeddable":true,"href":"https:\/\/pipat-antiquites.fr\/fr\/wp-json\/wp\/v2\/product_brand?post=101359"},{"taxonomy":"product_cat","embeddable":true,"href":"https:\/\/pipat-antiquites.fr\/fr\/wp-json\/wp\/v2\/product_cat?post=101359"},{"taxonomy":"product_tag","embeddable":true,"href":"https:\/\/pipat-antiquites.fr\/fr\/wp-json\/wp\/v2\/product_tag?post=101359"}],"curies":[{"name":"wp","href":"https:\/\/api.w.org\/{rel}","templated":true}]}}