{"id":101241,"date":"2023-01-23T09:03:50","date_gmt":"2023-01-23T08:03:50","guid":{"rendered":"https:\/\/pipat-antiquites.fr\/?post_type=product&#038;p=101241"},"modified":"2025-02-27T14:40:35","modified_gmt":"2025-02-27T13:40:35","slug":"sculpture-en-pierre-de-saint-nicolas-xix-19-siecle","status":"publish","type":"product","link":"https:\/\/pipat-antiquites.fr\/fr\/objets\/sculpture-en-pierre-de-saint-nicolas-xix-19-siecle\/","title":{"rendered":"Sculpture en pierre de Saint-Nicolas, XIXe si\u00e8cle"},"content":{"rendered":"<div class=\"wpb-content-wrapper\"><p>[vc_row][vc_column column_width_percent=\u00a0\u00bb100&Prime; gutter_size=\u00a0\u00bb3&Prime; override_padding=\u00a0\u00bbyes\u00a0\u00bb column_padding=\u00a0\u00bb3&Prime; overlay_alpha=\u00a0\u00bb50&Prime; shift_x=\u00a0\u00bb0&Prime; shift_y=\u00a0\u00bb0&Prime; shift_y_down=\u00a0\u00bb0&Prime; z_index=\u00a0\u00bb0&Prime; medium_width=\u00a0\u00bb0&Prime; mobile_width=\u00a0\u00bb0&Prime; width=\u00a0\u00bb1\/1&Prime; uncode_shortcode_id=\u00a0\u00bb100558&Prime;][vc_custom_heading text_weight=\u00a0\u00bb300&Prime; uncode_shortcode_id=\u00a0\u00bb143270&Prime;]Sculpture en Pierre de Saint-Nicolas, XIXe si\u00e8cle[\/vc_custom_heading][vc_column_text uncode_shortcode_id=\u00a0\u00bb809087&Prime;]Particuli\u00e8rement f\u00eat\u00e9 en Alsace et en Lorraine le 6 d\u00e9cembre, Saint-Nicolas est souvent consid\u00e9r\u00e9 comme un \u00e9quivalent du P\u00e8re-No\u00ebl, un personnage doux et protecteur des enfants, et pour cause ! Sa l\u00e9gende veut qu\u2019il ait fait ressuscit\u00e9 trois petits enfants tu\u00e9s et transform\u00e9s en petit sal\u00e9 par un boucher ! Cette d\u00e9sagr\u00e9able exp\u00e9rience gastronomique fit de lui le patron des enfants et des \u00e9coliers qui, au XIXe si\u00e8cle &#8211; \u00e9poque de cr\u00e9ation de notre sculpture &#8211; s\u2019en remettaient sans doute \u00e0 lui pour grandir sans trop d\u2019encombres.[\/vc_column_text][\/vc_column][\/vc_row]<\/p>\n<\/div>","protected":false},"excerpt":{"rendered":"<h2 style=\"text-align: center;\">R\u00c9SERV\u00c9E<\/h2>\n<p style=\"text-align: center;\">Saint patron des enfants et des \u00e9coliers, Saint-Nicolas est particuli\u00e8rement c\u00e9l\u00e9br\u00e9 dans l&rsquo;est de la France et en Allemagne.<\/p>\n<p style=\"text-align: center;\">Dimensions :<\/p>\n<ul>\n<li style=\"text-align: center;\">Hauteur\u00a0: 128 cm<br \/>\nLargeur\u00a0: environ 66 cm<br \/>\nProfondeur\u00a0: environ 35 cm<\/li>\n<\/ul>\n","protected":false},"featured_media":101239,"template":"","meta":{"_seopress_robots_primary_cat":"none","_seopress_titles_title":"Sculpture en Pierre de Saint-Nicolas, XIXe si\u00e8cle","_seopress_titles_desc":"Saint patron des enfants et des \u00e9coliers, Saint-Nicolas est particuli\u00e8rement c\u00e9l\u00e9br\u00e9 dans l'est de la France et en Allemagne.","_seopress_robots_index":"","content-type":""},"product_brand":[],"product_cat":[77,122,190],"product_tag":[252],"class_list":{"0":"post-101241","1":"product","2":"type-product","3":"status-publish","4":"has-post-thumbnail","6":"product_cat-beaux-arts","7":"product_cat-sculptures","8":"product_cat-marbre-et-pierre","9":"product_tag-xixe-siecle","11":"first","12":"instock","13":"shipping-taxable","14":"product-type-simple","15":"add-to-wishlist-after_add_to_cart"},"_links":{"self":[{"href":"https:\/\/pipat-antiquites.fr\/fr\/wp-json\/wp\/v2\/product\/101241","targetHints":{"allow":["GET"]}}],"collection":[{"href":"https:\/\/pipat-antiquites.fr\/fr\/wp-json\/wp\/v2\/product"}],"about":[{"href":"https:\/\/pipat-antiquites.fr\/fr\/wp-json\/wp\/v2\/types\/product"}],"wp:featuredmedia":[{"embeddable":true,"href":"https:\/\/pipat-antiquites.fr\/fr\/wp-json\/wp\/v2\/media\/101239"}],"wp:attachment":[{"href":"https:\/\/pipat-antiquites.fr\/fr\/wp-json\/wp\/v2\/media?parent=101241"}],"wp:term":[{"taxonomy":"product_brand","embeddable":true,"href":"https:\/\/pipat-antiquites.fr\/fr\/wp-json\/wp\/v2\/product_brand?post=101241"},{"taxonomy":"product_cat","embeddable":true,"href":"https:\/\/pipat-antiquites.fr\/fr\/wp-json\/wp\/v2\/product_cat?post=101241"},{"taxonomy":"product_tag","embeddable":true,"href":"https:\/\/pipat-antiquites.fr\/fr\/wp-json\/wp\/v2\/product_tag?post=101241"}],"curies":[{"name":"wp","href":"https:\/\/api.w.org\/{rel}","templated":true}]}}