{"id":101134,"date":"2023-01-10T14:09:03","date_gmt":"2023-01-10T13:09:03","guid":{"rendered":"https:\/\/pipat-antiquites.fr\/?post_type=product&#038;p=101134"},"modified":"2024-10-10T18:06:43","modified_gmt":"2024-10-10T16:06:43","slug":"buffet-ribbank-des-flandres-ou-des-pays-bas-xvii-17-siecle","status":"publish","type":"product","link":"https:\/\/pipat-antiquites.fr\/fr\/objets\/buffet-ribbank-des-flandres-ou-des-pays-bas-xvii-17-siecle\/","title":{"rendered":"Buffet ribbank des Flandres ou des Pays-Bas, XVIIe si\u00e8cle"},"content":{"rendered":"<div class=\"wpb-content-wrapper\"><p>[vc_row][vc_column column_width_percent=\u00a0\u00bb100&Prime; gutter_size=\u00a0\u00bb3&Prime; override_padding=\u00a0\u00bbyes\u00a0\u00bb column_padding=\u00a0\u00bb3&Prime; overlay_alpha=\u00a0\u00bb50&Prime; shift_x=\u00a0\u00bb0&Prime; shift_y=\u00a0\u00bb0&Prime; shift_y_down=\u00a0\u00bb0&Prime; z_index=\u00a0\u00bb0&Prime; medium_width=\u00a0\u00bb0&Prime; mobile_width=\u00a0\u00bb0&Prime; width=\u00a0\u00bb1\/1&Prime; uncode_shortcode_id=\u00a0\u00bb424904&Prime;][vc_custom_heading text_weight=\u00a0\u00bb300&Prime; uncode_shortcode_id=\u00a0\u00bb178559&Prime;]Buffet ribbank des Flandres ou des Pays-Bas, XVIIe si\u00e8cle[\/vc_custom_heading][vc_column_text uncode_shortcode_id=\u00a0\u00bb728045&Prime;]Pi\u00e8ce de mobilier incontournable des Flandres et des pays du nord, le ribbank se pr\u00e9sente sous la forme d\u2019un buffet ouvrant le plus souvent \u00e0 deux portes sous lesquelles deux tiroirs forment la ceinture du meuble. Leur d\u00e9coration est inspir\u00e9e, comme pour celui que nous pr\u00e9sentons, des formes de la Renaissance : chutes de fruits et de fleurs, n\u0153uds de ruban et mascarons sur des panneaux fortement moulur\u00e9s et couronn\u00e9s d\u2019imposantes corniches. Reposant sur quatre pieds boule en bois noir teint\u00e9, ce ribbank est en excellent \u00e9tat.[\/vc_column_text][\/vc_column][\/vc_row]<\/p>\n<\/div>","protected":false},"excerpt":{"rendered":"<p style=\"text-align: center;\">Ribbank en excellent \u00e9tat, ouvrant \u00e0 deux portes et deux tiroirs.<\/p>\n<p style=\"text-align: center;\">Dimensions :<\/p>\n<ul>\n<li style=\"text-align: center;\">Hauteur : 169 cm<br \/>\nLargeur : 164.5 cm<br \/>\nProfondeur : 72 cm<\/li>\n<\/ul>\n","protected":false},"featured_media":101132,"template":"","meta":{"_seopress_robots_primary_cat":"none","_seopress_titles_title":"Buffet ribbank des Flandres ou des Pays-Bas, XVIIe si\u00e8cle","_seopress_titles_desc":"Ribbank en excellent \u00e9tat, ouvrant \u00e0 deux portes et deux tiroirs.","_seopress_robots_index":"","content-type":""},"product_brand":[],"product_cat":[69,106,126],"product_tag":[249],"class_list":{"0":"post-101134","1":"product","2":"type-product","3":"status-publish","4":"has-post-thumbnail","6":"product_cat-mobilier","7":"product_cat-meubles","8":"product_cat-buffets-et-enfilades","9":"product_tag-xviie-siecle","11":"first","12":"outofstock","13":"shipping-taxable","14":"purchasable","15":"product-type-simple","16":"add-to-wishlist-after_add_to_cart"},"_links":{"self":[{"href":"https:\/\/pipat-antiquites.fr\/fr\/wp-json\/wp\/v2\/product\/101134","targetHints":{"allow":["GET"]}}],"collection":[{"href":"https:\/\/pipat-antiquites.fr\/fr\/wp-json\/wp\/v2\/product"}],"about":[{"href":"https:\/\/pipat-antiquites.fr\/fr\/wp-json\/wp\/v2\/types\/product"}],"wp:featuredmedia":[{"embeddable":true,"href":"https:\/\/pipat-antiquites.fr\/fr\/wp-json\/wp\/v2\/media\/101132"}],"wp:attachment":[{"href":"https:\/\/pipat-antiquites.fr\/fr\/wp-json\/wp\/v2\/media?parent=101134"}],"wp:term":[{"taxonomy":"product_brand","embeddable":true,"href":"https:\/\/pipat-antiquites.fr\/fr\/wp-json\/wp\/v2\/product_brand?post=101134"},{"taxonomy":"product_cat","embeddable":true,"href":"https:\/\/pipat-antiquites.fr\/fr\/wp-json\/wp\/v2\/product_cat?post=101134"},{"taxonomy":"product_tag","embeddable":true,"href":"https:\/\/pipat-antiquites.fr\/fr\/wp-json\/wp\/v2\/product_tag?post=101134"}],"curies":[{"name":"wp","href":"https:\/\/api.w.org\/{rel}","templated":true}]}}