{"id":100975,"date":"2022-12-23T11:15:22","date_gmt":"2022-12-23T10:15:22","guid":{"rendered":"https:\/\/pipat-antiquites.fr\/?post_type=product&#038;p=100975"},"modified":"2024-10-01T11:30:16","modified_gmt":"2024-10-01T09:30:16","slug":"bronze-laurent-de-medicis-dapres-michel-ange-san-lorenzo-florence-xix-19-siecle","status":"publish","type":"product","link":"https:\/\/pipat-antiquites.fr\/fr\/objets\/bronze-laurent-de-medicis-dapres-michel-ange-san-lorenzo-florence-xix-19-siecle\/","title":{"rendered":"Bronze Laurent de M\u00e9dicis d\u2019apr\u00e8s Michel-Ange, XIXe si\u00e8cle"},"content":{"rendered":"<div class=\"wpb-content-wrapper\"><p>[vc_row][vc_column column_width_percent=\u00a0\u00bb100&Prime; gutter_size=\u00a0\u00bb3&Prime; override_padding=\u00a0\u00bbyes\u00a0\u00bb column_padding=\u00a0\u00bb3&Prime; overlay_alpha=\u00a0\u00bb50&Prime; shift_x=\u00a0\u00bb0&Prime; shift_y=\u00a0\u00bb0&Prime; shift_y_down=\u00a0\u00bb0&Prime; z_index=\u00a0\u00bb0&Prime; medium_width=\u00a0\u00bb0&Prime; mobile_width=\u00a0\u00bb0&Prime; width=\u00a0\u00bb1\/1&Prime; uncode_shortcode_id=\u00a0\u00bb136666&Prime;][vc_custom_heading text_weight=\u00a0\u00bb300&Prime; uncode_shortcode_id=\u00a0\u00bb100548&Prime;]Bronze Laurent de M\u00e9dicis d\u2019apr\u00e8s Michel-Ange, XIXe si\u00e8cle[\/vc_custom_heading][vc_column_text uncode_shortcode_id=\u00a0\u00bb150251&Prime;]Le sculpteur Michel-Ange (1475 &#8211; 1564) et Laurent de M\u00e9dicis &#8211; dit le Magnifique &#8211; sont sans doute l\u2019id\u00e9al du bin\u00f4me liant un commanditaire \u00e0 un grand artiste. Leur relation d\u00e9passa pourtant largement ce seul rapport puisque le sculpteur \u00e9tait quasiment consid\u00e9r\u00e9 comme un membre de la famille M\u00e9dicis ; il v\u00e9cut au sein m\u00eame du palais Medici-Riccardi entre 1490 et 1492. Au contact des collections antiques de la famille et de l\u2019\u00e9mulation artistique et intellectuelle qui l\u2019entourent quotidiennement, Michel Ange va devenir le sculpteur que l\u2019on sait et n\u2019oubliera jamais l\u2019aide de son Magnifique protecteur.\u2028Lorsqu\u2019il s\u2019agit de rendre hommage \u00e0 son petit-fils, Laurent II, en r\u00e9alisant la sculpture qui orne son tombeau dans la Basilique San Lorenzo \u00e0 Florence, Michel Ange r\u00e9alise un chef d\u2019\u0153uvre \u00e0 la hauteur de son talent.<\/p>\n<p>V\u00eatu tel un chef de guerre romain, Laurent II n\u2019adopte pas une posture belliqueuse ou triomphante mais plut\u00f4t pensive et presque intime. La posture n\u2019est pas officielle, le personnage est saisi en pleine r\u00e9flexion, assis \u00e0 l\u2019\u00e9cart du bruit et de l\u2019agitation du monde (peut-\u00eatre m\u00e9dite-t-il cet ouvrage, <em>Le Prince<\/em>, que Machiavel lui a d\u00e9di\u00e9)<br \/>\nLe coffret sur lequel il est accoud\u00e9 renferme les exp\u00e9riences accumul\u00e9es tout au long d\u2019une vie, bien plus pr\u00e9cieuses que toutes les richesses mat\u00e9rielles. La chauve-souris qui orne l\u2019objet incarne la m\u00e9lancolie, celle du temps pass\u00e9, celle du regret des joies de la vie ou celle des moments manqu\u00e9s.<\/p>\n<p>Du haut de son tombeau, dans le calme de la <a href=\"https:\/\/sanlorenzofirenze.it\" target=\"_blank\" rel=\"noopener\">basilique<\/a>, Laurent observe pour l\u2019\u00e9ternit\u00e9 la vie continuer et se souvient de la sienne, invitant le spectateur a faire preuve de la m\u00eame humilit\u00e9 que lui : <em>tempus fugit<\/em>. Un exemple de mod\u00e9ration et de retenue qu\u2019appr\u00e9cie la bourgeoisie du XIXe si\u00e8cle. Notre \u00e9preuve \u00e0 patine brune, dat\u00e9e de ce m\u00eame si\u00e8cle, est en parfait \u00e9tat.[\/vc_column_text][\/vc_column][\/vc_row]<\/p>\n<\/div>","protected":false},"excerpt":{"rendered":"<p style=\"text-align: center;\">Sculpture d&rsquo;apr\u00e8s celle en marbre de Michel-Ange pour le tombeau de Laurent II de M\u00e9dicis dans la basilique de San Lorenzo \u00e0 Florence.<\/p>\n<p style=\"text-align: center;\">Dimensions :<\/p>\n<ul>\n<li style=\"text-align: center;\">Hauteur : 53 cm<br \/>\nLargeur : 24 cm<br \/>\nProfondeur : 35 cm<\/li>\n<\/ul>\n","protected":false},"featured_media":106032,"template":"","meta":{"_seopress_robots_primary_cat":"none","_seopress_titles_title":"Bronze Laurent de M\u00e9dicis d\u2019apr\u00e8s Michel-Ange, XIXe si\u00e8cle","_seopress_titles_desc":"Sculpture d'apr\u00e8s celle en marbre de Michel-Ange pour le tombeau de Laurent de M\u00e9dicis dans la basilique de San Lorenzo \u00e0 Florence.","_seopress_robots_index":"","content-type":""},"product_brand":[],"product_cat":[77,122,188],"product_tag":[252],"class_list":{"0":"post-100975","1":"product","2":"type-product","3":"status-publish","4":"has-post-thumbnail","6":"product_cat-beaux-arts","7":"product_cat-sculptures","8":"product_cat-bronze","9":"product_tag-xixe-siecle","11":"first","12":"instock","13":"shipping-taxable","14":"product-type-simple","15":"add-to-wishlist-after_add_to_cart"},"_links":{"self":[{"href":"https:\/\/pipat-antiquites.fr\/fr\/wp-json\/wp\/v2\/product\/100975","targetHints":{"allow":["GET"]}}],"collection":[{"href":"https:\/\/pipat-antiquites.fr\/fr\/wp-json\/wp\/v2\/product"}],"about":[{"href":"https:\/\/pipat-antiquites.fr\/fr\/wp-json\/wp\/v2\/types\/product"}],"wp:featuredmedia":[{"embeddable":true,"href":"https:\/\/pipat-antiquites.fr\/fr\/wp-json\/wp\/v2\/media\/106032"}],"wp:attachment":[{"href":"https:\/\/pipat-antiquites.fr\/fr\/wp-json\/wp\/v2\/media?parent=100975"}],"wp:term":[{"taxonomy":"product_brand","embeddable":true,"href":"https:\/\/pipat-antiquites.fr\/fr\/wp-json\/wp\/v2\/product_brand?post=100975"},{"taxonomy":"product_cat","embeddable":true,"href":"https:\/\/pipat-antiquites.fr\/fr\/wp-json\/wp\/v2\/product_cat?post=100975"},{"taxonomy":"product_tag","embeddable":true,"href":"https:\/\/pipat-antiquites.fr\/fr\/wp-json\/wp\/v2\/product_tag?post=100975"}],"curies":[{"name":"wp","href":"https:\/\/api.w.org\/{rel}","templated":true}]}}