{"id":100911,"date":"2016-12-20T19:36:13","date_gmt":"2016-12-20T18:36:13","guid":{"rendered":"https:\/\/pipat-antiquites.fr\/?post_type=product&#038;p=100911"},"modified":"2023-05-30T11:26:21","modified_gmt":"2023-05-30T09:26:21","slug":"lustre-verre-murano-rezzonico-a-dominante-bleu-et-rose-xx-20-siecle","status":"publish","type":"product","link":"https:\/\/pipat-antiquites.fr\/fr\/objets\/lustre-verre-murano-rezzonico-a-dominante-bleu-et-rose-xx-20-siecle\/","title":{"rendered":"Lustre Murano \u00ab\u00a0Rezzonico\u00a0\u00bb \u00e0 dominante bleu et rose, XXe si\u00e8cle."},"content":{"rendered":"<div class=\"wpb-content-wrapper\"><p>[vc_row][vc_column column_width_percent=\u00a0\u00bb100&Prime; gutter_size=\u00a0\u00bb3&Prime; override_padding=\u00a0\u00bbyes\u00a0\u00bb column_padding=\u00a0\u00bb3&Prime; overlay_alpha=\u00a0\u00bb50&Prime; shift_x=\u00a0\u00bb0&Prime; shift_y=\u00a0\u00bb0&Prime; shift_y_down=\u00a0\u00bb0&Prime; z_index=\u00a0\u00bb0&Prime; medium_width=\u00a0\u00bb0&Prime; mobile_width=\u00a0\u00bb0&Prime; width=\u00a0\u00bb1\/1&Prime; uncode_shortcode_id=\u00a0\u00bb519432&Prime;][vc_custom_heading text_weight=\u00a0\u00bb300&Prime; uncode_shortcode_id=\u00a0\u00bb171445&Prime;]Lustre Murano \u00ab\u00a0Rezzonico\u00a0\u00bb \u00e0 dominante bleu et rose, XXe si\u00e8cle.[\/vc_custom_heading][vc_column_text uncode_shortcode_id=\u00a0\u00bb893439&Prime;]\u0152uvre de commande d\u2019un ma\u00eetre verrier Murano, ce superbe lustre \u00e0 12 bras de lumi\u00e8re porte tout le raffinement du go\u00fbt v\u00e9nitien. Son f\u00fbt en bouquet de feuilles d\u2019acanthes en verre transparent et de fleurs en verres color\u00e9 translucide rose, bleu, jaune ou encore rouge fait s\u2019\u00e9panouir les bras baroques typiques des Rezzonico, faits de feuilles torsad\u00e9es et de bob\u00e8ches de p\u00e9tales stri\u00e9s. Cette verrerie organique est compos\u00e9e pi\u00e8ce par pi\u00e8ce et chacune est enfil\u00e9e sur un des bras de laiton.<br \/>\nEnti\u00e8rement re\u00e9lectrifi\u00e9 par nos soins, ce lustre splendide trouvera sa place dans tous les int\u00e9rieurs de caract\u00e8re classique ou &#8211; et peut-\u00eatre m\u00eame surtout &#8211; dans les int\u00e9rieurs contemporains.[\/vc_column_text][\/vc_column][\/vc_row]<\/p>\n<\/div>","protected":false},"excerpt":{"rendered":"<p style=\"text-align: center;\">Lustre en verre Murano \u00e0 12 bras de lumi\u00e8re. Parfait \u00e9tat.<\/p>\n<p style=\"text-align: center;\">Dimensions :<\/p>\n<ul>\n<li style=\"text-align: center;\">Hauteur : 135 cm<br \/>\nDiam\u00e8tre : environ 120 cm<\/li>\n<\/ul>\n","protected":false},"featured_media":100897,"template":"","meta":{"_seopress_robots_primary_cat":"none","_seopress_titles_title":"Lustre Murano \u00ab\u00a0Rezzonico\u00a0\u00bb \u00e0 dominante bleu et rose, XXe si\u00e8cle.","_seopress_titles_desc":"Lustre en verre Murano \u00e0 12 bras de lumi\u00e8re. Parfait \u00e9tat.","_seopress_robots_index":"","content-type":""},"product_brand":[],"product_cat":[72,112,168],"product_tag":[263,559],"class_list":{"0":"post-100911","1":"product","2":"type-product","3":"status-publish","4":"has-post-thumbnail","6":"product_cat-luminaires","7":"product_cat-murano","8":"product_cat-lustres-suspensions-plafonniers-murano","9":"product_tag-xxe-siecle","10":"product_tag-verre","12":"first","13":"outofstock","14":"shipping-taxable","15":"purchasable","16":"product-type-simple","17":"add-to-wishlist-after_add_to_cart"},"_links":{"self":[{"href":"https:\/\/pipat-antiquites.fr\/fr\/wp-json\/wp\/v2\/product\/100911","targetHints":{"allow":["GET"]}}],"collection":[{"href":"https:\/\/pipat-antiquites.fr\/fr\/wp-json\/wp\/v2\/product"}],"about":[{"href":"https:\/\/pipat-antiquites.fr\/fr\/wp-json\/wp\/v2\/types\/product"}],"wp:featuredmedia":[{"embeddable":true,"href":"https:\/\/pipat-antiquites.fr\/fr\/wp-json\/wp\/v2\/media\/100897"}],"wp:attachment":[{"href":"https:\/\/pipat-antiquites.fr\/fr\/wp-json\/wp\/v2\/media?parent=100911"}],"wp:term":[{"taxonomy":"product_brand","embeddable":true,"href":"https:\/\/pipat-antiquites.fr\/fr\/wp-json\/wp\/v2\/product_brand?post=100911"},{"taxonomy":"product_cat","embeddable":true,"href":"https:\/\/pipat-antiquites.fr\/fr\/wp-json\/wp\/v2\/product_cat?post=100911"},{"taxonomy":"product_tag","embeddable":true,"href":"https:\/\/pipat-antiquites.fr\/fr\/wp-json\/wp\/v2\/product_tag?post=100911"}],"curies":[{"name":"wp","href":"https:\/\/api.w.org\/{rel}","templated":true}]}}