{"id":100882,"date":"2022-12-19T19:28:22","date_gmt":"2022-12-19T18:28:22","guid":{"rendered":"https:\/\/pipat-antiquites.fr\/?post_type=product&#038;p=100882"},"modified":"2022-12-19T19:34:39","modified_gmt":"2022-12-19T18:34:39","slug":"petite-sellette-de-style-louis-xv-15-xix-19-siecle","status":"publish","type":"product","link":"https:\/\/pipat-antiquites.fr\/fr\/objets\/petite-sellette-de-style-louis-xv-15-xix-19-siecle\/","title":{"rendered":"Petite sellette de style Louis XV, XIXe si\u00e8cle"},"content":{"rendered":"<div class=\"wpb-content-wrapper\"><p>[vc_row][vc_column column_width_percent=\u00a0\u00bb100&Prime; gutter_size=\u00a0\u00bb3&Prime; override_padding=\u00a0\u00bbyes\u00a0\u00bb column_padding=\u00a0\u00bb3&Prime; overlay_alpha=\u00a0\u00bb50&Prime; shift_x=\u00a0\u00bb0&Prime; shift_y=\u00a0\u00bb0&Prime; shift_y_down=\u00a0\u00bb0&Prime; z_index=\u00a0\u00bb0&Prime; medium_width=\u00a0\u00bb0&Prime; mobile_width=\u00a0\u00bb0&Prime; width=\u00a0\u00bb1\/1&Prime; uncode_shortcode_id=\u00a0\u00bb536443&Prime;][vc_custom_heading text_weight=\u00a0\u00bb300&Prime; uncode_shortcode_id=\u00a0\u00bb190086&Prime;]Petite sellette de style Louis XV, XIXe si\u00e8cle[\/vc_custom_heading][vc_column_text uncode_shortcode_id=\u00a0\u00bb145729&Prime;]Cette sellette de style Louis XV pr\u00e9sente une physionomie originale car disposant \u00e0 la fois d\u2019un tiroir et d\u2019une tablette garnie de cuir marqu\u00e9 au petit fer. Le plateau sobrement marquet\u00e9 n\u2019est pas cern\u00e9 d\u2019une galerie mais d\u2019une simple ceinture de laiton. Les pieds fins et \u00e9lanc\u00e9s s\u2019animent d\u2019une l\u00e9g\u00e8re balustre tandis que l\u2019entretoise reprend les motifs du plateau. L\u2019ensemble en tr\u00e8s bon \u00e9tat est tout \u00e0 fait charmant.[\/vc_column_text][\/vc_column][\/vc_row]<\/p>\n<\/div>","protected":false},"excerpt":{"rendered":"<p style=\"text-align: center;\">Petit meuble original \u00e0 tablette et tiroir.<\/p>\n<p style=\"text-align: center;\">Dimensions :<\/p>\n<ul>\n<li style=\"text-align: center;\">Hauteur : 71 cm<br \/>\nLargeur : 29 cm<br \/>\nProfondeur : 19.5 cm<\/li>\n<\/ul>\n","protected":false},"featured_media":100860,"template":"","meta":{"_seopress_robots_primary_cat":"none","_seopress_titles_title":"Petite sellette de style Louis XV, XIXe si\u00e8cle ","_seopress_titles_desc":"Petit meuble original \u00e0 tablette et tiroir. ","_seopress_robots_index":"","content-type":""},"product_brand":[],"product_cat":[69,106,136],"product_tag":[252],"class_list":{"0":"post-100882","1":"product","2":"type-product","3":"status-publish","4":"has-post-thumbnail","6":"product_cat-mobilier","7":"product_cat-meubles","8":"product_cat-tables-et-gueridons","9":"product_tag-xixe-siecle","11":"first","12":"instock","13":"shipping-taxable","14":"product-type-simple","15":"add-to-wishlist-after_add_to_cart"},"_links":{"self":[{"href":"https:\/\/pipat-antiquites.fr\/fr\/wp-json\/wp\/v2\/product\/100882","targetHints":{"allow":["GET"]}}],"collection":[{"href":"https:\/\/pipat-antiquites.fr\/fr\/wp-json\/wp\/v2\/product"}],"about":[{"href":"https:\/\/pipat-antiquites.fr\/fr\/wp-json\/wp\/v2\/types\/product"}],"wp:featuredmedia":[{"embeddable":true,"href":"https:\/\/pipat-antiquites.fr\/fr\/wp-json\/wp\/v2\/media\/100860"}],"wp:attachment":[{"href":"https:\/\/pipat-antiquites.fr\/fr\/wp-json\/wp\/v2\/media?parent=100882"}],"wp:term":[{"taxonomy":"product_brand","embeddable":true,"href":"https:\/\/pipat-antiquites.fr\/fr\/wp-json\/wp\/v2\/product_brand?post=100882"},{"taxonomy":"product_cat","embeddable":true,"href":"https:\/\/pipat-antiquites.fr\/fr\/wp-json\/wp\/v2\/product_cat?post=100882"},{"taxonomy":"product_tag","embeddable":true,"href":"https:\/\/pipat-antiquites.fr\/fr\/wp-json\/wp\/v2\/product_tag?post=100882"}],"curies":[{"name":"wp","href":"https:\/\/api.w.org\/{rel}","templated":true}]}}