{"id":100473,"date":"2022-11-23T09:03:39","date_gmt":"2022-11-23T08:03:39","guid":{"rendered":"https:\/\/pipat-antiquites.fr\/?post_type=product&#038;p=100473"},"modified":"2022-11-23T09:08:41","modified_gmt":"2022-11-23T08:08:41","slug":"paire-de-cornes-a-boire-de-corporation-xix-19-siecle","status":"publish","type":"product","link":"https:\/\/pipat-antiquites.fr\/fr\/objets\/paire-de-cornes-a-boire-de-corporation-xix-19-siecle\/","title":{"rendered":"Paire de cornes \u00e0 boire de corporation, XIXe si\u00e8cle"},"content":{"rendered":"<div class=\"wpb-content-wrapper\"><p>[vc_row][vc_column column_width_percent=\u00a0\u00bb100&Prime; gutter_size=\u00a0\u00bb3&Prime; override_padding=\u00a0\u00bbyes\u00a0\u00bb column_padding=\u00a0\u00bb3&Prime; overlay_alpha=\u00a0\u00bb50&Prime; shift_x=\u00a0\u00bb0&Prime; shift_y=\u00a0\u00bb0&Prime; shift_y_down=\u00a0\u00bb0&Prime; z_index=\u00a0\u00bb0&Prime; medium_width=\u00a0\u00bb0&Prime; mobile_width=\u00a0\u00bb0&Prime; width=\u00a0\u00bb1\/1&Prime; uncode_shortcode_id=\u00a0\u00bb568377&Prime;][vc_custom_heading text_weight=\u00a0\u00bb300&Prime; uncode_shortcode_id=\u00a0\u00bb875552&Prime;]Paire de cornes \u00e0 boire de corporation, XIXe si\u00e8cle[\/vc_custom_heading][vc_column_text uncode_shortcode_id=\u00a0\u00bb105358&Prime;]Il fut un temps o\u00f9 \u00eatre artisan signifiait entrer dans une communaut\u00e9 aux r\u00e8gles et aux traditions bien ancr\u00e9es. L\u2019apprenti travaillait de longues ann\u00e9es aupr\u00e8s de son ma\u00eetre avant de pouvoir, peut-\u00eatre, devenir ma\u00eetre \u00e0 son tour\u2026 Mais les places \u00e9taient ch\u00e8res et les exigences de la corporation \u00e9lev\u00e9es ! Il fallait soigner son chef d\u2019\u0153uvre avant de pouvoir enfin si\u00e9ger.<br \/>\nOn devine bien la joie et la fiert\u00e9 que ce devait \u00eatre d\u2019\u00eatre accept\u00e9 ma\u00eetre apr\u00e8s tant de difficult\u00e9s !<br \/>\nLa peinture a transmis le souvenir de cette tradition et nos deux cornes \u00e0 boire trouvent leur mod\u00e8le parfait dans une huile sur toile de <a href=\"https:\/\/fr.wikipedia.org\/wiki\/Willem_Kalf\" target=\"_blank\" rel=\"noopener\">Willem Kalf<\/a> (1619 &#8211; 1993) peinte vers 1653 et intitul\u00e9e <em>Nature morte avec la corne \u00e0 boire de la corporation des archers de Saint-S\u00e9bastien, un homard et des verres<\/em>.[\/vc_column_text][vc_single_image media=\u00a0\u00bb100476&Prime; caption=\u00a0\u00bbyes\u00a0\u00bb media_width_percent=\u00a0\u00bb100&Prime; uncode_shortcode_id=\u00a0\u00bb190104&Prime;][vc_column_text uncode_shortcode_id=\u00a0\u00bb407070&Prime;]\u00c9videmment, il s\u2019agissait d\u2019un moment \u00e0 c\u00e9l\u00e9brer et les cornes de corporation sont les souvenirs de ces moments festifs. Les deux que nous pr\u00e9sentons sont en tous cas, le souvenir de leurs anc\u00eatres car elles furent cr\u00e9\u00e9es au XIXe si\u00e8cle, \u00e9poque o\u00f9 les corporations ont \u00e9t\u00e9 abolies depuis au moins un demi si\u00e8cle !<br \/>\nPourtant, les traditions demeurent encore et terminer son apprentissage pour s\u2019installer artisan est toujours l\u2019occasion de r\u00e9jouissances. Ces deux cornes, dans leur monture argent\u00e9e de style n\u00e9o-renaissance, laissent un espace libre sur le cartouche central, pr\u00eat \u00e0 recevoir le nom de l\u2019heureux \u00e9lu et la date qui marque son entr\u00e9e dans la communaut\u00e9.<\/p>\n<ul>\n<li>Prix de livraison en France m\u00e9tropolitaine : 55\u20ac<br \/>\nPrix de livraison en Europe : 95\u20ac<br \/>\nPrix de livraison autres destination : 125\u20ac<\/li>\n<\/ul>\n<p>[\/vc_column_text][\/vc_column][\/vc_row]<\/p>\n<\/div>","protected":false},"excerpt":{"rendered":"<p style=\"text-align: center;\">Souvenirs de l&rsquo;entr\u00e9e des artisans dans leur corporation, les cornes \u00e0 boire perdurent au XIXe si\u00e8cle.<\/p>\n<p style=\"text-align: center;\">Dimensions :<\/p>\n<ul>\n<li style=\"text-align: center;\">Hauteur : 35 cm<br \/>\nLargeur : 36 cm<br \/>\nDiam\u00e8tre socle : 11 cm<\/li>\n<\/ul>\n","protected":false},"featured_media":100459,"template":"","meta":{"_seopress_robots_primary_cat":"none","_seopress_titles_title":"Paire de cornes \u00e0 boire de corporation, XIXe si\u00e8cle ","_seopress_titles_desc":"Souvenirs de l&#039;entr\u00e9e des artisans dans leur corporation, les cornes \u00e0 boire perdurent au XIXe si\u00e8cle","_seopress_robots_index":"","_seopress_analysis_target_kw":"","content-type":""},"product_brand":[],"product_cat":[76,118,231],"product_tag":[252],"class_list":{"0":"post-100473","1":"product","2":"type-product","3":"status-publish","4":"has-post-thumbnail","6":"product_cat-objets","7":"product_cat-objets-de-collection","8":"product_cat-objets-de-curiosite","9":"product_tag-xixe-siecle","10":"product_shipping_class-niveau-5","12":"first","13":"instock","14":"shipping-taxable","15":"purchasable","16":"product-type-simple","17":"add-to-wishlist-after_add_to_cart"},"_links":{"self":[{"href":"https:\/\/pipat-antiquites.fr\/fr\/wp-json\/wp\/v2\/product\/100473","targetHints":{"allow":["GET"]}}],"collection":[{"href":"https:\/\/pipat-antiquites.fr\/fr\/wp-json\/wp\/v2\/product"}],"about":[{"href":"https:\/\/pipat-antiquites.fr\/fr\/wp-json\/wp\/v2\/types\/product"}],"wp:featuredmedia":[{"embeddable":true,"href":"https:\/\/pipat-antiquites.fr\/fr\/wp-json\/wp\/v2\/media\/100459"}],"wp:attachment":[{"href":"https:\/\/pipat-antiquites.fr\/fr\/wp-json\/wp\/v2\/media?parent=100473"}],"wp:term":[{"taxonomy":"product_brand","embeddable":true,"href":"https:\/\/pipat-antiquites.fr\/fr\/wp-json\/wp\/v2\/product_brand?post=100473"},{"taxonomy":"product_cat","embeddable":true,"href":"https:\/\/pipat-antiquites.fr\/fr\/wp-json\/wp\/v2\/product_cat?post=100473"},{"taxonomy":"product_tag","embeddable":true,"href":"https:\/\/pipat-antiquites.fr\/fr\/wp-json\/wp\/v2\/product_tag?post=100473"}],"curies":[{"name":"wp","href":"https:\/\/api.w.org\/{rel}","templated":true}]}}