{"id":100419,"date":"2022-11-21T17:26:14","date_gmt":"2022-11-21T16:26:14","guid":{"rendered":"https:\/\/pipat-antiquites.fr\/?post_type=product&#038;p=100419"},"modified":"2022-11-21T17:32:31","modified_gmt":"2022-11-21T16:32:31","slug":"encrier-en-argent-massif-figurant-mythe-psyche-allegorie-ame-xix-19-siecle","status":"publish","type":"product","link":"https:\/\/pipat-antiquites.fr\/fr\/objets\/encrier-en-argent-massif-figurant-mythe-psyche-allegorie-ame-xix-19-siecle\/","title":{"rendered":"Encrier en argent massif figurant Psych\u00e9, XIXe si\u00e8cle"},"content":{"rendered":"<div class=\"wpb-content-wrapper\"><p>[vc_row][vc_column column_width_percent=\u00a0\u00bb100&Prime; gutter_size=\u00a0\u00bb3&Prime; override_padding=\u00a0\u00bbyes\u00a0\u00bb column_padding=\u00a0\u00bb3&Prime; overlay_alpha=\u00a0\u00bb50&Prime; shift_x=\u00a0\u00bb0&Prime; shift_y=\u00a0\u00bb0&Prime; shift_y_down=\u00a0\u00bb0&Prime; z_index=\u00a0\u00bb0&Prime; medium_width=\u00a0\u00bb0&Prime; mobile_width=\u00a0\u00bb0&Prime; width=\u00a0\u00bb1\/1&Prime; uncode_shortcode_id=\u00a0\u00bb150601&Prime;][vc_custom_heading text_weight=\u00a0\u00bb300&Prime; uncode_shortcode_id=\u00a0\u00bb182855&Prime;]Encrier en argent massif figurant Psych\u00e9, XIXe si\u00e8cle[\/vc_custom_heading][vc_column_text uncode_shortcode_id=\u00a0\u00bb789225&Prime;]V\u00e9ritable sculpture avant m\u00eame d\u2019\u00eatre un objet utilitaire, cet encrier en argent massif raconte toute une histoire. De quoi inspirer l\u2019\u00e9crivain qui s\u2019en sert !<br \/>\nPlusieurs indices permettent d\u2019identifier cette sc\u00e8ne : les fretels \u00e0 forment de papillons font imm\u00e9diatement penser \u00e0 Psych\u00e9 dont ils sont l\u2019attribut. Et pour cause, c\u2019est un moment bien particulier de son mythe qui est repr\u00e9sent\u00e9 ici.<\/p>\n<p>Petit rappel pour ceux \u00e0 qui aurait \u00e9chapp\u00e9 cette charmante aventure :<\/p>\n<p>Psych\u00e9 est une princesse mortelle pourtant divinement belle. Aucune de ses deux s\u0153urs ne lui arrive \u00e0 la cheville. M\u00eame Aphrodite supporte mal la concurrence d\u2019une si superbe cr\u00e9ature qui ne trouve pas d\u2019\u00e9poux. Les foules l\u2019admirent comme une \u0153uvre d\u2019art, au point d\u2019en oublier la d\u00e9esse ! Alors, la jalouse Aphrodite envoie son fid\u00e8le \u00c9ros, dieu de l\u2019Amour, aupr\u00e8s de Psych\u00e9 avec pour mission de la faire s\u2019\u00e9prendre du plus m\u00e9prisable personnage qu\u2019il trouvera parmi les mortels.<br \/>\nNaturellement, rien ne se passe comme pr\u00e9vu et \u00c9ros tombe follement amoureux de Psych\u00e9. Toutes les nuits, il visite sa bien-aim\u00e9e, lui faisant promettre de ne jamais chercher \u00e0 d\u00e9couvrir son identit\u00e9. L\u2019influence ses s\u0153urs de Psych\u00e9 va n\u00e9anmoins mettre fin \u00e0 l\u2019idylle : la jeune fille rong\u00e9e par la curiosit\u00e9 profite du sommeil de son amant anonyme pour allumer une lampe et d\u00e9couvrir son identit\u00e9. \u00c9ros trahit quitte Psych\u00e9 effondr\u00e9e de chagrin. Pour reconqu\u00e9rir son divin amant, elle doit se plier \u00e0 toutes sortes de t\u00e2ches dignes de celles des plus fameux h\u00e9ros. Parmi ces missions dict\u00e9es par Aphrodite, elle doit r\u00e9cup\u00e9rer la laine des terribles brebis \u00e0 la toison d\u2019or. D\u00e9sesp\u00e9r\u00e9e par la difficult\u00e9 de la t\u00e2che, elle pr\u00e9f\u00e8re renoncer et d\u00e9cide de se jeter dans une rivi\u00e8re. Mais un roseau, \u00e9mu par l&rsquo;infortune de la jeune femme, lui indique comment remplir sa mission. C\u2019est pr\u00e9cis\u00e9ment cette sc\u00e8ne qui est ici repr\u00e9sent\u00e9e !<br \/>\nApr\u00e8s encore deux \u00e9preuves, les amants seront de nouveau r\u00e9unis puis mari\u00e9s en grande c\u00e9r\u00e9monie sur l\u2019Olympe.<\/p>\n<p>Le choix de cette partie du mythe de Psych\u00e9 offre une mise en sc\u00e8ne tr\u00e8s esth\u00e9tique du repose- plume dont les flots simul\u00e9s par l\u2019argent permettent de \u00ab nettoyer \u00bb la plume dans une onde quasi-mythique.<\/p>\n<p>Enfin, qui mieux que Psych\u00e9 peut inspirer l\u2019\u00e9crivain ? Depuis les philosophes grecs jusqu\u2019\u00e0 la psychanalyse contemporaine, elle incarne l\u2019\u00e2me qui anime l\u2019Homme, aussi bien par l\u2019imagination de l\u2019\u00e9crivain que par l\u2019\u00e9lan inspir\u00e9 du po\u00e8te.<\/p>\n<p>Les poin\u00e7ons, tous Minerve, sont visibles sur le socle et les parties mobiles. Appliqu\u00e9s sur les objets en argent depuis 1838, les poin\u00e7ons Minerve garantissent le titre, c\u2019est-\u00e0- dire la quantit\u00e9 de m\u00e9tal pur dans l\u2019alliage. Notre encrier porte les poin\u00e7ons du 1er titre. L\u2019ensemble &#8211; qui comprend \u00e9galement le poudrier et le r\u00e9servoir en verre &#8211; est en parfait \u00e9tat.<\/p>\n<ul>\n<li>Prix de livraison en France m\u00e9tropolitaine : 35\u20ac<br \/>\nPrix de livraison en Europe : 55\u20ac<br \/>\nPrix de livraison autres destination : 75\u20ac<\/li>\n<\/ul>\n<p>[\/vc_column_text][\/vc_column][\/vc_row]<\/p>\n<\/div>","protected":false},"excerpt":{"rendered":"<p style=\"text-align: center;\">Poin\u00e7onn\u00e9 Minerve, ce tr\u00e8s bel encrier est un hommage \u00e0 l&rsquo;inspiration de l&rsquo;\u00e2me, symbolis\u00e9e par Psych\u00e9.<\/p>\n<p style=\"text-align: center;\">Dimensions :<\/p>\n<ul>\n<li style=\"text-align: center;\">Hauteur : 20 cm<br \/>\nLargeur : 36 cm<br \/>\nProfondeur : 26 cm<\/li>\n<\/ul>\n","protected":false},"featured_media":100409,"template":"","meta":{"_seopress_robots_primary_cat":"none","_seopress_titles_title":"Encrier en argent massif figurant Psych\u00e9, XIXe si\u00e8cle","_seopress_titles_desc":"Poin\u00e7onn\u00e9 Minerve, ce tr\u00e8s bel encrier est un hommage \u00e0 l&#039;inspiration de l&#039;\u00e2me, symbolis\u00e9e par Psych\u00e9.","_seopress_robots_index":"","content-type":""},"product_brand":[],"product_cat":[76,113,114,199,209],"product_tag":[252],"class_list":{"0":"post-100419","1":"product","2":"type-product","3":"status-publish","4":"has-post-thumbnail","6":"product_cat-objets","7":"product_cat-orfevrerie-et-argenterie","8":"product_cat-arts-decoratifs","9":"product_cat-pieces-de-forme","10":"product_cat-encriers-et-ecritoires","11":"product_tag-xixe-siecle","12":"product_shipping_class-niveau-2","14":"first","15":"instock","16":"shipping-taxable","17":"purchasable","18":"product-type-simple","19":"add-to-wishlist-after_add_to_cart"},"_links":{"self":[{"href":"https:\/\/pipat-antiquites.fr\/fr\/wp-json\/wp\/v2\/product\/100419","targetHints":{"allow":["GET"]}}],"collection":[{"href":"https:\/\/pipat-antiquites.fr\/fr\/wp-json\/wp\/v2\/product"}],"about":[{"href":"https:\/\/pipat-antiquites.fr\/fr\/wp-json\/wp\/v2\/types\/product"}],"wp:featuredmedia":[{"embeddable":true,"href":"https:\/\/pipat-antiquites.fr\/fr\/wp-json\/wp\/v2\/media\/100409"}],"wp:attachment":[{"href":"https:\/\/pipat-antiquites.fr\/fr\/wp-json\/wp\/v2\/media?parent=100419"}],"wp:term":[{"taxonomy":"product_brand","embeddable":true,"href":"https:\/\/pipat-antiquites.fr\/fr\/wp-json\/wp\/v2\/product_brand?post=100419"},{"taxonomy":"product_cat","embeddable":true,"href":"https:\/\/pipat-antiquites.fr\/fr\/wp-json\/wp\/v2\/product_cat?post=100419"},{"taxonomy":"product_tag","embeddable":true,"href":"https:\/\/pipat-antiquites.fr\/fr\/wp-json\/wp\/v2\/product_tag?post=100419"}],"curies":[{"name":"wp","href":"https:\/\/api.w.org\/{rel}","templated":true}]}}