{"id":100384,"date":"2018-11-21T08:33:44","date_gmt":"2018-11-21T07:33:44","guid":{"rendered":"https:\/\/pipat-antiquites.fr\/?post_type=product&#038;p=100384"},"modified":"2022-12-16T12:02:42","modified_gmt":"2022-12-16T11:02:42","slug":"paire-de-bougeoirs-neogothique-neoroman-neomedieval-aux-griffons-signe-ferdinand-barbedienne-1810-1892","status":"publish","type":"product","link":"https:\/\/pipat-antiquites.fr\/fr\/objets\/paire-de-bougeoirs-neogothique-neoroman-neomedieval-aux-griffons-signe-ferdinand-barbedienne-1810-1892\/","title":{"rendered":"Paire de bougeoirs aux griffons, sign\u00e9 Ferdinand Barbedienne (1810 &#8211; 1892)"},"content":{"rendered":"<div class=\"wpb-content-wrapper\"><p>[vc_row][vc_column width=\u00a0\u00bb1\/1&Prime;][vc_custom_heading text_weight=\u00a0\u00bb300&Prime; uncode_shortcode_id=\u00a0\u00bb482600&Prime;]Paire de bougeoirs aux griffons, sign\u00e9 Ferdinand Barbedienne (1810 &#8211; 1892)[\/vc_custom_heading][vc_column_text uncode_shortcode_id=\u00a0\u00bb931819&Prime;]Un corps de lion, des ailes et une t\u00eate d\u2019aigle, aucun doute, ces deux cr\u00e9atures sont bien des griffons ! Et s\u2019ils avaient progressivement disparu avec la fin du Moyen-\u00c2ge, les revoil\u00e0 mis \u00e0 l\u2019honneur dans cette seconde moiti\u00e9 du XIXe si\u00e8cle qui s\u2019entiche de patrimoine. L\u2019\u00e9poque m\u00e9di\u00e9vale et ses monstres romans et gothiques, ses techniques chatoyantes comme ici celle des \u00e9maux cloisonn\u00e9s, rien n\u2019est trop beau pour recr\u00e9er chez soi un univers n\u00e9o-gothique ou n\u00e9o-roman, dont les motifs sont doctement dict\u00e9s par Viollet-le-Duc ou Paul Abadie fils. Naturellement, la mode n\u2019\u00e9chappe pas \u00e0 Barbedienne qui propose ses propres mod\u00e8les, l\u00e9g\u00e8rement revisit\u00e9s pour plaire \u00e0 l\u2019\u0153il de l\u2019amateur du XIXe si\u00e8cle.<\/p>\n<p>Nos deux bougeoirs en bronze dor\u00e9 et \u00e9maux cloisonn\u00e9s sont en parfait \u00e9tat et sign\u00e9s sur leur base.<\/p>\n<ul>\n<li>Prix de livraison en France m\u00e9tropolitaine : 35\u20ac<br \/>\nPrix de livraison en Europe : 55\u20ac<br \/>\nPrix de livraison autres destination : 75\u20ac<\/li>\n<\/ul>\n<p>[\/vc_column_text][\/vc_column][\/vc_row]<\/p>\n<\/div>","protected":false},"excerpt":{"rendered":"<p style=\"text-align: center;\">Paire de bougeoirs dans le style n\u00e9o-m\u00e9di\u00e9val, n\u00e9ogothique cher au XIXe si\u00e8cle. Sign\u00e9s sur leur base.<\/p>\n<p style=\"text-align: center;\">Dimensions :<\/p>\n<ul>\n<li style=\"text-align: center;\">Hauteur : 20 cm<br \/>\nDiam\u00e8tre : 9.5 cm<\/li>\n<\/ul>\n","protected":false},"featured_media":100380,"template":"","meta":{"_seopress_robots_primary_cat":"none","_seopress_titles_title":"Paire de bougeoirs aux griffons, sign\u00e9 Ferdinand Barbedienne (1810 - 1892)","_seopress_titles_desc":"Paire de bougeoirs dans le style n\u00e9o-m\u00e9di\u00e9val, n\u00e9ogothique cher au XIXe si\u00e8cle. Sign\u00e9s sur leur base.","_seopress_robots_index":"","_seopress_analysis_target_kw":"","content-type":""},"product_brand":[],"product_cat":[72,124,172],"product_tag":[252],"class_list":{"0":"post-100384","1":"product","2":"type-product","3":"status-publish","4":"has-post-thumbnail","6":"product_cat-luminaires","7":"product_cat-luminaires-anciens","8":"product_cat-bougeoirs-et-flambeaux","9":"product_tag-xixe-siecle","10":"product_shipping_class-niveau-2","12":"first","13":"outofstock","14":"shipping-taxable","15":"purchasable","16":"product-type-simple","17":"add-to-wishlist-after_add_to_cart"},"_links":{"self":[{"href":"https:\/\/pipat-antiquites.fr\/fr\/wp-json\/wp\/v2\/product\/100384","targetHints":{"allow":["GET"]}}],"collection":[{"href":"https:\/\/pipat-antiquites.fr\/fr\/wp-json\/wp\/v2\/product"}],"about":[{"href":"https:\/\/pipat-antiquites.fr\/fr\/wp-json\/wp\/v2\/types\/product"}],"wp:featuredmedia":[{"embeddable":true,"href":"https:\/\/pipat-antiquites.fr\/fr\/wp-json\/wp\/v2\/media\/100380"}],"wp:attachment":[{"href":"https:\/\/pipat-antiquites.fr\/fr\/wp-json\/wp\/v2\/media?parent=100384"}],"wp:term":[{"taxonomy":"product_brand","embeddable":true,"href":"https:\/\/pipat-antiquites.fr\/fr\/wp-json\/wp\/v2\/product_brand?post=100384"},{"taxonomy":"product_cat","embeddable":true,"href":"https:\/\/pipat-antiquites.fr\/fr\/wp-json\/wp\/v2\/product_cat?post=100384"},{"taxonomy":"product_tag","embeddable":true,"href":"https:\/\/pipat-antiquites.fr\/fr\/wp-json\/wp\/v2\/product_tag?post=100384"}],"curies":[{"name":"wp","href":"https:\/\/api.w.org\/{rel}","templated":true}]}}