{"id":100128,"date":"2020-11-07T12:18:40","date_gmt":"2020-11-07T11:18:40","guid":{"rendered":"https:\/\/pipat-antiquites.fr\/?post_type=product&#038;p=100128"},"modified":"2023-02-16T18:43:07","modified_gmt":"2023-02-16T17:43:07","slug":"le-mehariste-cavalier-dromadaire-bronze-de-vienne-debut-du-xx-20-siecle","status":"publish","type":"product","link":"https:\/\/pipat-antiquites.fr\/fr\/objets\/le-mehariste-cavalier-dromadaire-bronze-de-vienne-debut-du-xx-20-siecle\/","title":{"rendered":"Le m\u00e9hariste. Bronze de Vienne, d\u00e9but du XXe si\u00e8cle"},"content":{"rendered":"<div class=\"wpb-content-wrapper\"><p>[vc_row][vc_column column_width_percent=\u00a0\u00bb100&Prime; gutter_size=\u00a0\u00bb3&Prime; override_padding=\u00a0\u00bbyes\u00a0\u00bb column_padding=\u00a0\u00bb3&Prime; overlay_alpha=\u00a0\u00bb50&Prime; shift_x=\u00a0\u00bb0&Prime; shift_y=\u00a0\u00bb0&Prime; shift_y_down=\u00a0\u00bb0&Prime; z_index=\u00a0\u00bb0&Prime; medium_width=\u00a0\u00bb0&Prime; mobile_width=\u00a0\u00bb0&Prime; width=\u00a0\u00bb1\/1&Prime; uncode_shortcode_id=\u00a0\u00bb194254&Prime;][vc_custom_heading text_weight=\u00a0\u00bb300&Prime; uncode_shortcode_id=\u00a0\u00bb172479&Prime;]Le m\u00e9hariste. Bronze de Vienne, d\u00e9but du XXe si\u00e8cle<span class=\"Apple-converted-space\">\u00a0<\/span>[\/vc_custom_heading][vc_column_text uncode_shortcode_id=\u00a0\u00bb826543&Prime;]Le m\u00e9hariste est celui qui monte un m\u00e9hari, autrement dit un dromadaire (mahari en arabe). Ce dromadaire, plus haut que celui de b\u00e2t, est mont\u00e9 par les Touaregs, les Cha\u00e2mbas (tribu venue d\u2019Arabie) et les m\u00e9haristes de l\u2019arm\u00e9e fran\u00e7aise. Ici, notre bronze patin\u00e9 et dor\u00e9 pr\u00e9sente l\u2019un de ces Cha\u00e2mbas, tenant une ombrelle sur un dromadaire richement par\u00e9. Ce type de sujet orientaliste est caract\u00e9ristique de la production des bronzes de Vienne au tournant du XXe si\u00e8cle. Notre bronze est en parfait \u00e9tat.<\/p>\n<ul>\n<li>Prix de livraison en France m\u00e9tropolitaine : 35\u20ac<\/li>\n<li>Prix de livraison en Europe : 55\u20ac<\/li>\n<li>Prix de livraison autres destination : 75 \u20ac<\/li>\n<\/ul>\n<p>[\/vc_column_text][\/vc_column][\/vc_row]<\/p>\n<\/div>","protected":false},"excerpt":{"rendered":"<p style=\"text-align: center;\">Bronze d\u00e9coratif patin\u00e9 et dor\u00e9 en parfait \u00e9tat.<\/p>\n<p style=\"text-align: center;\">Dimensions :<\/p>\n<ul>\n<li style=\"text-align: center;\">Hauteur : 18 cm<br \/>\nLargeur : 14 cm<br \/>\nProfondeur : 6.5 cm<\/li>\n<\/ul>\n","protected":false},"featured_media":100122,"template":"","meta":{"_seopress_robots_primary_cat":"none","_seopress_titles_title":"Le m\u00e9hariste. Bronze de Vienne, d\u00e9but du XXe si\u00e8cle ","_seopress_titles_desc":"Bronze d\u00e9coratif patin\u00e9 et dor\u00e9 en parfait \u00e9tat.","_seopress_robots_index":"","content-type":""},"product_brand":[],"product_cat":[77,122,188],"product_tag":[252,263],"class_list":{"0":"post-100128","1":"product","2":"type-product","3":"status-publish","4":"has-post-thumbnail","6":"product_cat-beaux-arts","7":"product_cat-sculptures","8":"product_cat-bronze","9":"product_tag-xixe-siecle","10":"product_tag-xxe-siecle","11":"product_shipping_class-niveau-2","13":"first","14":"outofstock","15":"shipping-taxable","16":"purchasable","17":"product-type-simple","18":"add-to-wishlist-after_add_to_cart"},"_links":{"self":[{"href":"https:\/\/pipat-antiquites.fr\/fr\/wp-json\/wp\/v2\/product\/100128","targetHints":{"allow":["GET"]}}],"collection":[{"href":"https:\/\/pipat-antiquites.fr\/fr\/wp-json\/wp\/v2\/product"}],"about":[{"href":"https:\/\/pipat-antiquites.fr\/fr\/wp-json\/wp\/v2\/types\/product"}],"wp:featuredmedia":[{"embeddable":true,"href":"https:\/\/pipat-antiquites.fr\/fr\/wp-json\/wp\/v2\/media\/100122"}],"wp:attachment":[{"href":"https:\/\/pipat-antiquites.fr\/fr\/wp-json\/wp\/v2\/media?parent=100128"}],"wp:term":[{"taxonomy":"product_brand","embeddable":true,"href":"https:\/\/pipat-antiquites.fr\/fr\/wp-json\/wp\/v2\/product_brand?post=100128"},{"taxonomy":"product_cat","embeddable":true,"href":"https:\/\/pipat-antiquites.fr\/fr\/wp-json\/wp\/v2\/product_cat?post=100128"},{"taxonomy":"product_tag","embeddable":true,"href":"https:\/\/pipat-antiquites.fr\/fr\/wp-json\/wp\/v2\/product_tag?post=100128"}],"curies":[{"name":"wp","href":"https:\/\/api.w.org\/{rel}","templated":true}]}}