{"id":100062,"date":"2022-10-29T16:15:16","date_gmt":"2022-10-29T14:15:16","guid":{"rendered":"https:\/\/pipat-antiquites.fr\/?post_type=product&#038;p=100062"},"modified":"2022-10-29T16:19:30","modified_gmt":"2022-10-29T14:19:30","slug":"table-en-marqueterie-boulle-de-contre-partie-napoleon-3-iii-xix-19-siecle","status":"publish","type":"product","link":"https:\/\/pipat-antiquites.fr\/fr\/objets\/table-en-marqueterie-boulle-de-contre-partie-napoleon-3-iii-xix-19-siecle\/","title":{"rendered":"Table en marqueterie Boulle de contre-partie. Napol\u00e9on III, XIXe si\u00e8cle"},"content":{"rendered":"<div class=\"wpb-content-wrapper\"><p>[vc_row][vc_column column_width_percent=\u00a0\u00bb100&Prime; gutter_size=\u00a0\u00bb3&Prime; override_padding=\u00a0\u00bbyes\u00a0\u00bb column_padding=\u00a0\u00bb3&Prime; overlay_alpha=\u00a0\u00bb50&Prime; shift_x=\u00a0\u00bb0&Prime; shift_y=\u00a0\u00bb0&Prime; shift_y_down=\u00a0\u00bb0&Prime; z_index=\u00a0\u00bb0&Prime; medium_width=\u00a0\u00bb0&Prime; mobile_width=\u00a0\u00bb0&Prime; width=\u00a0\u00bb1\/1&Prime; uncode_shortcode_id=\u00a0\u00bb653714&Prime;][vc_custom_heading text_weight=\u00a0\u00bb300&Prime; uncode_shortcode_id=\u00a0\u00bb182288&Prime;]Table en marqueterie Boulle de contre-partie. Napol\u00e9on III, XIXe si\u00e8cle[\/vc_custom_heading][vc_column_text uncode_shortcode_id=\u00a0\u00bb210888&Prime;]Hommage soutenu et \u00e9l\u00e9gant au style grandiloquent du r\u00e8gne de Louis XIV, cette table de marqueterie Boulle pr\u00e9sente sur le plateau et la ceinture chantourn\u00e9s et laqu\u00e9s de noir des motifs d\u2019\u00e9cailles de tortue sur fond de laiton. Il s\u2019agit donc d\u2019une contre-partie et, avec son pendant de laiton sur fond d\u2019\u00e9cailles, notre table devait autrefois orner un appartement cossu, une maison bourgeoise ou m\u00eame un ch\u00e2teau.<\/p>\n<p>Le plateau est bord\u00e9 d\u2019une frise d\u2019oves et la ceinture, relev\u00e9e de rosaces centrales, dissimule un tiroir. De belles caryatides aux traits fins font office de chutes d\u2019angles tandis que les pieds sont ench\u00e2ss\u00e9s dans des sabots ouvrag\u00e9s. L\u2019ensemble est en tr\u00e8s bon \u00e9tat.[\/vc_column_text][\/vc_column][\/vc_row]<\/p>\n<\/div>","protected":false},"excerpt":{"rendered":"<p>[vc_row][vc_column column_width_percent=\u00a0\u00bb100&Prime; gutter_size=\u00a0\u00bb3&Prime; override_padding=\u00a0\u00bbyes\u00a0\u00bb column_padding=\u00a0\u00bb3&Prime; overlay_alpha=\u00a0\u00bb50&Prime; shift_x=\u00a0\u00bb0&Prime; shift_y=\u00a0\u00bb0&Prime; shift_y_down=\u00a0\u00bb0&Prime; z_index=\u00a0\u00bb0&Prime; medium_width=\u00a0\u00bb0&Prime; mobile_width=\u00a0\u00bb0&Prime; width=\u00a0\u00bb1\/1&Prime; uncode_shortcode_id=\u00a0\u00bb653714&Prime;][vc_custom_heading text_weight=\u00a0\u00bb300&Prime; uncode_shortcode_id=\u00a0\u00bb182288&Prime;]Table en marqueterie Boulle de [&hellip;]<\/p>\n","protected":false},"featured_media":100050,"template":"","meta":{"_seopress_robots_primary_cat":"none","_seopress_titles_title":"Table en marqueterie Boulle de contre-partie. Napol\u00e9on III, XIXe si\u00e8cle","_seopress_titles_desc":"Table de style Louis XIV, marqueterie d&#039;\u00e9cailles et de laiton. Tr\u00e8s bon \u00e9tat.","_seopress_robots_index":"","content-type":""},"product_brand":[],"product_cat":[69,106,136],"product_tag":[252,592],"class_list":{"0":"post-100062","1":"product","2":"type-product","3":"status-publish","4":"has-post-thumbnail","6":"product_cat-mobilier","7":"product_cat-meubles","8":"product_cat-tables-et-gueridons","9":"product_tag-xixe-siecle","10":"product_tag-boulle","12":"first","13":"instock","14":"shipping-taxable","15":"product-type-simple","16":"add-to-wishlist-after_add_to_cart"},"_links":{"self":[{"href":"https:\/\/pipat-antiquites.fr\/fr\/wp-json\/wp\/v2\/product\/100062","targetHints":{"allow":["GET"]}}],"collection":[{"href":"https:\/\/pipat-antiquites.fr\/fr\/wp-json\/wp\/v2\/product"}],"about":[{"href":"https:\/\/pipat-antiquites.fr\/fr\/wp-json\/wp\/v2\/types\/product"}],"wp:featuredmedia":[{"embeddable":true,"href":"https:\/\/pipat-antiquites.fr\/fr\/wp-json\/wp\/v2\/media\/100050"}],"wp:attachment":[{"href":"https:\/\/pipat-antiquites.fr\/fr\/wp-json\/wp\/v2\/media?parent=100062"}],"wp:term":[{"taxonomy":"product_brand","embeddable":true,"href":"https:\/\/pipat-antiquites.fr\/fr\/wp-json\/wp\/v2\/product_brand?post=100062"},{"taxonomy":"product_cat","embeddable":true,"href":"https:\/\/pipat-antiquites.fr\/fr\/wp-json\/wp\/v2\/product_cat?post=100062"},{"taxonomy":"product_tag","embeddable":true,"href":"https:\/\/pipat-antiquites.fr\/fr\/wp-json\/wp\/v2\/product_tag?post=100062"}],"curies":[{"name":"wp","href":"https:\/\/api.w.org\/{rel}","templated":true}]}}