{"id":100018,"date":"2022-10-29T15:21:23","date_gmt":"2022-10-29T13:21:23","guid":{"rendered":"https:\/\/pipat-antiquites.fr\/?post_type=product&#038;p=100018"},"modified":"2024-09-05T17:40:50","modified_gmt":"2024-09-05T15:40:50","slug":"bronze-dun-faune-enfant-dapres-claude-michel-dit-clodion-1738-1814-xix-19-siecle","status":"publish","type":"product","link":"https:\/\/pipat-antiquites.fr\/fr\/objets\/bronze-dun-faune-enfant-dapres-claude-michel-dit-clodion-1738-1814-xix-19-siecle\/","title":{"rendered":"Bronze d\u2019un faune enfant, d\u2019apr\u00e8s Claude Michel dit Clodion (1738- 1814), XIXe si\u00e8cle"},"content":{"rendered":"<div class=\"wpb-content-wrapper\"><p>[vc_row][vc_column column_width_percent=\u00a0\u00bb100&Prime; gutter_size=\u00a0\u00bb3&Prime; override_padding=\u00a0\u00bbyes\u00a0\u00bb column_padding=\u00a0\u00bb3&Prime; overlay_alpha=\u00a0\u00bb50&Prime; shift_x=\u00a0\u00bb0&Prime; shift_y=\u00a0\u00bb0&Prime; shift_y_down=\u00a0\u00bb0&Prime; z_index=\u00a0\u00bb0&Prime; medium_width=\u00a0\u00bb0&Prime; mobile_width=\u00a0\u00bb0&Prime; width=\u00a0\u00bb1\/1&Prime; uncode_shortcode_id=\u00a0\u00bb117264&Prime;][vc_custom_heading text_weight=\u00a0\u00bb300&Prime; uncode_shortcode_id=\u00a0\u00bb117133&Prime;]Bronze d\u2019un faune enfant, d\u2019apr\u00e8s Claude Michel dit Clodion (1738- 1814), XIXe si\u00e8cle<span class=\"Apple-converted-space\">\u00a0<\/span>[\/vc_custom_heading][vc_column_text uncode_shortcode_id=\u00a0\u00bb445151&Prime;]Que fait ce jeune faune ? Il semble pr\u00e9occup\u00e9 ou peut-\u00eatre est-il seulement fatigu\u00e9. \u00c0 en juger par sa hotte dans laquelle ne se trouvent plus que quelques grappes de raisins, on peut imaginer que les bacchanales sont termin\u00e9es et que notre jeune gar\u00e7on mi-homme mi-ch\u00e8vre s\u2019en retourne d\u2019o\u00f9 il vient ou patiente en attendant la prochaine f\u00eate !<span class=\"Apple-converted-space\">\u00a0<\/span><\/p>\n<p>Ce bronze patin\u00e9 et dor\u00e9 en parfait \u00e9tat est sculpt\u00e9 d\u2019apr\u00e8s celui de Clodion, sculpteur c\u00e9l\u00e8bre pour ses groupes mythologiques en bronze ou en terre cuite. Il fut notamment l\u2019\u00e9l\u00e8ve de Jean-Baptiste Pigalle (1714 &#8211; 1785) et l\u2019auteur du d\u00e9cor du ch\u00e2teau de Digoine en Sa\u00f4ne-et-Loire.<\/p>\n<ul>\n<li>Prix de livraison en France m\u00e9tropolitaine : 15\u20ac<\/li>\n<li>Prix de livraison en Europe : 35\u20ac<\/li>\n<li>Prix de livraison autres destination : 55\u20ac<\/li>\n<\/ul>\n<p>[\/vc_column_text][\/vc_column][\/vc_row]<\/p>\n<\/div>","protected":false},"excerpt":{"rendered":"<p>[vc_row][vc_column column_width_percent=\u00a0\u00bb100&Prime; gutter_size=\u00a0\u00bb3&Prime; override_padding=\u00a0\u00bbyes\u00a0\u00bb column_padding=\u00a0\u00bb3&Prime; overlay_alpha=\u00a0\u00bb50&Prime; shift_x=\u00a0\u00bb0&Prime; shift_y=\u00a0\u00bb0&Prime; shift_y_down=\u00a0\u00bb0&Prime; z_index=\u00a0\u00bb0&Prime; medium_width=\u00a0\u00bb0&Prime; mobile_width=\u00a0\u00bb0&Prime; width=\u00a0\u00bb1\/1&Prime; uncode_shortcode_id=\u00a0\u00bb117264&Prime;][vc_custom_heading text_weight=\u00a0\u00bb300&Prime; uncode_shortcode_id=\u00a0\u00bb117133&Prime;]Bronze d\u2019un faune enfant, d\u2019apr\u00e8s [&hellip;]<\/p>\n","protected":false},"featured_media":100008,"template":"","meta":{"_seopress_robots_primary_cat":"none","_seopress_titles_title":"Bronze d\u2019un faune enfant, d\u2019apr\u00e8s Claude Michel dit Clodion (1738- 1814), XIXe si\u00e8cle","_seopress_titles_desc":"Petit bronze d\u00e9coratif \u00e0 sujet antique. Parfait \u00e9tat.","_seopress_robots_index":"","content-type":""},"product_brand":[],"product_cat":[77,122,188],"product_tag":[252],"class_list":{"0":"post-100018","1":"product","2":"type-product","3":"status-publish","4":"has-post-thumbnail","6":"product_cat-beaux-arts","7":"product_cat-sculptures","8":"product_cat-bronze","9":"product_tag-xixe-siecle","10":"product_shipping_class-niveau-1","12":"first","13":"outofstock","14":"shipping-taxable","15":"purchasable","16":"product-type-simple","17":"add-to-wishlist-after_add_to_cart"},"_links":{"self":[{"href":"https:\/\/pipat-antiquites.fr\/fr\/wp-json\/wp\/v2\/product\/100018","targetHints":{"allow":["GET"]}}],"collection":[{"href":"https:\/\/pipat-antiquites.fr\/fr\/wp-json\/wp\/v2\/product"}],"about":[{"href":"https:\/\/pipat-antiquites.fr\/fr\/wp-json\/wp\/v2\/types\/product"}],"wp:featuredmedia":[{"embeddable":true,"href":"https:\/\/pipat-antiquites.fr\/fr\/wp-json\/wp\/v2\/media\/100008"}],"wp:attachment":[{"href":"https:\/\/pipat-antiquites.fr\/fr\/wp-json\/wp\/v2\/media?parent=100018"}],"wp:term":[{"taxonomy":"product_brand","embeddable":true,"href":"https:\/\/pipat-antiquites.fr\/fr\/wp-json\/wp\/v2\/product_brand?post=100018"},{"taxonomy":"product_cat","embeddable":true,"href":"https:\/\/pipat-antiquites.fr\/fr\/wp-json\/wp\/v2\/product_cat?post=100018"},{"taxonomy":"product_tag","embeddable":true,"href":"https:\/\/pipat-antiquites.fr\/fr\/wp-json\/wp\/v2\/product_tag?post=100018"}],"curies":[{"name":"wp","href":"https:\/\/api.w.org\/{rel}","templated":true}]}}