{"id":99975,"date":"2019-10-28T09:31:29","date_gmt":"2019-10-28T08:31:29","guid":{"rendered":"https:\/\/pipat-antiquites.fr\/objets\/pair-of-nautiluses-mounted-on-bronze-19th-century\/"},"modified":"2022-10-28T09:34:27","modified_gmt":"2022-10-28T07:34:27","slug":"pair-of-nautiluses-mounted-on-bronze-19th-century","status":"publish","type":"product","link":"https:\/\/pipat-antiquites.fr\/en\/objets\/pair-of-nautiluses-mounted-on-bronze-19th-century\/","title":{"rendered":"Pair of Nautiluses Mounted on Bronze, 19th Century"},"content":{"rendered":"<div class=\"wpb-content-wrapper\"><p>[vc_row][vc_column column_width_percent=&#8221;100&#8243; gutter_size=&#8221;3&#8243; override_padding=&#8221;yes&#8221; column_padding=&#8221;3&#8243; overlay_alpha=&#8221;50&#8243; shift_x=&#8221;0&#8243; shift_y=&#8221;0&#8243; shift_y_down=&#8221;0&#8243; z_index=&#8221;0&#8243; medium_width=&#8221;0&#8243; mobile_width=&#8221;0&#8243; width=&#8221;1\/1&#8243; uncode_shortcode_id=&#8221;455842&#8243;][vc_custom_heading text_weight=&#8221;300&#8243; uncode_shortcode_id=&#8221;556904&#8243;]Pair of Nautiluses Mounted on Bronze, 19th Century <span class=\"Apple-converted-space\"> <\/span>[\/vc_custom_heading][vc_column_text uncode_shortcode_id=&#8221;535583&#8243;]Emblematic objects of Renaissance cabinets of curiosities, nautiluses enhanced by gilded bronze mounts and semi-precious stones have never ceased to fascinate. In the 19th century, the enthusiasm did not wane, especially as colonial expeditions brought back many exotic and little-known marvels. The bourgeoisie was particularly enthusiastic about coral and mother-of-pearl.<span class=\"Apple-converted-space\"> <\/span><\/p>\n<p>These two nautiluses have thus been raised on gilt bronze bases adorned with carnelian. In a Rocaille style faithful to that of the 18th century, two mascarons &#8211; whose modeling can be admired &#8211; support the shell. Scrolls of acanthus leaves forming the four feet echo the spiral movement of the nautiluses. The set is in excellent condition.<\/p>\n<ul>\n<li>Delivery price in France : 75\u20ac.<\/li>\n<li>Delivery price in Europe : 115\u20ac.<\/li>\n<li>Delivery price for other destinations: 175\u20ac.<\/li>\n<\/ul>\n<p>[\/vc_column_text][\/vc_column][\/vc_row]<\/p>\n<\/div>","protected":false},"excerpt":{"rendered":"<p>[vc_row][vc_column column_width_percent=&#8221;100&#8243; gutter_size=&#8221;3&#8243; override_padding=&#8221;yes&#8221; column_padding=&#8221;3&#8243; overlay_alpha=&#8221;50&#8243; shift_x=&#8221;0&#8243; shift_y=&#8221;0&#8243; shift_y_down=&#8221;0&#8243; z_index=&#8221;0&#8243; medium_width=&#8221;0&#8243; mobile_width=&#8221;0&#8243; width=&#8221;1\/1&#8243; uncode_shortcode_id=&#8221;455842&#8243;][vc_custom_heading text_weight=&#8221;300&#8243; uncode_shortcode_id=&#8221;556904&#8243;]Pair of Nautiluses Mounted on [&hellip;]<\/p>\n","protected":false},"featured_media":99806,"template":"","meta":{"_seopress_robots_primary_cat":"none","_seopress_titles_title":"Paire de nautiles mont\u00e9s sur bronze, XIXe si\u00e8cle  ","_seopress_titles_desc":"Objets d\u00e9coratifs caract\u00e9ristiques des cabinets de curiosit\u00e9s. L&#039;ensemble constitu\u00e9 de coquillages, bronzes dor\u00e9s et cornalines est en excellent \u00e9tat.","_seopress_robots_index":"","content-type":""},"product_brand":[],"product_cat":[428,429,576,338],"product_tag":[],"class_list":{"0":"post-99975","1":"product","2":"type-product","3":"status-publish","4":"has-post-thumbnail","6":"product_cat-collectors-items","7":"product_cat-objects-of-curiosity","8":"product_cat-non-classe-en","9":"product_cat-decorative-arts","10":"product_shipping_class-3-fr-75-e-eu-115-e-world-175-e","12":"first","13":"outofstock","14":"shipping-taxable","15":"purchasable","16":"product-type-simple","17":"add-to-wishlist-after_add_to_cart"},"_links":{"self":[{"href":"https:\/\/pipat-antiquites.fr\/en\/wp-json\/wp\/v2\/product\/99975","targetHints":{"allow":["GET"]}}],"collection":[{"href":"https:\/\/pipat-antiquites.fr\/en\/wp-json\/wp\/v2\/product"}],"about":[{"href":"https:\/\/pipat-antiquites.fr\/en\/wp-json\/wp\/v2\/types\/product"}],"wp:featuredmedia":[{"embeddable":true,"href":"https:\/\/pipat-antiquites.fr\/en\/wp-json\/wp\/v2\/media\/99806"}],"wp:attachment":[{"href":"https:\/\/pipat-antiquites.fr\/en\/wp-json\/wp\/v2\/media?parent=99975"}],"wp:term":[{"taxonomy":"product_brand","embeddable":true,"href":"https:\/\/pipat-antiquites.fr\/en\/wp-json\/wp\/v2\/product_brand?post=99975"},{"taxonomy":"product_cat","embeddable":true,"href":"https:\/\/pipat-antiquites.fr\/en\/wp-json\/wp\/v2\/product_cat?post=99975"},{"taxonomy":"product_tag","embeddable":true,"href":"https:\/\/pipat-antiquites.fr\/en\/wp-json\/wp\/v2\/product_tag?post=99975"}],"curies":[{"name":"wp","href":"https:\/\/api.w.org\/{rel}","templated":true}]}}