{"id":99130,"date":"2022-08-26T12:41:00","date_gmt":"2022-08-26T10:41:00","guid":{"rendered":"https:\/\/pipat-antiquites.fr\/objets\/pair-of-aubusson-greenery-verdure-style-tapestries-20th-century\/"},"modified":"2022-08-26T13:38:27","modified_gmt":"2022-08-26T11:38:27","slug":"pair-of-aubusson-greenery-verdure-style-tapestries-20th-century","status":"publish","type":"product","link":"https:\/\/pipat-antiquites.fr\/en\/objets\/pair-of-aubusson-greenery-verdure-style-tapestries-20th-century\/","title":{"rendered":"Pair of Aubusson Greenery \u00ab Verdure \u00bb Style Tapestries, 20th Century"},"content":{"rendered":"<div class=\"wpb-content-wrapper\"><p>[vc_row][vc_column column_width_percent=&#8221;100&#8243; gutter_size=&#8221;3&#8243; override_padding=&#8221;yes&#8221; column_padding=&#8221;3&#8243; overlay_alpha=&#8221;50&#8243; shift_x=&#8221;0&#8243; shift_y=&#8221;0&#8243; shift_y_down=&#8221;0&#8243; z_index=&#8221;0&#8243; medium_width=&#8221;0&#8243; mobile_width=&#8221;0&#8243; width=&#8221;1\/1&#8243; uncode_shortcode_id=&#8221;197119&#8243;][vc_custom_heading text_weight=&#8221;300&#8243; uncode_shortcode_id=&#8221;143747&#8243;]Pair of Aubusson Greenery \u00ab Verdure \u00bb Style Tapestries, 20th Century<span class=\"Apple-converted-space\"> <\/span>[\/vc_custom_heading][vc_column_text uncode_shortcode_id=&#8221;103090&#8243;]Back to basics or homage to what made the success of the Aubusson and Felletin factories, this pair of tapestries takes up the theme of Aubusson greenery in a style borrowed from a form of stylization and modernity. This hanging made in the 20th century presents two thick trees in which birds are hiding. At the foot of the tree, a rich bed of flowers and plants fills the lower space. The more classic border forms a frame of interlacing blue and red flowers. Each tapestry is doubled and the whole has no stains or lacks.<\/p>\n<ul>\n<li>Delivery price in France : 55\u20ac.<\/li>\n<li>Delivery price in Europe : 95\u20ac.<\/li>\n<li>Delivery price for other destinations: 125\u20ac.<\/li>\n<\/ul>\n<p>[\/vc_column_text][\/vc_column][\/vc_row]<\/p>\n<\/div>","protected":false},"excerpt":{"rendered":"<p style=\"text-align: center;\">Hanging in the style of the medieval greenery of Aubusson and Felletin. No stain, no lack.<\/p>\n<p style=\"text-align: center;\">Dimensions:<\/p>\n<ul>\n<li style=\"text-align: center;\">Height : 110 cm<\/li>\n<li style=\"text-align: center;\">Width: 90 cm<\/li>\n<\/ul>\n","protected":false},"featured_media":99120,"template":"","meta":{"_seopress_robots_primary_cat":"none","_seopress_titles_title":"Paire de tapisseries style verdures d\u2019Aubusson, XXe si\u00e8cle ","_seopress_titles_desc":"Tenture dans le go\u00fbt des verdures m\u00e9di\u00e9vales d&#039;Aubusson et Felletin. Aucune tache, aucun manque.","_seopress_robots_index":"","_seopress_analysis_target_kw":"","content-type":""},"product_brand":[],"product_cat":[338,428],"product_tag":[351],"class_list":{"0":"post-99130","1":"product","2":"type-product","3":"status-publish","4":"has-post-thumbnail","6":"product_cat-decorative-arts","7":"product_cat-collectors-items","8":"product_tag-twentieth-century","9":"product_shipping_class-5-fr-55-e-eu-95-e-world-125-e","11":"first","12":"instock","13":"shipping-taxable","14":"purchasable","15":"product-type-simple","16":"add-to-wishlist-after_add_to_cart"},"_links":{"self":[{"href":"https:\/\/pipat-antiquites.fr\/en\/wp-json\/wp\/v2\/product\/99130","targetHints":{"allow":["GET"]}}],"collection":[{"href":"https:\/\/pipat-antiquites.fr\/en\/wp-json\/wp\/v2\/product"}],"about":[{"href":"https:\/\/pipat-antiquites.fr\/en\/wp-json\/wp\/v2\/types\/product"}],"wp:featuredmedia":[{"embeddable":true,"href":"https:\/\/pipat-antiquites.fr\/en\/wp-json\/wp\/v2\/media\/99120"}],"wp:attachment":[{"href":"https:\/\/pipat-antiquites.fr\/en\/wp-json\/wp\/v2\/media?parent=99130"}],"wp:term":[{"taxonomy":"product_brand","embeddable":true,"href":"https:\/\/pipat-antiquites.fr\/en\/wp-json\/wp\/v2\/product_brand?post=99130"},{"taxonomy":"product_cat","embeddable":true,"href":"https:\/\/pipat-antiquites.fr\/en\/wp-json\/wp\/v2\/product_cat?post=99130"},{"taxonomy":"product_tag","embeddable":true,"href":"https:\/\/pipat-antiquites.fr\/en\/wp-json\/wp\/v2\/product_tag?post=99130"}],"curies":[{"name":"wp","href":"https:\/\/api.w.org\/{rel}","templated":true}]}}