{"id":98891,"date":"2019-08-05T09:25:45","date_gmt":"2019-08-05T07:25:45","guid":{"rendered":"https:\/\/pipat-antiquites.fr\/objets\/view-from-a-port-oil-on-canvas-signed-andre-verdilhan-1881-1963\/"},"modified":"2022-08-05T09:44:13","modified_gmt":"2022-08-05T07:44:13","slug":"view-from-a-port-oil-on-canvas-signed-andre-verdilhan-1881-1963","status":"publish","type":"product","link":"https:\/\/pipat-antiquites.fr\/en\/objets\/view-from-a-port-oil-on-canvas-signed-andre-verdilhan-1881-1963\/","title":{"rendered":"View From a Port. Oil on Canvas Signed Andr\u00e9 Verdilhan (1881 &#8211; 1963)"},"content":{"rendered":"<div class=\"wpb-content-wrapper\"><p>[vc_row][vc_column width=&#8221;1\/1&#8243;][vc_custom_heading text_weight=&#8221;300&#8243; uncode_shortcode_id=&#8221;122975&#8243;]View From a Port. Oil on Canvas Signed Andr\u00e9 Verdilhan (1881 &#8211; 1963)[\/vc_custom_heading][vc_column_text uncode_shortcode_id=&#8221;299458&#8243;]Originally and faithful to Marseilles all his life, Andr\u00e9 Verdilhan was first noticed as a sculptor. His studies, which he began in Marseille, quickly led him to move to Paris and in 1906, then aged 25, he made his debut at the Salon des Ind\u00e9pendants where he presented a bust of Verlaine. From 1913, he presented, at the Salon d&#8217;Automne and in several galleries, an enriched production of paintings which earned him a certain success. In 1931, he was named Chevalier in the National Order of the Legion of Honor. Closely linked to Marseille, its port activity and the federation of maritime unions, he became a painter for the Navy Department in 1936 and was entrusted with part of the paintings of the prestigious liner Normandy.<span class=\"Apple-converted-space\"> <\/span><\/p>\n<p>His older brother, Louis-Mathieu Verdilhan (1875 &#8211; 1928), led a career parallel to that of Andr\u00e9, preceding him both at the Salon des Ind\u00e9pendants and at the Salon d&#8217;Automne. If his notoriety, before the 1930s, was less than that of his younger brother, Louis-Mathieu Verdilhan nonetheless remained a talented artist. The Verdilhan brothers will experience unanimous recognition in Provence and in particular in Marseille where the <a href=\"https:\/\/www.museeregardsdeprovence.com\/exposition\/louis-mathieu-et-andre-verdilhan-deux-visages-de-la-modernite-en-provence\">Regards de Provence Foundation<\/a> organized in 2007 a retrospective comparing the artistic career of the two brothers and their love for the ports of Marseille, Toulon, the seascapes as well than the landscapes of Provence.<span class=\"Apple-converted-space\"> <\/span><\/p>\n<ul>\n<li>Delivery price in France : 55\u20ac.<\/li>\n<li>Delivery price in Europe : 95\u20ac.<\/li>\n<li>Delivery price for other destinations: 125\u20ac.<\/li>\n<\/ul>\n<p>[\/vc_column_text][\/vc_column][\/vc_row]<\/p>\n<\/div>","protected":false},"excerpt":{"rendered":"<p style=\"text-align: center;\">Painting signed by the official French Navy artist Andr\u00e9 Verdilhan. This view is most likely from a port in southern France, perhaps towards Marseilles or Toulon.<\/p>\n<p style=\"text-align: center;\">Dimensions with frame :<\/p>\n<ul style=\"text-align: center;\">\n<li>Height : 54 cm<\/li>\n<li>Width : 69 cm<\/li>\n<li>Depth: 4 cm<\/li>\n<\/ul>\n<p style=\"text-align: center;\">Frame Dimensions :<\/p>\n<ul>\n<li style=\"text-align: center;\">Height : 45,5 cm<\/li>\n<li style=\"text-align: center;\">Widtth : 61 cm<\/li>\n<\/ul>\n","protected":false},"featured_media":98876,"template":"","meta":{"_seopress_robots_primary_cat":"none","_seopress_titles_title":"Vue depuis un port. Huile sur toile sign\u00e9e Andr\u00e9 Verdilhan (1881 - 1963)","_seopress_titles_desc":"Tableau sign\u00e9 par le peintre du d\u00e9partement de la Marine Andr\u00e9 Verdilhan. Cette vue est tr\u00e8s probablement celle d&#039;un port du sud de la France, peut-\u00eatre vers Marseille ou Toulon;","_seopress_robots_index":"","content-type":""},"product_brand":[],"product_cat":[343,348,357],"product_tag":[351],"class_list":{"0":"post-98891","1":"product","2":"type-product","3":"status-publish","4":"has-post-thumbnail","6":"product_cat-fine-arts","7":"product_cat-paintings","8":"product_cat-seascapes","9":"product_tag-twentieth-century","10":"product_shipping_class-5-fr-55-e-eu-95-e-world-125-e","12":"first","13":"outofstock","14":"shipping-taxable","15":"purchasable","16":"product-type-simple","17":"add-to-wishlist-after_add_to_cart"},"_links":{"self":[{"href":"https:\/\/pipat-antiquites.fr\/en\/wp-json\/wp\/v2\/product\/98891","targetHints":{"allow":["GET"]}}],"collection":[{"href":"https:\/\/pipat-antiquites.fr\/en\/wp-json\/wp\/v2\/product"}],"about":[{"href":"https:\/\/pipat-antiquites.fr\/en\/wp-json\/wp\/v2\/types\/product"}],"wp:featuredmedia":[{"embeddable":true,"href":"https:\/\/pipat-antiquites.fr\/en\/wp-json\/wp\/v2\/media\/98876"}],"wp:attachment":[{"href":"https:\/\/pipat-antiquites.fr\/en\/wp-json\/wp\/v2\/media?parent=98891"}],"wp:term":[{"taxonomy":"product_brand","embeddable":true,"href":"https:\/\/pipat-antiquites.fr\/en\/wp-json\/wp\/v2\/product_brand?post=98891"},{"taxonomy":"product_cat","embeddable":true,"href":"https:\/\/pipat-antiquites.fr\/en\/wp-json\/wp\/v2\/product_cat?post=98891"},{"taxonomy":"product_tag","embeddable":true,"href":"https:\/\/pipat-antiquites.fr\/en\/wp-json\/wp\/v2\/product_tag?post=98891"}],"curies":[{"name":"wp","href":"https:\/\/api.w.org\/{rel}","templated":true}]}}