{"id":98838,"date":"2022-08-03T10:30:57","date_gmt":"2022-08-03T08:30:57","guid":{"rendered":"https:\/\/pipat-antiquites.fr\/objets\/pair-of-frosted-opaline-glass-vases-19th-century\/"},"modified":"2022-08-03T10:46:17","modified_gmt":"2022-08-03T08:46:17","slug":"pair-of-frosted-opaline-glass-vases-19th-century","status":"publish","type":"product","link":"https:\/\/pipat-antiquites.fr\/en\/objets\/pair-of-frosted-opaline-glass-vases-19th-century\/","title":{"rendered":"Pair of Frosted Opaline Glass Vases, 19th Century"},"content":{"rendered":"<div class=\"wpb-content-wrapper\"><p>[vc_row][vc_column column_width_percent=&#8221;100&#8243; gutter_size=&#8221;3&#8243; override_padding=&#8221;yes&#8221; column_padding=&#8221;3&#8243; overlay_alpha=&#8221;50&#8243; shift_x=&#8221;0&#8243; shift_y=&#8221;0&#8243; shift_y_down=&#8221;0&#8243; z_index=&#8221;0&#8243; medium_width=&#8221;0&#8243; mobile_width=&#8221;0&#8243; width=&#8221;1\/1&#8243; uncode_shortcode_id=&#8221;149310&#8243;][vc_custom_heading text_weight=&#8221;300&#8243; uncode_shortcode_id=&#8221;286995&#8243;]Pair of Frosted Opaline Glass Vases, 19th Century<span class=\"Apple-converted-space\"> <\/span>[\/vc_custom_heading][vc_column_text uncode_shortcode_id=&#8221;487767&#8243;]With their patterns of oak leaves and blue acorns, these vases are the memory of the unanimous success of opaline in the bourgeoisie of the 19th century. With the refinement of crystal and half-crystal production methods, opalines are becoming more and more accessible and deviate from their mineral model of the beginning of the century. From the years of the Restoration under Louis-Philippe and Charles X, opalines were enriched, for the most luxurious, with new colors and textures, novelties particularly appreciated by a century which multiplied technological advances in color chemistry. Enhanced with golden borders, these two vases in perfect condition were probably to adorn a living room or refresh a bedroom.<\/p>\n<ul>\n<li>Delivery price in France : 75\u20ac.<\/li>\n<li>Delivery price in Europe : 115\u20ac.<\/li>\n<li>Delivery price for other destinations: 175\u20ac.<\/li>\n<\/ul>\n<p>[\/vc_column_text][\/vc_column][\/vc_row]<\/p>\n<\/div>","protected":false},"excerpt":{"rendered":"<p style=\"text-align: center;\">Frosted opaline vases, enhanced with blue and gold motifs. Perfect condition.<\/p>\n<p style=\"text-align: center;\">Dimensions:<\/p>\n<ul>\n<li style=\"text-align: center;\">Height : 28 cm<span class=\"Apple-converted-space\"> <\/span><\/li>\n<li style=\"text-align: center;\">Diameter : about 16 cm<span class=\"Apple-converted-space\"> <\/span><\/li>\n<\/ul>\n","protected":false},"featured_media":98832,"template":"","meta":{"_seopress_robots_primary_cat":"none","_seopress_titles_title":"Paire de vases en verre opalin givr\u00e9, XIXe si\u00e8cle ","_seopress_titles_desc":"Vases en opaline givr\u00e9e, rehaut de motifs bleu et or. Parfait \u00e9tat.","_seopress_robots_index":"","content-type":""},"product_brand":[],"product_cat":[337,496,497],"product_tag":[],"class_list":{"0":"post-98838","1":"product","2":"type-product","3":"status-publish","4":"has-post-thumbnail","6":"product_cat-objects","7":"product_cat-glass-and-crystal","8":"product_cat-vases-and-glass-objects","9":"product_shipping_class-3-fr-75-e-eu-115-e-world-175-e","11":"first","12":"instock","13":"shipping-taxable","14":"purchasable","15":"product-type-simple","16":"add-to-wishlist-after_add_to_cart"},"_links":{"self":[{"href":"https:\/\/pipat-antiquites.fr\/en\/wp-json\/wp\/v2\/product\/98838","targetHints":{"allow":["GET"]}}],"collection":[{"href":"https:\/\/pipat-antiquites.fr\/en\/wp-json\/wp\/v2\/product"}],"about":[{"href":"https:\/\/pipat-antiquites.fr\/en\/wp-json\/wp\/v2\/types\/product"}],"wp:featuredmedia":[{"embeddable":true,"href":"https:\/\/pipat-antiquites.fr\/en\/wp-json\/wp\/v2\/media\/98832"}],"wp:attachment":[{"href":"https:\/\/pipat-antiquites.fr\/en\/wp-json\/wp\/v2\/media?parent=98838"}],"wp:term":[{"taxonomy":"product_brand","embeddable":true,"href":"https:\/\/pipat-antiquites.fr\/en\/wp-json\/wp\/v2\/product_brand?post=98838"},{"taxonomy":"product_cat","embeddable":true,"href":"https:\/\/pipat-antiquites.fr\/en\/wp-json\/wp\/v2\/product_cat?post=98838"},{"taxonomy":"product_tag","embeddable":true,"href":"https:\/\/pipat-antiquites.fr\/en\/wp-json\/wp\/v2\/product_tag?post=98838"}],"curies":[{"name":"wp","href":"https:\/\/api.w.org\/{rel}","templated":true}]}}