{"id":98185,"date":"2018-05-27T12:10:31","date_gmt":"2018-05-27T10:10:31","guid":{"rendered":"https:\/\/pipat-antiquites.fr\/objets\/medieval-walnut-table-france-16th-century\/"},"modified":"2022-08-06T10:52:58","modified_gmt":"2022-08-06T08:52:58","slug":"medieval-walnut-table-france-16th-century","status":"publish","type":"product","link":"https:\/\/pipat-antiquites.fr\/en\/objets\/medieval-walnut-table-france-16th-century\/","title":{"rendered":"Medieval Walnut Table, France, 16th Century"},"content":{"rendered":"<div class=\"wpb-content-wrapper\"><p>[vc_row][vc_column column_width_percent=&#8221;100&#8243; gutter_size=&#8221;3&#8243; override_padding=&#8221;yes&#8221; column_padding=&#8221;3&#8243; overlay_alpha=&#8221;50&#8243; shift_x=&#8221;0&#8243; shift_y=&#8221;0&#8243; shift_y_down=&#8221;0&#8243; z_index=&#8221;0&#8243; medium_width=&#8221;0&#8243; mobile_width=&#8221;0&#8243; width=&#8221;1\/1&#8243; uncode_shortcode_id=&#8221;157088&#8243;][vc_custom_heading text_weight=&#8221;300&#8243; uncode_shortcode_id=&#8221;712519&#8243;]Medieval Walnut Table, France, 16th Century[\/vc_custom_heading][vc_column_text uncode_shortcode_id=&#8221;949954&#8243;]This type of furniture is a rarity and our table is all the more admirable for its remarkable condition, its unusual typology and its dating prior to the late 16th century.<br \/>\nAll in walnut, this medieval table bears the traces of time, its patina is superb, the traces of use are the memory of several centuries of loyal service. And if its tray is patinated, marked by the succession of the kitchen and the meals, the superb crosspieces which support it present at each of their ends corbels carved with acanthus leaves. The turned uprights rest on square feet sculpted with flowers.<span class=\"Apple-converted-space\"> <\/span><\/p>\n<p>Remembrance of the very origin of the word \u00ab mobilier&#8221; in French, the two wrought iron rods fixed in the center of the spacers, crossing and joining under the tabletop, made it possible to free the latter from its base, making the whole assembly easier to transport , therefore more mobile which will gives the word \u00ab mobilier \u00bb.<\/p>\n<p>The set is in very good condition and truly and authentically belongs to furniture produced in medieval times, before the reign of Louis XIII.<span class=\"Apple-converted-space\"> <\/span>[\/vc_column_text][\/vc_column][\/vc_row]<\/p>\n<\/div>","protected":false},"excerpt":{"rendered":"<p style=\"text-align: center;\">Medieval Walnut Table, France, 16th Century Very good condition.<\/p>\n<p style=\"text-align: center;\">Dimensions:<\/p>\n<ul style=\"text-align: center;\">\n<li>Height : 79 cm<\/li>\n<li>Width : 158,5 cm<\/li>\n<li>Depth : 81 cm<\/li>\n<\/ul>\n<p style=\"text-align: center;\">\n","protected":false},"featured_media":98167,"template":"","meta":{"_seopress_robots_primary_cat":"none","_seopress_titles_title":"Table en noyer haute \u00e9poque, France, XVIe si\u00e8cle","_seopress_titles_desc":"Rare table en noyer et fer forg\u00e9 d&#039;\u00e9poque m\u00e9di\u00e9vale. Tr\u00e8s bon \u00e9tat.\u00a0\r\n","_seopress_robots_index":"","content-type":""},"product_brand":[],"product_cat":[385,386,402],"product_tag":[571,512],"class_list":{"0":"post-98185","1":"product","2":"type-product","3":"status-publish","4":"has-post-thumbnail","6":"product_cat-furniture","7":"product_cat-furniture-en","8":"product_cat-tables-and-pedestal-tables","9":"product_tag-xvith-century","10":"product_tag-high-period","12":"first","13":"outofstock","14":"shipping-taxable","15":"purchasable","16":"product-type-simple","17":"add-to-wishlist-after_add_to_cart"},"_links":{"self":[{"href":"https:\/\/pipat-antiquites.fr\/en\/wp-json\/wp\/v2\/product\/98185","targetHints":{"allow":["GET"]}}],"collection":[{"href":"https:\/\/pipat-antiquites.fr\/en\/wp-json\/wp\/v2\/product"}],"about":[{"href":"https:\/\/pipat-antiquites.fr\/en\/wp-json\/wp\/v2\/types\/product"}],"wp:featuredmedia":[{"embeddable":true,"href":"https:\/\/pipat-antiquites.fr\/en\/wp-json\/wp\/v2\/media\/98167"}],"wp:attachment":[{"href":"https:\/\/pipat-antiquites.fr\/en\/wp-json\/wp\/v2\/media?parent=98185"}],"wp:term":[{"taxonomy":"product_brand","embeddable":true,"href":"https:\/\/pipat-antiquites.fr\/en\/wp-json\/wp\/v2\/product_brand?post=98185"},{"taxonomy":"product_cat","embeddable":true,"href":"https:\/\/pipat-antiquites.fr\/en\/wp-json\/wp\/v2\/product_cat?post=98185"},{"taxonomy":"product_tag","embeddable":true,"href":"https:\/\/pipat-antiquites.fr\/en\/wp-json\/wp\/v2\/product_tag?post=98185"}],"curies":[{"name":"wp","href":"https:\/\/api.w.org\/{rel}","templated":true}]}}