{"id":98147,"date":"2022-05-27T09:25:33","date_gmt":"2022-05-27T07:25:33","guid":{"rendered":"https:\/\/pipat-antiquites.fr\/objets\/pair-of-candlesticks-in-the-mid-century-style-20th-century\/"},"modified":"2022-05-27T09:38:16","modified_gmt":"2022-05-27T07:38:16","slug":"pair-of-candlesticks-in-the-mid-century-style-20th-century","status":"publish","type":"product","link":"https:\/\/pipat-antiquites.fr\/en\/objets\/pair-of-candlesticks-in-the-mid-century-style-20th-century\/","title":{"rendered":"Pair of Candlesticks in the Mid-Century Style, 20th Century"},"content":{"rendered":"<div class=\"wpb-content-wrapper\"><p>[vc_row][vc_column column_width_percent=&#8221;100&#8243; gutter_size=&#8221;3&#8243; override_padding=&#8221;yes&#8221; column_padding=&#8221;3&#8243; overlay_alpha=&#8221;50&#8243; shift_x=&#8221;0&#8243; shift_y=&#8221;0&#8243; shift_y_down=&#8221;0&#8243; z_index=&#8221;0&#8243; medium_width=&#8221;0&#8243; mobile_width=&#8221;0&#8243; width=&#8221;1\/1&#8243; uncode_shortcode_id=&#8221;152812&#8243;][vc_custom_heading text_weight=&#8221;300&#8243; uncode_shortcode_id=&#8221;108290&#8243;]Pair of Candlesticks in the Mid-Century Style, 20th Century<span class=\"Apple-converted-space\"> <\/span>[\/vc_custom_heading][vc_column_text uncode_shortcode_id=&#8221;875200&#8243;]Lovely candleholders with a knotted rope motif in the refined taste of mid-century moderns. Very elegant, these two candlesticks in silver metal and in perfect condition will decorate a chest of drawers, a table or a fireplace.<\/p>\n<ul>\n<li>Delivery price in France : 15\u20ac.<\/li>\n<li>Delivery price in Europe : 35\u20ac.<\/li>\n<li>Delivery price for other destinations: 55\u20ac.<\/li>\n<\/ul>\n<p>[\/vc_column_text][\/vc_column][\/vc_row]<\/p>\n<\/div>","protected":false},"excerpt":{"rendered":"<p style=\"text-align: center;\">Silver metal, knotted rope pattern. Perfect condition.<\/p>\n<p style=\"text-align: center;\">Dimensions:<\/p>\n<ul>\n<li style=\"text-align: center;\">Height : 24 cm<\/li>\n<li style=\"text-align: center;\">Diameter : 8.5 cm<\/li>\n<\/ul>\n","protected":false},"featured_media":98137,"template":"","meta":{"_seopress_robots_primary_cat":"none","_seopress_titles_title":"Paire de bougeoirs dans le go\u00fbt mid-century, XXe si\u00e8cle ","_seopress_titles_desc":"M\u00e9tal argent\u00e9, motif de corde nou\u00e9e. Parfait \u00e9tat.","_seopress_robots_index":"","content-type":""},"product_brand":[],"product_cat":[371,372,374],"product_tag":[351,538],"class_list":{"0":"post-98147","1":"product","2":"type-product","3":"status-publish","4":"has-post-thumbnail","6":"product_cat-lights","7":"product_cat-antique-lights","8":"product_cat-candlesticks-and-torches","9":"product_tag-twentieth-century","10":"product_tag-mid-century-en","11":"product_shipping_class-1-fr-15-e-eu-35-e-world-55-e","13":"first","14":"instock","15":"shipping-taxable","16":"purchasable","17":"product-type-simple","18":"add-to-wishlist-after_add_to_cart"},"_links":{"self":[{"href":"https:\/\/pipat-antiquites.fr\/en\/wp-json\/wp\/v2\/product\/98147","targetHints":{"allow":["GET"]}}],"collection":[{"href":"https:\/\/pipat-antiquites.fr\/en\/wp-json\/wp\/v2\/product"}],"about":[{"href":"https:\/\/pipat-antiquites.fr\/en\/wp-json\/wp\/v2\/types\/product"}],"wp:featuredmedia":[{"embeddable":true,"href":"https:\/\/pipat-antiquites.fr\/en\/wp-json\/wp\/v2\/media\/98137"}],"wp:attachment":[{"href":"https:\/\/pipat-antiquites.fr\/en\/wp-json\/wp\/v2\/media?parent=98147"}],"wp:term":[{"taxonomy":"product_brand","embeddable":true,"href":"https:\/\/pipat-antiquites.fr\/en\/wp-json\/wp\/v2\/product_brand?post=98147"},{"taxonomy":"product_cat","embeddable":true,"href":"https:\/\/pipat-antiquites.fr\/en\/wp-json\/wp\/v2\/product_cat?post=98147"},{"taxonomy":"product_tag","embeddable":true,"href":"https:\/\/pipat-antiquites.fr\/en\/wp-json\/wp\/v2\/product_tag?post=98147"}],"curies":[{"name":"wp","href":"https:\/\/api.w.org\/{rel}","templated":true}]}}