{"id":97454,"date":"2022-01-12T15:02:09","date_gmt":"2022-01-12T14:02:09","guid":{"rendered":"https:\/\/pipat-antiquites.fr\/objets\/oil-on-canvas-entitled-le-bouquet-bleu-and-signed-marcel-depre-1919-1990\/"},"modified":"2023-03-06T11:17:37","modified_gmt":"2023-03-06T10:17:37","slug":"oil-on-canvas-entitled-le-bouquet-bleu-and-signed-marcel-depre-1919-1990","status":"publish","type":"product","link":"https:\/\/pipat-antiquites.fr\/en\/objets\/oil-on-canvas-entitled-le-bouquet-bleu-and-signed-marcel-depre-1919-1990\/","title":{"rendered":"Oil on Canvas Entitled &#8220;Le Bouquet Bleu&#8221; and Signed Marcel Depr\u00e9 (1919 &#8211; 1990)"},"content":{"rendered":"<div class=\"wpb-content-wrapper\"><p>[vc_row][vc_column column_width_percent=&#8221;100&#8243; gutter_size=&#8221;3&#8243; override_padding=&#8221;yes&#8221; column_padding=&#8221;3&#8243; overlay_alpha=&#8221;50&#8243; shift_x=&#8221;0&#8243; shift_y=&#8221;0&#8243; shift_y_down=&#8221;0&#8243; z_index=&#8221;0&#8243; medium_width=&#8221;0&#8243; mobile_width=&#8221;0&#8243; width=&#8221;1\/1&#8243; uncode_shortcode_id=&#8221;212412&#8243;][vc_custom_heading text_weight=&#8221;300&#8243; uncode_shortcode_id=&#8221;192026&#8243;]Oil on Canvas Entitled &#8220;Le Bouquet Bleu&#8221; and Signed Marcel Depr\u00e9 (1919 &#8211; 1990)[\/vc_custom_heading][vc_column_text uncode_shortcode_id=&#8221;283516&#8243;]As much influenced by classic still lifes as by the modernist movements that ran throughout the 20th century, this painting by Marcel Depr\u00e9 changes its usual subjects. This artist, who became an official painter of the Navy in 1973, has won several prizes thanks to works oriented towards life on the coast. This former student of the \u00c9cole d&#8217;Estienne in Paris from 1933 to 1937 stood out in artistic circles for his characteristic touch drawing both on Cubism and on the optical works of Robert and Sonia Delaunay. Several works by Marcel Depr\u00e9 are now kept at the <a href=\"http:\/\/www.mam.paris.fr\/fr\">Museum of Modern Art in Paris<\/a>, the <a href=\"https:\/\/www.musee-marine.fr\">National Marine Museum<\/a> and the Museum of Baux-de-Provence. Our canvas in perfect condition is offered unframed.<\/p>\n<ul>\n<li>Delivery price in France : 35\u20ac.<\/li>\n<li>Delivery price in Europe : 55\u20ac.<\/li>\n<li>Delivery price for other destinations: 75\u20ac.<\/li>\n<\/ul>\n<p>[\/vc_column_text][\/vc_column][\/vc_row]<\/p>\n<\/div>","protected":false},"excerpt":{"rendered":"<p style=\"text-align: center;\">Signed on the left lower corner. Perfect condition.<\/p>\n<p style=\"text-align: center;\">Dimensions:<\/p>\n<ul>\n<li style=\"text-align: center;\">Height : 92 cm<\/li>\n<li style=\"text-align: center;\">Width: 65 cm<\/li>\n<li style=\"text-align: center;\">Depth : 2,5 cm<\/li>\n<\/ul>\n","protected":false},"featured_media":101672,"template":"","meta":{"_seopress_robots_primary_cat":"none","_seopress_titles_title":"Huile sur toile intitul\u00e9e \u00ab\u00a0Le Bouquet Bleu\u00a0\u00bb et sign\u00e9 Marcel Depr\u00e9 (1919 - 1990)","_seopress_titles_desc":"Tableau sign\u00e9 par le peintre officiel de Marine Marcel Depr\u00e9 (1919 - 1990)","_seopress_robots_index":"","content-type":""},"product_brand":[],"product_cat":[343,348,358],"product_tag":[351,566],"class_list":{"0":"post-97454","1":"product","2":"type-product","3":"status-publish","4":"has-post-thumbnail","6":"product_cat-fine-arts","7":"product_cat-paintings","8":"product_cat-still-life-paintings","9":"product_tag-twentieth-century","10":"product_tag-modern-art","11":"product_shipping_class-2-fr-35-e-eu-55-e-world-75-e","13":"first","14":"instock","15":"shipping-taxable","16":"purchasable","17":"product-type-simple","18":"add-to-wishlist-after_add_to_cart"},"_links":{"self":[{"href":"https:\/\/pipat-antiquites.fr\/en\/wp-json\/wp\/v2\/product\/97454","targetHints":{"allow":["GET"]}}],"collection":[{"href":"https:\/\/pipat-antiquites.fr\/en\/wp-json\/wp\/v2\/product"}],"about":[{"href":"https:\/\/pipat-antiquites.fr\/en\/wp-json\/wp\/v2\/types\/product"}],"wp:featuredmedia":[{"embeddable":true,"href":"https:\/\/pipat-antiquites.fr\/en\/wp-json\/wp\/v2\/media\/101672"}],"wp:attachment":[{"href":"https:\/\/pipat-antiquites.fr\/en\/wp-json\/wp\/v2\/media?parent=97454"}],"wp:term":[{"taxonomy":"product_brand","embeddable":true,"href":"https:\/\/pipat-antiquites.fr\/en\/wp-json\/wp\/v2\/product_brand?post=97454"},{"taxonomy":"product_cat","embeddable":true,"href":"https:\/\/pipat-antiquites.fr\/en\/wp-json\/wp\/v2\/product_cat?post=97454"},{"taxonomy":"product_tag","embeddable":true,"href":"https:\/\/pipat-antiquites.fr\/en\/wp-json\/wp\/v2\/product_tag?post=97454"}],"curies":[{"name":"wp","href":"https:\/\/api.w.org\/{rel}","templated":true}]}}