{"id":97019,"date":"2021-02-07T10:45:16","date_gmt":"2022-02-07T09:45:16","guid":{"rendered":"https:\/\/pipat-antiquites.fr\/objets\/pate-de-verre-lamp-20th-century\/"},"modified":"2022-03-30T10:14:31","modified_gmt":"2022-03-30T08:14:31","slug":"pate-de-verre-lamp-20th-century","status":"publish","type":"product","link":"https:\/\/pipat-antiquites.fr\/en\/objets\/pate-de-verre-lamp-20th-century\/","title":{"rendered":"Pate de Verre Lamp, 20th Century"},"content":{"rendered":"<div class=\"wpb-content-wrapper\"><p>[vc_row][vc_column column_width_percent=&#8221;100&#8243; gutter_size=&#8221;3&#8243; override_padding=&#8221;yes&#8221; column_padding=&#8221;3&#8243; overlay_alpha=&#8221;50&#8243; shift_x=&#8221;0&#8243; shift_y=&#8221;0&#8243; shift_y_down=&#8221;0&#8243; z_index=&#8221;0&#8243; medium_width=&#8221;0&#8243; mobile_width=&#8221;0&#8243; width=&#8221;1\/1&#8243; uncode_shortcode_id=&#8221;867564&#8243;][vc_custom_heading text_weight=&#8221;300&#8243; uncode_shortcode_id=&#8221;622264&#8243;]Pate de Verre Lamp, 20th Century<span class=\"Apple-converted-space\"> <\/span>[\/vc_custom_heading][vc_column_text uncode_shortcode_id=&#8221;319487&#8243;]Discreet and delicately evoking the plant world, this pate de verre lamp dates from the second half of the 20th century. The softness of its colors recalls the palette of landscapes at the very beginning of spring, a palette awakened by the diaphanous light diffusing through the ecru lampshade. This lamp has been completely re-electrified by us and fits all modern electrical outlets.<\/p>\n<ul>\n<li>Delivery price in France : 35\u20ac.<\/li>\n<li>Delivery price in Europe : 55\u20ac.<\/li>\n<li>Delivery price for other destinations: 75\u20ac.<\/li>\n<\/ul>\n<p>[\/vc_column_text][\/vc_column][\/vc_row]<\/p>\n<\/div>","protected":false},"excerpt":{"rendered":"<p style=\"text-align: center;\">Pate de verre, created in the 1950s -1960s. Perfect condition.<\/p>\n<p style=\"text-align: center;\">Dimensions:<\/p>\n<ul>\n<li style=\"text-align: center;\">Height : 37 cm<\/li>\n<li style=\"text-align: center;\">Diameter: 17 cm<\/li>\n<\/ul>\n","protected":false},"featured_media":97005,"template":"","meta":{"_seopress_robots_primary_cat":"none","_seopress_titles_title":"Lampe en p\u00e2te de verre, XXe si\u00e8cle ","_seopress_titles_desc":"Lampe de cr\u00e9ateur en p\u00e2te de verre. Design des ann\u00e9es 1950 - 1960.","_seopress_robots_index":"","content-type":""},"product_brand":[],"product_cat":[377,371,372],"product_tag":[560,351],"class_list":{"0":"post-97019","1":"product","2":"type-product","3":"status-publish","4":"has-post-thumbnail","6":"product_cat-lamps","7":"product_cat-lights","8":"product_cat-antique-lights","9":"product_tag-glass","10":"product_tag-twentieth-century","11":"product_shipping_class-2-fr-35-e-eu-55-e-world-75-e","13":"first","14":"instock","15":"shipping-taxable","16":"purchasable","17":"product-type-simple","18":"add-to-wishlist-after_add_to_cart"},"_links":{"self":[{"href":"https:\/\/pipat-antiquites.fr\/en\/wp-json\/wp\/v2\/product\/97019","targetHints":{"allow":["GET"]}}],"collection":[{"href":"https:\/\/pipat-antiquites.fr\/en\/wp-json\/wp\/v2\/product"}],"about":[{"href":"https:\/\/pipat-antiquites.fr\/en\/wp-json\/wp\/v2\/types\/product"}],"wp:featuredmedia":[{"embeddable":true,"href":"https:\/\/pipat-antiquites.fr\/en\/wp-json\/wp\/v2\/media\/97005"}],"wp:attachment":[{"href":"https:\/\/pipat-antiquites.fr\/en\/wp-json\/wp\/v2\/media?parent=97019"}],"wp:term":[{"taxonomy":"product_brand","embeddable":true,"href":"https:\/\/pipat-antiquites.fr\/en\/wp-json\/wp\/v2\/product_brand?post=97019"},{"taxonomy":"product_cat","embeddable":true,"href":"https:\/\/pipat-antiquites.fr\/en\/wp-json\/wp\/v2\/product_cat?post=97019"},{"taxonomy":"product_tag","embeddable":true,"href":"https:\/\/pipat-antiquites.fr\/en\/wp-json\/wp\/v2\/product_tag?post=97019"}],"curies":[{"name":"wp","href":"https:\/\/api.w.org\/{rel}","templated":true}]}}