{"id":96964,"date":"2022-01-24T09:54:42","date_gmt":"2022-01-24T08:54:42","guid":{"rendered":"https:\/\/pipat-antiquites.fr\/objets\/mahogany-bookcase-20th-century\/"},"modified":"2022-01-24T10:06:54","modified_gmt":"2022-01-24T09:06:54","slug":"mahogany-bookcase-20th-century","status":"publish","type":"product","link":"https:\/\/pipat-antiquites.fr\/en\/objets\/mahogany-bookcase-20th-century\/","title":{"rendered":"Mahogany Bookcase, 20th Century"},"content":{"rendered":"<div class=\"wpb-content-wrapper\"><p>[vc_row][vc_column column_width_percent=&#8221;100&#8243; gutter_size=&#8221;3&#8243; override_padding=&#8221;yes&#8221; column_padding=&#8221;3&#8243; overlay_alpha=&#8221;50&#8243; shift_x=&#8221;0&#8243; shift_y=&#8221;0&#8243; shift_y_down=&#8221;0&#8243; z_index=&#8221;0&#8243; medium_width=&#8221;0&#8243; mobile_width=&#8221;0&#8243; width=&#8221;1\/1&#8243; uncode_shortcode_id=&#8221;708956&#8243;][vc_custom_heading text_weight=&#8221;300&#8243; uncode_shortcode_id=&#8221;532405&#8243;]Mahogany Bookcase, 20th Century<span class=\"Apple-converted-space\"> <\/span>[\/vc_custom_heading][vc_column_text uncode_shortcode_id=&#8221;856993&#8243;]What bibliophile would not dream of such a bookcase? Entirely in mahogany and punctuated by Doric pilasters, this bookcase consists of removable and adjustable shelves, 4 reading or writing tablets covered in green leather gilded with small iron, a cupboard closing with a door adorned with a mirror with beveled glass and a perforated metal radiator cover. The longest side measures 425 cm, the shortest 315 cm and the whole has an angle of 90\u00b0.<\/p>\n<p>This beautiful woodwork is in very good condition and will warm up a living room or the reading room that every book lover dreams of![\/vc_column_text][\/vc_column][\/vc_row]<\/p>\n<\/div>","protected":false},"excerpt":{"rendered":"<p style=\"text-align: center;\">Mahogany bookcase in very good condition composed of removable shelves, reading shelves, drawers, a cupboard and a radiator cover.<\/p>\n<p style=\"text-align: center;\">Dimensions:<\/p>\n<ul>\n<li style=\"text-align: center;\">Height : 262 cm<\/li>\n<li style=\"text-align: center;\">Longest side : 425 cm<\/li>\n<li style=\"text-align: center;\">Shortest side : 315 cm<\/li>\n<li style=\"text-align: center;\">Angle : 90\u00b0<\/li>\n<\/ul>\n","protected":false},"featured_media":96942,"template":"","meta":{"_seopress_robots_primary_cat":"none","_seopress_titles_title":"Biblioth\u00e8que en acajou, XXe si\u00e8cle ","_seopress_titles_desc":"Biblioth\u00e8que en acajou en tr\u00e8s bon \u00e9tat compos\u00e9e d&#039;\u00e9tag\u00e8res amovibles, de tablettes de lecture, de tiroirs, d&#039;un placard et d&#039;un cache radiateur.","_seopress_robots_index":"","content-type":""},"product_brand":[],"product_cat":[385,386,390],"product_tag":[351,474],"class_list":{"0":"post-96964","1":"product","2":"type-product","3":"status-publish","4":"has-post-thumbnail","6":"product_cat-furniture","7":"product_cat-furniture-en","8":"product_cat-bookcases","9":"product_tag-twentieth-century","10":"product_tag-mahogany","12":"first","13":"outofstock","14":"shipping-taxable","15":"purchasable","16":"product-type-simple","17":"add-to-wishlist-after_add_to_cart"},"_links":{"self":[{"href":"https:\/\/pipat-antiquites.fr\/en\/wp-json\/wp\/v2\/product\/96964","targetHints":{"allow":["GET"]}}],"collection":[{"href":"https:\/\/pipat-antiquites.fr\/en\/wp-json\/wp\/v2\/product"}],"about":[{"href":"https:\/\/pipat-antiquites.fr\/en\/wp-json\/wp\/v2\/types\/product"}],"wp:featuredmedia":[{"embeddable":true,"href":"https:\/\/pipat-antiquites.fr\/en\/wp-json\/wp\/v2\/media\/96942"}],"wp:attachment":[{"href":"https:\/\/pipat-antiquites.fr\/en\/wp-json\/wp\/v2\/media?parent=96964"}],"wp:term":[{"taxonomy":"product_brand","embeddable":true,"href":"https:\/\/pipat-antiquites.fr\/en\/wp-json\/wp\/v2\/product_brand?post=96964"},{"taxonomy":"product_cat","embeddable":true,"href":"https:\/\/pipat-antiquites.fr\/en\/wp-json\/wp\/v2\/product_cat?post=96964"},{"taxonomy":"product_tag","embeddable":true,"href":"https:\/\/pipat-antiquites.fr\/en\/wp-json\/wp\/v2\/product_tag?post=96964"}],"curies":[{"name":"wp","href":"https:\/\/api.w.org\/{rel}","templated":true}]}}