{"id":96933,"date":"2022-01-18T09:13:09","date_gmt":"2022-01-18T08:13:09","guid":{"rendered":"https:\/\/pipat-antiquites.fr\/objets\/picking-tomatoes-in-provence-oil-on-canvas-signed-joseph-meissonnier-1864-1943\/"},"modified":"2022-01-18T09:22:50","modified_gmt":"2022-01-18T08:22:50","slug":"picking-tomatoes-in-provence-oil-on-canvas-signed-joseph-meissonnier-1864-1943","status":"publish","type":"product","link":"https:\/\/pipat-antiquites.fr\/en\/objets\/picking-tomatoes-in-provence-oil-on-canvas-signed-joseph-meissonnier-1864-1943\/","title":{"rendered":"Picking Tomatoes in Provence. Oil on Canvas Signed Joseph Meissonnier (1864 &#8211; 1943)"},"content":{"rendered":"<div class=\"wpb-content-wrapper\"><p>[vc_row][vc_column column_width_percent=&#8221;100&#8243; gutter_size=&#8221;3&#8243; override_padding=&#8221;yes&#8221; column_padding=&#8221;3&#8243; overlay_alpha=&#8221;50&#8243; shift_x=&#8221;0&#8243; shift_y=&#8221;0&#8243; shift_y_down=&#8221;0&#8243; z_index=&#8221;0&#8243; medium_width=&#8221;0&#8243; mobile_width=&#8221;0&#8243; width=&#8221;1\/1&#8243; uncode_shortcode_id=&#8221;623297&#8243;][vc_custom_heading text_weight=&#8221;300&#8243; uncode_shortcode_id=&#8221;414481&#8243;]Picking Tomatoes in Provence. Oil on Canvas Signed Joseph Meissonnier (1864 &#8211; 1943)<span class=\"Apple-converted-space\"> <\/span>[\/vc_custom_heading][vc_column_text uncode_shortcode_id=&#8221;242353&#8243;]In his characteristic impressionist touch, Meissonnier makes us hear the sound of cicadas, makes us feel the sun of a summer morning and the rustling of the clothes of this picker against the leaves of the tomato plants, the slight creaking of the wicker and a similar noise a few steps away.<br \/>\nJoseph Meissonnier is not at his first attempt with this very beautiful genre scene. His touch is already asserted and his art is mature. Born in Montfavet, a commune of Avignon on May 4th, 1864, he became a pupil of Pierre Grivolas, Eug\u00e8ne Dufour and Paul Sa\u00efn before joining the &#8220;Groupe des Treize&#8221; created in 1912 by Cl\u00e9ment Brun. There he became friends with Joseph Hurard.<span class=\"Apple-converted-space\"> <\/span><\/p>\n<p>Oil on canvas and frame in perfect condition.<\/p>\n<ul>\n<li>Delivery price in France : 35\u20ac.<\/li>\n<li>Delivery price in Europe : 55\u20ac.<\/li>\n<li>Delivery price for other destinations: 75\u20ac.<\/li>\n<\/ul>\n<p>[\/vc_column_text][\/vc_column][\/vc_row]<\/p>\n<\/div>","protected":false},"excerpt":{"rendered":"<p style=\"text-align: center;\">Oil painting signed by the impressionnist proven\u00e7al painter Joseph Meissonnier (1864 &#8211; 1943). Perfect condition.<\/p>\n<p style=\"text-align: center;\">Dimensions with frame :<\/p>\n<ul style=\"text-align: center;\">\n<li>Height : 59 cm<\/li>\n<li>Width : 67 cm<\/li>\n<li>Depth: 3.5 cm<\/li>\n<\/ul>\n<p style=\"text-align: center;\">Dimensions without frame :<\/p>\n<ul>\n<li style=\"text-align: center;\">Height : 45,5 cm<\/li>\n<li style=\"text-align: center;\">Width : 53,5 cm<\/li>\n<\/ul>\n","protected":false},"featured_media":0,"template":"","meta":{"_seopress_robots_primary_cat":"","_seopress_titles_title":"Picking Tomatoes in Provence. Oil on Canvas Signed Joseph Meissonnier (1864 - 1943) ","_seopress_titles_desc":"Oil painting signed by the impressionnist proven\u00e7al painter Joseph Meissonnier (1864 - 1943). Perfect condition.","_seopress_robots_index":"","content-type":""},"product_brand":[],"product_cat":[343,348,349],"product_tag":[350,558],"class_list":{"0":"post-96933","1":"product","2":"type-product","3":"status-publish","5":"product_cat-fine-arts","6":"product_cat-paintings","7":"product_cat-genre-paintings","8":"product_tag-nineteenth-century","9":"product_tag-oil","11":"first","12":"outofstock","13":"shipping-taxable","14":"purchasable","15":"product-type-simple","16":"add-to-wishlist-after_add_to_cart"},"_links":{"self":[{"href":"https:\/\/pipat-antiquites.fr\/en\/wp-json\/wp\/v2\/product\/96933","targetHints":{"allow":["GET"]}}],"collection":[{"href":"https:\/\/pipat-antiquites.fr\/en\/wp-json\/wp\/v2\/product"}],"about":[{"href":"https:\/\/pipat-antiquites.fr\/en\/wp-json\/wp\/v2\/types\/product"}],"wp:attachment":[{"href":"https:\/\/pipat-antiquites.fr\/en\/wp-json\/wp\/v2\/media?parent=96933"}],"wp:term":[{"taxonomy":"product_brand","embeddable":true,"href":"https:\/\/pipat-antiquites.fr\/en\/wp-json\/wp\/v2\/product_brand?post=96933"},{"taxonomy":"product_cat","embeddable":true,"href":"https:\/\/pipat-antiquites.fr\/en\/wp-json\/wp\/v2\/product_cat?post=96933"},{"taxonomy":"product_tag","embeddable":true,"href":"https:\/\/pipat-antiquites.fr\/en\/wp-json\/wp\/v2\/product_tag?post=96933"}],"curies":[{"name":"wp","href":"https:\/\/api.w.org\/{rel}","templated":true}]}}