{"id":96552,"date":"2021-12-20T12:45:34","date_gmt":"2021-12-20T11:45:34","guid":{"rendered":"https:\/\/pipat-antiquites.fr\/objets\/vase-with-the-star-signature-of-emile-galle-1846-1904-late-1904-1908\/"},"modified":"2022-04-15T18:34:11","modified_gmt":"2022-04-15T16:34:11","slug":"vase-with-the-star-signature-of-emile-galle-1846-1904-late-1904-1908","status":"publish","type":"product","link":"https:\/\/pipat-antiquites.fr\/en\/objets\/vase-with-the-star-signature-of-emile-galle-1846-1904-late-1904-1908\/","title":{"rendered":"Vase with the star signature of \u00c9mile Gall\u00e9 (1846 &#8211; 1904), late 1904 &#8211; 1908"},"content":{"rendered":"<div class=\"wpb-content-wrapper\"><p>[vc_row][vc_column column_width_percent=&#8221;100&#8243; gutter_size=&#8221;3&#8243; override_padding=&#8221;yes&#8221; column_padding=&#8221;3&#8243; overlay_alpha=&#8221;50&#8243; shift_x=&#8221;0&#8243; shift_y=&#8221;0&#8243; shift_y_down=&#8221;0&#8243; z_index=&#8221;0&#8243; medium_width=&#8221;0&#8243; mobile_width=&#8221;0&#8243; width=&#8221;1\/1&#8243; uncode_shortcode_id=&#8221;180458&#8243;][vc_custom_heading text_weight=&#8221;300&#8243; uncode_shortcode_id=&#8221;138018&#8243;]Vase with the star signature of \u00c9mile Gall\u00e9 (1846 &#8211; 1904), late 1904 &#8211; 1908<span class=\"Apple-converted-space\"> <\/span>[\/vc_custom_heading][vc_column_text uncode_shortcode_id=&#8221;102226&#8243;]With a all-over revolving decoration, this lacustrine landscape in multilayer glass is acid-etched (cameo glass), treated with orange and brown on a yellow-white background. This baluster-shaped vase is distinguished in particular by its signature with the star, a mark applied to the last pieces of the master glassmaker&#8217;s production when the workshops were taken over by his widow, Henriette Gall\u00e9 (1848 &#8211; 1914). Rare proof in perfect condition.<\/p>\n<ul>\n<li>Delivery price in France : 75\u20ac.<\/li>\n<li>Delivery price in Europe : 115\u20ac.<\/li>\n<li>Delivery price for other destinations: 175\u20ac.<\/li>\n<\/ul>\n<p>[\/vc_column_text][\/vc_column][\/vc_row]<\/p>\n<\/div>","protected":false},"excerpt":{"rendered":"<p style=\"text-align: center;\">Art Nouveau Vase. Rare proof with all-over decoration bearing the signature with one star.<\/p>\n<p style=\"text-align: center;\">Dimensions:<\/p>\n<ul>\n<li style=\"text-align: center;\">Height : 40 cm<\/li>\n<li style=\"text-align: center;\">Width: 17 cm<\/li>\n<li style=\"text-align: center;\">Diameter : 10 cm<\/li>\n<\/ul>\n","protected":false},"featured_media":97675,"template":"","meta":{"_seopress_robots_primary_cat":"none","_seopress_titles_title":"Vase portant la signature \u00e0 l\u2019\u00e9toile d\u2019\u00c9mile Gall\u00e9 (1846 - 1904), fin 1904 - 1908 ","_seopress_titles_desc":"Vase Art Nouveau. Rare \u00e9preuve \u00e0 d\u00e9cor tournant portant la signature \u00e0 l&#039;\u00e9toile.","_seopress_robots_index":"","content-type":""},"product_brand":[],"product_cat":[496,497,337,338,459],"product_tag":[498,351],"class_list":{"0":"post-96552","1":"product","2":"type-product","3":"status-publish","4":"has-post-thumbnail","6":"product_cat-glass-and-crystal","7":"product_cat-vases-and-glass-objects","8":"product_cat-objects","9":"product_cat-decorative-arts","10":"product_cat-vases-en","11":"product_tag-art-nouveau-en","12":"product_tag-twentieth-century","13":"product_shipping_class-3-fr-75-e-eu-115-e-world-175-e","15":"first","16":"instock","17":"shipping-taxable","18":"purchasable","19":"product-type-simple","20":"add-to-wishlist-after_add_to_cart"},"_links":{"self":[{"href":"https:\/\/pipat-antiquites.fr\/en\/wp-json\/wp\/v2\/product\/96552","targetHints":{"allow":["GET"]}}],"collection":[{"href":"https:\/\/pipat-antiquites.fr\/en\/wp-json\/wp\/v2\/product"}],"about":[{"href":"https:\/\/pipat-antiquites.fr\/en\/wp-json\/wp\/v2\/types\/product"}],"wp:featuredmedia":[{"embeddable":true,"href":"https:\/\/pipat-antiquites.fr\/en\/wp-json\/wp\/v2\/media\/97675"}],"wp:attachment":[{"href":"https:\/\/pipat-antiquites.fr\/en\/wp-json\/wp\/v2\/media?parent=96552"}],"wp:term":[{"taxonomy":"product_brand","embeddable":true,"href":"https:\/\/pipat-antiquites.fr\/en\/wp-json\/wp\/v2\/product_brand?post=96552"},{"taxonomy":"product_cat","embeddable":true,"href":"https:\/\/pipat-antiquites.fr\/en\/wp-json\/wp\/v2\/product_cat?post=96552"},{"taxonomy":"product_tag","embeddable":true,"href":"https:\/\/pipat-antiquites.fr\/en\/wp-json\/wp\/v2\/product_tag?post=96552"}],"curies":[{"name":"wp","href":"https:\/\/api.w.org\/{rel}","templated":true}]}}