{"id":111686,"date":"2026-04-10T09:18:37","date_gmt":"2026-04-10T07:18:37","guid":{"rendered":"https:\/\/pipat-antiquites.fr\/objets\/neoclassical-urns-with-marble-and-gilt-bronze-lids-19th-century\/"},"modified":"2026-04-10T09:29:46","modified_gmt":"2026-04-10T07:29:46","slug":"neoclassical-urns-with-marble-and-gilt-bronze-lids-19th-century","status":"publish","type":"product","link":"https:\/\/pipat-antiquites.fr\/en\/objets\/neoclassical-urns-with-marble-and-gilt-bronze-lids-19th-century\/","title":{"rendered":"Neoclassical Urns with Marble and Gilt Bronze Lids, 19th Century"},"content":{"rendered":"<div class=\"wpb-content-wrapper\"><p>[vc_row][vc_column column_width_percent=&#8221;100&#8243; gutter_size=&#8221;3&#8243; override_padding=&#8221;yes&#8221; column_padding=&#8221;3&#8243; overlay_alpha=&#8221;50&#8243; shift_x=&#8221;0&#8243; shift_y=&#8221;0&#8243; shift_y_down=&#8221;0&#8243; z_index=&#8221;0&#8243; medium_width=&#8221;0&#8243; mobile_width=&#8221;0&#8243; width=&#8221;1\/1&#8243; uncode_shortcode_id=&#8221;146060&#8243;][vc_custom_heading text_weight=&#8221;300&#8243; uncode_shortcode_id=&#8221;339523&#8243;]<\/p>\n<p class=\"p1\">Neoclassical Urns with Marble and Gilt Bronze Lids, 19th Century<\/p>\n<p>[\/vc_custom_heading][vc_column_text uncode_shortcode_id=&#8221;835877&#8243;]<\/p>\n<p class=\"p1\">Carved from richly veined gray marble, each of these neoclassical urns is mounted in gilt bronze and stands on a base of the same metal. Each lid is surmounted by a pine cone, the necks are finely chiseled, and the zoomorphic handles imitate swans with raised wings. The set is in perfect condition.  This piece is in perfect condition.<\/p>\n<ul>\n<li class=\"p1\">Delivery price within Metropolitan France: \u20ac55<br \/>Delivery price within Europe: \u20ac95<br \/>Delivery price to other destinations: \u20ac125<\/li>\n<\/ul>\n<p>[\/vc_column_text][\/vc_column][\/vc_row]<\/p>\n<\/div>","protected":false},"excerpt":{"rendered":"<p style=\"text-align: center;\">Decorative objects in veined grey marble, perfect condition.<\/p>\n<p class=\"p1\" style=\"text-align: center;\">Dimensions<\/p>\n<ul>\n<li class=\"p1\" style=\"text-align: center;\">Height without lid: 35 cm<\/li>\n<li class=\"p1\" style=\"text-align: center;\">Height with lid: 41 cm<\/li>\n<li class=\"p1\" style=\"text-align: center;\">Width: 16 cm<\/li>\n<li class=\"p1\" style=\"text-align: center;\">Depth: 8.7 cm X 8.7 cm<\/li>\n<\/ul>\n","protected":false},"featured_media":111675,"template":"","meta":{"_seopress_robots_primary_cat":"none","_seopress_titles_title":"Urnes couvertes en marbre et bronze dor\u00e9, style n\u00e9oclassique, XIXe si\u00e8cle","_seopress_titles_desc":"Objets d\u00e9coratifs en marbre gris vein\u00e9, parfait \u00e9tat.","_seopress_robots_index":"","content-type":""},"product_brand":[],"product_cat":[337,338,417,459],"product_tag":[],"class_list":{"0":"post-111686","1":"product","2":"type-product","3":"status-publish","4":"has-post-thumbnail","6":"product_cat-objects","7":"product_cat-decorative-arts","8":"product_cat-cups-and-bowls","9":"product_cat-vases-en","10":"product_shipping_class-fr-55-e-eu-95-e-world-125-e-2","12":"first","13":"instock","14":"shipping-taxable","15":"purchasable","16":"product-type-simple","17":"add-to-wishlist-after_add_to_cart"},"_links":{"self":[{"href":"https:\/\/pipat-antiquites.fr\/en\/wp-json\/wp\/v2\/product\/111686","targetHints":{"allow":["GET"]}}],"collection":[{"href":"https:\/\/pipat-antiquites.fr\/en\/wp-json\/wp\/v2\/product"}],"about":[{"href":"https:\/\/pipat-antiquites.fr\/en\/wp-json\/wp\/v2\/types\/product"}],"wp:featuredmedia":[{"embeddable":true,"href":"https:\/\/pipat-antiquites.fr\/en\/wp-json\/wp\/v2\/media\/111675"}],"wp:attachment":[{"href":"https:\/\/pipat-antiquites.fr\/en\/wp-json\/wp\/v2\/media?parent=111686"}],"wp:term":[{"taxonomy":"product_brand","embeddable":true,"href":"https:\/\/pipat-antiquites.fr\/en\/wp-json\/wp\/v2\/product_brand?post=111686"},{"taxonomy":"product_cat","embeddable":true,"href":"https:\/\/pipat-antiquites.fr\/en\/wp-json\/wp\/v2\/product_cat?post=111686"},{"taxonomy":"product_tag","embeddable":true,"href":"https:\/\/pipat-antiquites.fr\/en\/wp-json\/wp\/v2\/product_tag?post=111686"}],"curies":[{"name":"wp","href":"https:\/\/api.w.org\/{rel}","templated":true}]}}