{"id":111390,"date":"2026-03-02T10:14:13","date_gmt":"2026-03-02T09:14:13","guid":{"rendered":"https:\/\/pipat-antiquites.fr\/objets\/art-nouveau-lamp-base-signed-andre-adelatte-20th-century\/"},"modified":"2026-03-02T11:02:39","modified_gmt":"2026-03-02T10:02:39","slug":"art-nouveau-lamp-base-signed-andre-adelatte-20th-century","status":"publish","type":"product","link":"https:\/\/pipat-antiquites.fr\/en\/objets\/art-nouveau-lamp-base-signed-andre-adelatte-20th-century\/","title":{"rendered":"Art Nouveau Lamp Base Signed Andr\u00e9 Adelatte, 20th Century"},"content":{"rendered":"<div class=\"wpb-content-wrapper\"><p>[vc_row][vc_column column_width_percent=&#8221;100&#8243; gutter_size=&#8221;3&#8243; override_padding=&#8221;yes&#8221; column_padding=&#8221;3&#8243; overlay_alpha=&#8221;50&#8243; shift_x=&#8221;0&#8243; shift_y=&#8221;0&#8243; shift_y_down=&#8221;0&#8243; z_index=&#8221;0&#8243; medium_width=&#8221;0&#8243; mobile_width=&#8221;0&#8243; width=&#8221;1\/1&#8243; uncode_shortcode_id=&#8221;975305&#8243;][vc_custom_heading text_weight=&#8221;300&#8243; uncode_shortcode_id=&#8221;136527&#8243;]<\/p>\n<p class=\"p1\">Art Nouveau Lamp Base Signed Andr\u00e9 Adelatte, 20th Century<\/p>\n<p>[\/vc_custom_heading][vc_column_text uncode_shortcode_id=&#8221;676625&#8243;]<\/p>\n<p class=\"p1\">In an Art Nouveau style reminiscent of Emile Gall\u00e9, this lamp base is signed by another Nancy-based representative of this famous Belle \u00c9poque artistic movement. Andr\u00e9 Adelatte was an industrialist and master glassmaker who founded Verreries de l&#8217;Est SA in 1921. Their workshops produced artistic glassware signed ADelatte Nancy, in the Art Nouveau and Art Deco styles. This lamp, in perfect condition, is sold without a lampshade.  <\/p>\n<ul>\n<li class=\"p1\">Delivery price in France m\u00e9tropolitaine : 15\u20ac<br \/>\nDelivery price in Europe : 35\u20ac<br \/>\nDelivery price worldwide : 55\u20ac<\/li>\n<\/ul>\n<p>[\/vc_column_text][\/vc_column][\/vc_row]<\/p>\n<\/div>","protected":false},"excerpt":{"rendered":"<p style=\"text-align: center;\">Lamp base in perfect condition, sold without lampshade.<\/p>\n<p class=\"p1\" style=\"text-align: center;\">Dimensions without lampshade :<\/p>\n<ul>\n<li class=\"p1\" style=\"text-align: center;\">Height: 20 cm<\/li>\n<li class=\"p1\" style=\"text-align: center;\">Diameter : about 17 cm<\/li>\n<\/ul>\n","protected":false},"featured_media":111380,"template":"","meta":{"_seopress_robots_primary_cat":"none","_seopress_titles_title":"Art Nouveau Lamp Base Signed Andr\u00e9 Adelatte, 20th Century","_seopress_titles_desc":"Lamp base in perfect condition, sold without lampshade.","_seopress_robots_index":"","content-type":""},"product_brand":[],"product_cat":[371,372,377],"product_tag":[],"class_list":{"0":"post-111390","1":"product","2":"type-product","3":"status-publish","4":"has-post-thumbnail","6":"product_cat-lights","7":"product_cat-antique-lights","8":"product_cat-lamps","9":"product_shipping_class-1-fr-15-e-eu-35-e-world-55-e","11":"first","12":"instock","13":"shipping-taxable","14":"purchasable","15":"product-type-simple","16":"add-to-wishlist-after_add_to_cart"},"_links":{"self":[{"href":"https:\/\/pipat-antiquites.fr\/en\/wp-json\/wp\/v2\/product\/111390","targetHints":{"allow":["GET"]}}],"collection":[{"href":"https:\/\/pipat-antiquites.fr\/en\/wp-json\/wp\/v2\/product"}],"about":[{"href":"https:\/\/pipat-antiquites.fr\/en\/wp-json\/wp\/v2\/types\/product"}],"wp:featuredmedia":[{"embeddable":true,"href":"https:\/\/pipat-antiquites.fr\/en\/wp-json\/wp\/v2\/media\/111380"}],"wp:attachment":[{"href":"https:\/\/pipat-antiquites.fr\/en\/wp-json\/wp\/v2\/media?parent=111390"}],"wp:term":[{"taxonomy":"product_brand","embeddable":true,"href":"https:\/\/pipat-antiquites.fr\/en\/wp-json\/wp\/v2\/product_brand?post=111390"},{"taxonomy":"product_cat","embeddable":true,"href":"https:\/\/pipat-antiquites.fr\/en\/wp-json\/wp\/v2\/product_cat?post=111390"},{"taxonomy":"product_tag","embeddable":true,"href":"https:\/\/pipat-antiquites.fr\/en\/wp-json\/wp\/v2\/product_tag?post=111390"}],"curies":[{"name":"wp","href":"https:\/\/api.w.org\/{rel}","templated":true}]}}