{"id":110021,"date":"2025-09-10T14:31:41","date_gmt":"2025-09-10T12:31:41","guid":{"rendered":"https:\/\/pipat-antiquites.fr\/objets\/oil-on-embossed-sheet-metal-j-georges-1903\/"},"modified":"2025-09-10T14:36:02","modified_gmt":"2025-09-10T12:36:02","slug":"oil-on-embossed-sheet-metal-j-georges-1903","status":"publish","type":"product","link":"https:\/\/pipat-antiquites.fr\/en\/objets\/oil-on-embossed-sheet-metal-j-georges-1903\/","title":{"rendered":"Oil on Embossed Sheet Metal, J. Georges, 1903"},"content":{"rendered":"<div class=\"wpb-content-wrapper\"><p>[vc_row][vc_column column_width_percent=&#8221;100&#8243; gutter_size=&#8221;3&#8243; override_padding=&#8221;yes&#8221; column_padding=&#8221;3&#8243; overlay_alpha=&#8221;50&#8243; shift_x=&#8221;0&#8243; shift_y=&#8221;0&#8243; shift_y_down=&#8221;0&#8243; z_index=&#8221;0&#8243; medium_width=&#8221;0&#8243; mobile_width=&#8221;0&#8243; width=&#8221;1\/1&#8243; uncode_shortcode_id=&#8221;276054&#8243;][vc_custom_heading text_weight=&#8221;300&#8243; uncode_shortcode_id=&#8221;169003&#8243;]<\/p>\n<p class=\"p1\">Oil on Embossed Sheet Metal, J. Georges, 1903<\/p>\n<p>[\/vc_custom_heading][vc_column_text uncode_shortcode_id=&#8221;192651&#8243;]<\/p>\n<p class=\"p1\">While the first name behind this signature remains a mystery, the signature is familiar to poster collectors. J. Georges indeed affixed his distinctive mark to a number of advertising posters from Charente, Charente-Maritime, and Gironde between the late 19th and early 20th centuries. <\/p>\n<p class=\"p1\">Undoubtedly, he carefully produced paintings, supported by those dedicated to advertising city exhibitions\u2014such as in Rochefort\u2014or companies\u2014such as the one for Andr\u00e9 Delmouly A\u00een\u00e9 pianos in Bordeaux. An artist of his time, he seems sensitive to the English Aesthetic movement and Art Nouveau, as illustrated by this painting, in perfect condition, painted on sheet metal. <\/p>\n<p class=\"p1\">It depicts the goddess Flora, dressed in antique style, standing out against a forest backdrop lit by a sunset. The classic style and palette are reminiscent of the works of Sir Frederic Leighton. <\/p>\n<ul>\n<li class=\"p1\">Delivery price in France : 115\u20ac.<\/li>\n<li class=\"p1\">Delivery price in Europe : 155\u20ac.<\/li>\n<li class=\"p1\">Delivery price for other destinations: 195\u20ac.<\/li>\n<\/ul>\n<p>&nbsp;<\/p>\n<p>[\/vc_column_text][\/vc_column][\/vc_row]<\/p>\n<\/div>","protected":false},"excerpt":{"rendered":"<p style=\"text-align: center;\">Painting in perfect condition, signed and presented in an Art Nouveau frame.<\/p>\n<p class=\"p1\" style=\"text-align: center;\">Dimensions with frame :<\/p>\n<ul>\n<li class=\"p1\" style=\"text-align: center;\">Height : 108.5 cm<\/li>\n<li class=\"p1\" style=\"text-align: center;\">Width : 77.5 cm<\/li>\n<li class=\"p1\" style=\"text-align: center;\">Depth: 5 cm<\/li>\n<\/ul>\n","protected":false},"featured_media":110016,"template":"","meta":{"_seopress_robots_primary_cat":"","_seopress_titles_title":"Oil on Embossed Sheet Metal, J. Georges, 1903","_seopress_titles_desc":"Painting in perfect condition, signed and presented in an Art Nouveau frame.","_seopress_robots_index":"","content-type":""},"product_brand":[],"product_cat":[349,356,361,343,348],"product_tag":[],"class_list":{"0":"post-110021","1":"product","2":"type-product","3":"status-publish","4":"has-post-thumbnail","6":"product_cat-genre-paintings","7":"product_cat-others","8":"product_cat-portraits-en","9":"product_cat-fine-arts","10":"product_cat-paintings","11":"product_shipping_class-4-fr-115-e-eu-155-e-world-195-e","13":"first","14":"outofstock","15":"shipping-taxable","16":"purchasable","17":"product-type-simple","18":"add-to-wishlist-after_add_to_cart"},"_links":{"self":[{"href":"https:\/\/pipat-antiquites.fr\/en\/wp-json\/wp\/v2\/product\/110021","targetHints":{"allow":["GET"]}}],"collection":[{"href":"https:\/\/pipat-antiquites.fr\/en\/wp-json\/wp\/v2\/product"}],"about":[{"href":"https:\/\/pipat-antiquites.fr\/en\/wp-json\/wp\/v2\/types\/product"}],"wp:featuredmedia":[{"embeddable":true,"href":"https:\/\/pipat-antiquites.fr\/en\/wp-json\/wp\/v2\/media\/110016"}],"wp:attachment":[{"href":"https:\/\/pipat-antiquites.fr\/en\/wp-json\/wp\/v2\/media?parent=110021"}],"wp:term":[{"taxonomy":"product_brand","embeddable":true,"href":"https:\/\/pipat-antiquites.fr\/en\/wp-json\/wp\/v2\/product_brand?post=110021"},{"taxonomy":"product_cat","embeddable":true,"href":"https:\/\/pipat-antiquites.fr\/en\/wp-json\/wp\/v2\/product_cat?post=110021"},{"taxonomy":"product_tag","embeddable":true,"href":"https:\/\/pipat-antiquites.fr\/en\/wp-json\/wp\/v2\/product_tag?post=110021"}],"curies":[{"name":"wp","href":"https:\/\/api.w.org\/{rel}","templated":true}]}}