{"id":109426,"date":"2025-05-19T18:10:25","date_gmt":"2025-05-19T16:10:25","guid":{"rendered":"https:\/\/pipat-antiquites.fr\/objets\/red-marble-cup-gilt-bronze-mount-19th-century\/"},"modified":"2025-06-23T15:00:16","modified_gmt":"2025-06-23T13:00:16","slug":"red-marble-cup-gilt-bronze-mount-19th-century","status":"publish","type":"product","link":"https:\/\/pipat-antiquites.fr\/en\/objets\/red-marble-cup-gilt-bronze-mount-19th-century\/","title":{"rendered":"Red Marble Cup, Gilt Bronze Mount, 19th Century"},"content":{"rendered":"<div class=\"wpb-content-wrapper\"><p>[vc_row][vc_column column_width_percent=&#8221;100&#8243; gutter_size=&#8221;3&#8243; override_padding=&#8221;yes&#8221; column_padding=&#8221;3&#8243; overlay_alpha=&#8221;50&#8243; shift_x=&#8221;0&#8243; shift_y=&#8221;0&#8243; shift_y_down=&#8221;0&#8243; z_index=&#8221;0&#8243; medium_width=&#8221;0&#8243; mobile_width=&#8221;0&#8243; width=&#8221;1\/1&#8243; uncode_shortcode_id=&#8221;133387&#8243;][vc_custom_heading text_weight=&#8221;300&#8243; uncode_shortcode_id=&#8221;627634&#8243;]<\/p>\n<p class=\"p1\">Red Marble Cup, Gilt Bronze Mount, 19th Century<\/p>\n<p>[\/vc_custom_heading][vc_column_text uncode_shortcode_id=&#8221;649776&#8243;]<\/p>\n<p class=\"p1\">This soberly cut and molded crimson marble bowl is set in a chased, gilded bronze frame, with all the codes of the Renaissance style: lion heads and claws, sober scrolls and the allegory of Victory are all references to antiquity, while the plant motifs and florets seem closer to a Renaissance ornamental vocabulary. Clearly, this mounted bowl is in keeping with the historicist style of the second half of the 19th century. Cup and mount are in perfect condition, and the set will elegantly adorn a piece of furniture or a mantel shelf.  <\/p>\n<ul>\n<li class=\"p1\">Delivery price in France : 115\u20ac.<\/li>\n<li class=\"p1\">Delivery price in Europe : 155\u20ac.<\/li>\n<li class=\"p1\">Delivery price for other destinations: 195\u20ac.<\/li>\n<\/ul>\n<p>[\/vc_column_text][\/vc_column][\/vc_row]<\/p>\n<\/div>","protected":false},"excerpt":{"rendered":"<p style=\"text-align: center;\">Decorative art object in perfect condition.<\/p>\n<p class=\"p1\" style=\"text-align: center;\">Dimensions<\/p>\n<ul>\n<li class=\"p1\" style=\"text-align: center;\">Height: 46.1 cm<\/li>\n<li class=\"p1\" style=\"text-align: center;\">Width : 43 cm<\/li>\n<li class=\"p1\" style=\"text-align: center;\">Diameter : 23 cm<\/li>\n<\/ul>\n","protected":false},"featured_media":109399,"template":"","meta":{"_seopress_robots_primary_cat":"none","_seopress_titles_title":"Coupe en marbre rouge, monture en bronze dor\u00e9, XIXe si\u00e8cle","_seopress_titles_desc":"Objet d'art d\u00e9coratif en parfait \u00e9tat.","_seopress_robots_index":"","content-type":""},"product_brand":[],"product_cat":[417,337,338],"product_tag":[],"class_list":{"0":"post-109426","1":"product","2":"type-product","3":"status-publish","4":"has-post-thumbnail","6":"product_cat-cups-and-bowls","7":"product_cat-objects","8":"product_cat-decorative-arts","9":"product_shipping_class-4-fr-115-e-eu-155-e-world-195-e","11":"first","12":"instock","13":"shipping-taxable","14":"purchasable","15":"product-type-simple","16":"add-to-wishlist-after_add_to_cart"},"_links":{"self":[{"href":"https:\/\/pipat-antiquites.fr\/en\/wp-json\/wp\/v2\/product\/109426","targetHints":{"allow":["GET"]}}],"collection":[{"href":"https:\/\/pipat-antiquites.fr\/en\/wp-json\/wp\/v2\/product"}],"about":[{"href":"https:\/\/pipat-antiquites.fr\/en\/wp-json\/wp\/v2\/types\/product"}],"wp:featuredmedia":[{"embeddable":true,"href":"https:\/\/pipat-antiquites.fr\/en\/wp-json\/wp\/v2\/media\/109399"}],"wp:attachment":[{"href":"https:\/\/pipat-antiquites.fr\/en\/wp-json\/wp\/v2\/media?parent=109426"}],"wp:term":[{"taxonomy":"product_brand","embeddable":true,"href":"https:\/\/pipat-antiquites.fr\/en\/wp-json\/wp\/v2\/product_brand?post=109426"},{"taxonomy":"product_cat","embeddable":true,"href":"https:\/\/pipat-antiquites.fr\/en\/wp-json\/wp\/v2\/product_cat?post=109426"},{"taxonomy":"product_tag","embeddable":true,"href":"https:\/\/pipat-antiquites.fr\/en\/wp-json\/wp\/v2\/product_tag?post=109426"}],"curies":[{"name":"wp","href":"https:\/\/api.w.org\/{rel}","templated":true}]}}