{"id":106261,"date":"2024-07-12T09:46:56","date_gmt":"2024-07-12T07:46:56","guid":{"rendered":"https:\/\/pipat-antiquites.fr\/objets\/pair-of-neoclassical-vases-in-bronze-and-gilded-bronze-late-19th-early-20th-century\/"},"modified":"2025-04-15T11:09:21","modified_gmt":"2025-04-15T09:09:21","slug":"pair-of-neoclassical-vases-in-bronze-and-gilded-bronze-late-19th-early-20th-century","status":"publish","type":"product","link":"https:\/\/pipat-antiquites.fr\/en\/objets\/pair-of-neoclassical-vases-in-bronze-and-gilded-bronze-late-19th-early-20th-century\/","title":{"rendered":"Pair of Neoclassical Vases in Bronze and Gilded Bronze, Late 19th\/Early 20th Century"},"content":{"rendered":"<div class=\"wpb-content-wrapper\"><p>[vc_row][vc_column column_width_percent=&#8221;100&#8243; gutter_size=&#8221;3&#8243; override_padding=&#8221;yes&#8221; column_padding=&#8221;3&#8243; overlay_alpha=&#8221;50&#8243; shift_x=&#8221;0&#8243; shift_y=&#8221;0&#8243; shift_y_down=&#8221;0&#8243; z_index=&#8221;0&#8243; medium_width=&#8221;0&#8243; mobile_width=&#8221;0&#8243; width=&#8221;1\/1&#8243; uncode_shortcode_id=&#8221;146082&#8243;][vc_custom_heading text_weight=&#8221;300&#8243; uncode_shortcode_id=&#8221;206814&#8243;]Pair of Neoclassical Vases in Bronze and Gilded Bronze, Late 19th\/Early 20th Century[\/vc_custom_heading][vc_column_text uncode_shortcode_id=&#8221;203593&#8243;]Admirable examples of French neoclassicism, this pair of vases acts almost as a trompe-l&#8217;oeil at the time of its creation. While the fashion is for patinated porcelain, these vases are surprising with their weight because their body is not made of hard paste, but of bronze! Encased in gilded bronze frames with ram&#8217;s heads, the neo-classical taste and the memory of the Louis XVI style certainly continued brilliantly at the turn of the 20th century.<\/p>\n<p>Under the base of each vase, the company brand &#8220;Thi\u00e9baut Fr\u00e8res, Fumi\u00e8re et Gavignot successors&#8221; refers to a Parisian company created in 1898 and active until 1905 before being taken over by Charles Fumi\u00e8re alone under the name &#8221; Thi\u00e9baut Fr\u00e8res (Fumi\u00e8re et Cie successor)\u201d. Our pair of vases is in perfect condition.<\/p>\n<ul>\n<li>Delivery price in France : 75\u20ac.<br \/>\nDelivery price in Europe : 115\u20ac.<br \/>\nDelivery price for other destinations: 175\u20ac.<\/li>\n<\/ul>\n<p>[\/vc_column_text][\/vc_column][\/vc_row]<\/p>\n<\/div>","protected":false},"excerpt":{"rendered":"<p style=\"text-align: center;\">Pair of decorative vases in Louis XVI or Directoire style, in perfect condition.<\/p>\n<p style=\"text-align: center;\">Dimensions:<\/p>\n<ul>\n<li style=\"text-align: center;\">Height : 38.5 cm<br \/>\nWidth : 20 cm<br \/>\nDepth : 15 cm<\/li>\n<\/ul>\n","protected":false},"featured_media":106245,"template":"","meta":{"_seopress_robots_primary_cat":"none","_seopress_titles_title":"Paire de vases n\u00e9oclassiques en bronze et bronze dor\u00e9, fin XIXe \/ d\u00e9but XXe si\u00e8cle","_seopress_titles_desc":"Paire de vases d\u00e9coratifs de style Louis XVI ou Directoire, en parfait \u00e9tat.","_seopress_robots_index":"","content-type":""},"product_brand":[],"product_cat":[337,338,459],"product_tag":[],"class_list":{"0":"post-106261","1":"product","2":"type-product","3":"status-publish","4":"has-post-thumbnail","6":"product_cat-objects","7":"product_cat-decorative-arts","8":"product_cat-vases-en","9":"product_shipping_class-3-fr-75-e-eu-115-e-world-175-e","11":"first","12":"outofstock","13":"shipping-taxable","14":"purchasable","15":"product-type-simple","16":"add-to-wishlist-after_add_to_cart"},"_links":{"self":[{"href":"https:\/\/pipat-antiquites.fr\/en\/wp-json\/wp\/v2\/product\/106261","targetHints":{"allow":["GET"]}}],"collection":[{"href":"https:\/\/pipat-antiquites.fr\/en\/wp-json\/wp\/v2\/product"}],"about":[{"href":"https:\/\/pipat-antiquites.fr\/en\/wp-json\/wp\/v2\/types\/product"}],"wp:featuredmedia":[{"embeddable":true,"href":"https:\/\/pipat-antiquites.fr\/en\/wp-json\/wp\/v2\/media\/106245"}],"wp:attachment":[{"href":"https:\/\/pipat-antiquites.fr\/en\/wp-json\/wp\/v2\/media?parent=106261"}],"wp:term":[{"taxonomy":"product_brand","embeddable":true,"href":"https:\/\/pipat-antiquites.fr\/en\/wp-json\/wp\/v2\/product_brand?post=106261"},{"taxonomy":"product_cat","embeddable":true,"href":"https:\/\/pipat-antiquites.fr\/en\/wp-json\/wp\/v2\/product_cat?post=106261"},{"taxonomy":"product_tag","embeddable":true,"href":"https:\/\/pipat-antiquites.fr\/en\/wp-json\/wp\/v2\/product_tag?post=106261"}],"curies":[{"name":"wp","href":"https:\/\/api.w.org\/{rel}","templated":true}]}}