{"id":105244,"date":"2024-03-25T12:09:38","date_gmt":"2024-03-25T11:09:38","guid":{"rendered":"https:\/\/pipat-antiquites.fr\/objets\/dagger-with-headache-pommel-papua-19th-century\/"},"modified":"2024-03-26T10:24:53","modified_gmt":"2024-03-26T09:24:53","slug":"dagger-with-headache-pommel-papua-19th-century","status":"publish","type":"product","link":"https:\/\/pipat-antiquites.fr\/en\/objets\/dagger-with-headache-pommel-papua-19th-century\/","title":{"rendered":"Glaive Poto or N&#8217;Gombe from the Democratic Republic of Congo, 19th century"},"content":{"rendered":"<div class=\"wpb-content-wrapper\"><p>[vc_row][vc_column column_width_percent=&#8221;100&#8243; gutter_size=&#8221;3&#8243; override_padding=&#8221;yes&#8221; column_padding=&#8221;3&#8243; overlay_alpha=&#8221;50&#8243; shift_x=&#8221;0&#8243; shift_y=&#8221;0&#8243; shift_y_down=&#8221;0&#8243; z_index=&#8221;0&#8243; medium_width=&#8221;0&#8243; mobile_width=&#8221;0&#8243; width=&#8221;1\/1&#8243; uncode_shortcode_id=&#8221;130093&#8243;][vc_custom_heading text_weight=&#8221;300&#8243; uncode_shortcode_id=&#8221;506659&#8243;]Glaive Poto or N&#8217;Gombe from the Democratic Republic of Congo, 19th century[\/vc_custom_heading][vc_column_text uncode_shortcode_id=&#8221;202278&#8243;]Probably a parade weapon, this glaive cast in one piece is decorated with patterns made by engraving short hatchings. The padded leather pommel has old repair stitching with very patinated thread. The whole thing is presented on a custom-made base.<\/p>\n<ul>\n<li>Delivery price in France : 15\u20ac.<br \/>\nDelivery price in Europe : 35\u20ac.<br \/>\nDelivery price for other destinations: 55\u20ac.<\/li>\n<\/ul>\n<p>[\/vc_column_text][\/vc_column][\/vc_row]<\/p>\n<\/div>","protected":false},"excerpt":{"rendered":"<p style=\"text-align: center;\">Parade weapon, primitive arts. Very good condition.<\/p>\n<p style=\"text-align: center;\">Dimensions without base :<\/p>\n<ul style=\"text-align: center;\">\n<li>Height : 61 cm<br \/>\nWidth: 10 cm<br \/>\nDepth: 10 cm<\/li>\n<\/ul>\n<p style=\"text-align: center;\">Dimensions with base :<\/p>\n<ul>\n<li style=\"text-align: center;\">Height : 63 cm<br \/>\nWidth: 15 cm<br \/>\nDepth : 15 cm<\/li>\n<\/ul>\n","protected":false},"featured_media":105225,"template":"","meta":{"_seopress_robots_primary_cat":"none","_seopress_titles_title":"Glaive Poto ou N\\'Gombe provenant de R\u00e9publique D\u00e9mocratique du Congo, XIXe si\u00e8cle","_seopress_titles_desc":"Arme de parade, arts premiers. Tr\u00e8s bon \u00e9tat.","_seopress_robots_index":"","_seopress_analysis_target_kw":"","content-type":""},"product_brand":[],"product_cat":[590,605,337,428,429],"product_tag":[],"class_list":{"0":"post-105244","1":"product","2":"type-product","3":"status-publish","4":"has-post-thumbnail","6":"product_cat-tribal-arts","7":"product_cat-militaria-en","8":"product_cat-objects","9":"product_cat-collectors-items","10":"product_cat-objects-of-curiosity","11":"product_shipping_class-1-fr-15-e-eu-35-e-world-55-e","13":"first","14":"instock","15":"shipping-taxable","16":"purchasable","17":"product-type-simple","18":"add-to-wishlist-after_add_to_cart"},"_links":{"self":[{"href":"https:\/\/pipat-antiquites.fr\/en\/wp-json\/wp\/v2\/product\/105244","targetHints":{"allow":["GET"]}}],"collection":[{"href":"https:\/\/pipat-antiquites.fr\/en\/wp-json\/wp\/v2\/product"}],"about":[{"href":"https:\/\/pipat-antiquites.fr\/en\/wp-json\/wp\/v2\/types\/product"}],"wp:featuredmedia":[{"embeddable":true,"href":"https:\/\/pipat-antiquites.fr\/en\/wp-json\/wp\/v2\/media\/105225"}],"wp:attachment":[{"href":"https:\/\/pipat-antiquites.fr\/en\/wp-json\/wp\/v2\/media?parent=105244"}],"wp:term":[{"taxonomy":"product_brand","embeddable":true,"href":"https:\/\/pipat-antiquites.fr\/en\/wp-json\/wp\/v2\/product_brand?post=105244"},{"taxonomy":"product_cat","embeddable":true,"href":"https:\/\/pipat-antiquites.fr\/en\/wp-json\/wp\/v2\/product_cat?post=105244"},{"taxonomy":"product_tag","embeddable":true,"href":"https:\/\/pipat-antiquites.fr\/en\/wp-json\/wp\/v2\/product_tag?post=105244"}],"curies":[{"name":"wp","href":"https:\/\/api.w.org\/{rel}","templated":true}]}}