{"id":104576,"date":"2024-01-12T18:29:23","date_gmt":"2024-01-12T17:29:23","guid":{"rendered":"https:\/\/pipat-antiquites.fr\/objets\/model-of-a-dutch-boat-19th-century\/"},"modified":"2024-01-30T15:47:16","modified_gmt":"2024-01-30T14:47:16","slug":"model-of-a-dutch-boat-19th-century","status":"publish","type":"product","link":"https:\/\/pipat-antiquites.fr\/en\/objets\/model-of-a-dutch-boat-19th-century\/","title":{"rendered":"Model of a Dutch Boat, 19th Century"},"content":{"rendered":"<div class=\"wpb-content-wrapper\"><p>[vc_row][vc_column column_width_percent=&#8221;100&#8243; gutter_size=&#8221;3&#8243; override_padding=&#8221;yes&#8221; column_padding=&#8221;3&#8243; overlay_alpha=&#8221;50&#8243; shift_x=&#8221;0&#8243; shift_y=&#8221;0&#8243; shift_y_down=&#8221;0&#8243; z_index=&#8221;0&#8243; medium_width=&#8221;0&#8243; mobile_width=&#8221;0&#8243; width=&#8221;1\/1&#8243; uncode_shortcode_id=&#8221;184850&#8243;][vc_custom_heading text_weight=&#8221;300&#8243; uncode_shortcode_id=&#8221;131194&#8243;]Model of a Dutch Boat, 19th Century[\/vc_custom_heading][vc_column_text uncode_shortcode_id=&#8221;373530&#8243;]This impressive model brings to life a flat-bottomed, beachable work boat. This type of boat sailed off the coast of Holland where it originated. Cette imposante maquette est en excellent \u00e9tat et vendue avec sa grande bo\u00eete de transport frapp\u00e9 \u00e0 son nom : Boejer Dolfijn.[\/vc_column_text][\/vc_column][\/vc_row]<\/p>\n<\/div>","protected":false},"excerpt":{"rendered":"<p style=\"text-align: center;\">Large old model boat, in excellent condition.<\/p>\n<p style=\"text-align: center;\">Dimensions:<\/p>\n<ul>\n<li style=\"text-align: center;\">Height : 120 cm<br \/>\nLenght : 128 cm<br \/>\nDepth : 32 cm<\/li>\n<\/ul>\n","protected":false},"featured_media":104563,"template":"","meta":{"_seopress_robots_primary_cat":"none","_seopress_titles_title":"Maquette d\u2019un bateau hollandais, XIXe si\u00e8cle ","_seopress_titles_desc":"Grande maquette de bateau ancienne, en excellent \u00e9tat.","_seopress_robots_index":"","content-type":""},"product_brand":[],"product_cat":[337,428,450],"product_tag":[],"class_list":{"0":"post-104576","1":"product","2":"type-product","3":"status-publish","4":"has-post-thumbnail","6":"product_cat-objects","7":"product_cat-collectors-items","8":"product_cat-marine-objects","10":"first","11":"outofstock","12":"shipping-taxable","13":"purchasable","14":"product-type-simple","15":"add-to-wishlist-after_add_to_cart"},"_links":{"self":[{"href":"https:\/\/pipat-antiquites.fr\/en\/wp-json\/wp\/v2\/product\/104576","targetHints":{"allow":["GET"]}}],"collection":[{"href":"https:\/\/pipat-antiquites.fr\/en\/wp-json\/wp\/v2\/product"}],"about":[{"href":"https:\/\/pipat-antiquites.fr\/en\/wp-json\/wp\/v2\/types\/product"}],"wp:featuredmedia":[{"embeddable":true,"href":"https:\/\/pipat-antiquites.fr\/en\/wp-json\/wp\/v2\/media\/104563"}],"wp:attachment":[{"href":"https:\/\/pipat-antiquites.fr\/en\/wp-json\/wp\/v2\/media?parent=104576"}],"wp:term":[{"taxonomy":"product_brand","embeddable":true,"href":"https:\/\/pipat-antiquites.fr\/en\/wp-json\/wp\/v2\/product_brand?post=104576"},{"taxonomy":"product_cat","embeddable":true,"href":"https:\/\/pipat-antiquites.fr\/en\/wp-json\/wp\/v2\/product_cat?post=104576"},{"taxonomy":"product_tag","embeddable":true,"href":"https:\/\/pipat-antiquites.fr\/en\/wp-json\/wp\/v2\/product_tag?post=104576"}],"curies":[{"name":"wp","href":"https:\/\/api.w.org\/{rel}","templated":true}]}}